{"id":3097,"date":"2025-12-11T15:20:04","date_gmt":"2025-12-11T14:20:04","guid":{"rendered":"https:\/\/www.gruene-mkk.de\/?page_id=3097"},"modified":"2025-12-11T15:27:15","modified_gmt":"2025-12-11T14:27:15","slug":"unsere-kandidierende","status":"publish","type":"page","link":"https:\/\/www.gruene-mkk.de\/uk\/unsere-kandidierende\/","title":{"rendered":"\u041d\u0430\u0448\u0456 \u043a\u0430\u043d\u0434\u0438\u0434\u0430\u0442\u0438."},"content":{"rendered":"<p>\u041c\u0438 \u0445\u043e\u0442\u0456\u043b\u0438 \u0431 \u043f\u043e\u0437\u043d\u0430\u0439\u043e\u043c\u0438\u0442\u0438 \u0432\u0430\u0441 \u0437 \u043d\u0430\u0448\u0438\u043c\u0438 \u0432\u0456\u0434\u0434\u0430\u043d\u0438\u043c\u0438 \u043a\u0430\u043d\u0434\u0438\u0434\u0430\u0442\u0430\u043c\u0438 \u043d\u0430 \u043e\u043a\u0440\u0443\u0436\u043d\u0456 \u0432\u0438\u0431\u043e\u0440\u0438 2026 \u0440\u043e\u043a\u0443! \u0412\u043e\u043d\u0438 \u0432\u0438\u0441\u0442\u0443\u043f\u0430\u044e\u0442\u044c \u0437\u0430 \u0441\u043f\u0456\u0432\u043f\u0440\u0430\u0446\u044e, \u0441\u0442\u0430\u043b\u0438\u0439 \u0440\u043e\u0437\u0432\u0438\u0442\u043e\u043a \u0456 \u0440\u0435\u0430\u043b\u044c\u043d\u0456 \u0437\u043c\u0456\u043d\u0438 \u0432 \u0440\u0430\u0439\u043e\u043d\u0456 \u041c\u0430\u0439\u043d-\u041a\u0456\u043d\u0437\u0456\u0433. \u041a\u043e\u0436\u0435\u043d \u0437 \u043d\u0438\u0445 \u043f\u0440\u0438\u043d\u043e\u0441\u0438\u0442\u044c \u0434\u043e\u0441\u0432\u0456\u0434, \u0456\u0434\u0435\u0457 \u0442\u0430 \u043f\u0440\u0438\u0441\u0442\u0440\u0430\u0441\u0442\u044c  \u2047  \u0456 \u0432\u0441\u0456 \u0432\u043e\u043d\u0438 \u0445\u043e\u0447\u0443\u0442\u044c \u0432\u0456\u0434\u0456\u0433\u0440\u0430\u0432\u0430\u0442\u0438 \u0430\u043a\u0442\u0438\u0432\u043d\u0443 \u0440\u043e\u043b\u044c \u0443 \u0444\u043e\u0440\u043c\u0443\u0432\u0430\u043d\u043d\u0456 \u043a\u043e\u043b\u0430.<\/p>\n\n\n\n<p>\u041c\u0438 \u0437 \u043d\u0435\u0442\u0435\u0440\u043f\u0456\u043d\u043d\u044f\u043c \u0447\u0435\u043a\u0430\u0454\u043c\u043e \u0441\u043f\u0456\u043b\u044c\u043d\u043e\u0457 \u0440\u043e\u0431\u043e\u0442\u0438 \u0437 \u043d\u0430\u0448\u0438\u043c\u0438 \u043a\u0430\u043d\u0434\u0438\u0434\u0430\u0442\u0430\u043c\u0438, \u0449\u043e\u0431 \u0441\u043f\u0440\u0438\u044f\u0442\u0438 \u0441\u0438\u043b\u044c\u043d\u043e\u043c\u0443, \u0441\u043e\u043b\u0456\u0434\u0430\u0440\u043d\u043e\u043c\u0443 \u0442\u0430 \u0435\u043a\u043e\u043b\u043e\u0433\u0456\u0447\u043d\u043e\u043c\u0443 \u0441\u043f\u0456\u0432\u0456\u0441\u043d\u0443\u0432\u0430\u043d\u043d\u044e \u0432 \u043a\u043e\u043b\u0456  \u2047 , \u0442\u043e\u043c\u0443 \u0449\u043e \u0440\u0430\u0437\u043e\u043c \u043c\u0438 \u043c\u043e\u0436\u0435\u043c\u043e \u0446\u0435 \u0437\u0440\u043e\u0431\u0438\u0442\u0438!<\/p>\n\n\n\n<ol class=\"wp-block-list\">\n<li>1. \u041c\u0430\u0445\u0432\u0456\u0448 \u0406\u0444\u0442\u0456\u0445\u0430\u0440, \u041d\u0456\u0434\u0434\u0435\u0440\u0430\u0443<\/li>\n\n\n\n<li>2. \u0424\u0456\u043b\u0456\u043f \u0428\u0438\u043d\u043a\u0435\u043b\u044c \u0437 Bad Orb<\/li>\n\n\n\n<li>3. \u0421\u0430\u043d\u0434\u0440\u0430 \u0413\u0435\u0440\u0431\u0435\u0440\u0442 \u0437 Hammersbach<\/li>\n\n\n\n<li>4. \u0420\u0430\u0439\u043d\u0435\u0440 \u0411\u0443\u0441\u043e\u043d\u0432\u0456\u043b\u043b\u044c, \u043e\u0437\u0435\u0440\u043e \u0415\u0440\u043b\u0435\u043d<\/li>\n\n\n\n<li>5. \u041a\u043e\u0440\u043d\u0435\u043b\u0456\u044f \u0425\u043e\u0444\u0430\u043a\u0435\u0440, \u041b\u0430\u043d\u0433\u0435\u043d\u0441\u0435\u043b\u044c\u0431\u043e\u043b\u0434<\/li>\n\n\n\n<li>6. \u0411\u0435\u0440\u043d\u0434 \u0412\u0454\u0442\u0437\u043e\u0440\u0435\u043a, \u0413\u0435\u043b\u044c\u043d\u0445\u0430\u0443\u0437\u0435\u043d<\/li>\n\n\n\n<li>7. \u041b\u0435\u043d\u0435 \u0414\u0436\u0435\u043a\u0435\u043b\u044c \u0456 \u0414\u0436\u043e\u0441\u0441\u0433\u0440\u0443\u043d\u0434<\/li>\n\n\n\n<li>8. \u0420\u0430\u0439\u043d\u0435\u0440 \u0424\u043e\u0433\u0435\u043b\u044c, \u0448\u0442\u0430\u0442 \u041d\u0456\u0434\u0434\u0435\u0440\u0430\u0443<\/li>\n\n\n\n<li>9. \u0421\u043e\u0444\u0456\u044f \u0421\u043f\u043e\u0442\u0442\u043a\u0435 \u0432 \u0413\u0440\u043e\u0441\u043a\u0440\u043e\u0442\u0446\u0435\u043d\u0431\u0443\u0440\u0437\u0456<\/li>\n\n\n\n<li>10. \u041b\u0443\u043a\u0430\u0441 \u0411\u0430\u0443\u043c\u043b\u044c \u0432 \u0413\u0440\u043e\u0441\u043a\u0440\u043e\u0446\u0435\u043d\u0431\u0443\u0440\u0437\u0456<\/li>\n\n\n\n<li>11. \u041d\u0443\u0440\u0445\u0430\u043d \u0412\u0435\u043d\u0434\u0442, \u0441\u043e\u0440\u043e\u043c'\u044f\u0437\u043b\u0438\u0432\u0438\u0439<\/li>\n\n\n\n<li>12. \u041c\u0430\u0442\u0442\u0456\u0430\u0441 \u041a\u0443\u043f\u043e\u043d\u0456\u0457-\u0411\u0435\u0444\u0444, \u0411\u0440\u0430\u0445\u0442\u0442\u0430\u043b\u044c<\/li>\n\n\n\n<li>13. \u041c\u043e\u043d\u0456\u043a\u0430 \u041a\u044e\u043d-\u0411\u0443\u0441\u043e\u043d\u0432\u0456\u043b\u044c, \u043e\u0437\u0435\u0440\u043e \u0415\u0440\u043b\u0435\u043d<\/li>\n\n\n\n<li>14. \u0412\u043e\u043b\u044c\u0444\u0433\u0430\u043d\u0433 \u0421\u0435\u0439\u0444\u0440\u0456\u0434 \u0456 \u0428\u0435\u043d\u0435\u043a<\/li>\n\n\n\n<li>15. \u0412\u0456\u043e\u043b\u0430 \u0425\u0430\u0441\u0434\u0435\u043d\u0442\u0435\u0443\u0444\u0435\u043b\u044c, \u041d\u0456\u0434\u0434\u0435\u0440\u0430\u0443<\/li>\n\n\n\n<li>16. \u041b\u0443\u043a\u0430\u0441 \u0425\u0430\u043f\u043f\u0435, \u0413\u0435\u043b\u044c\u043d\u0445\u0430\u0443\u0437\u0435\u043d<\/li>\n\n\n\n<li>17. \u0410\u043d\u043d\u0456\u043a\u0430 \u0421\u0442\u0440\u0435\u0439\u0442, \u0413\u0435\u043b\u044c\u043d\u0445\u0430\u0443\u0437\u0435\u043d<\/li>\n\n\n\n<li>18. \u0422\u043e\u043c\u0430\u0441 \u0413\u0430\u0441\u0441\u0435\u043d \u0437 \u0413\u0440\u043e\u0441\u043a\u0440\u043e\u0446\u0435\u043d\u0431\u0443\u0440\u0433\u0430<\/li>\n\n\n\n<li>19. \u041a\u043b\u0430\u0443\u0434\u0456\u044f \u0428\u043c\u0456\u0434\u0442, \u0448\u0442\u0430\u0442 \u0428\u0442\u0430\u0439\u043d\u0430\u0443<\/li>\n\n\n\n<li>20. \u041b\u0435\u043e\u043d\u0456\u0434 \u0428\u043d\u0430\u0439\u0434\u0435\u0440, \u043e\u0437\u0435\u0440\u043e \u0415\u0440\u043b\u0435\u043d<\/li>\n\n\n\n<li>21. \u041a\u0430\u0440\u0456\u043d \u0410\u0440\u043a\u0430\u043d-\u041c\u0430\u0439\u0454\u0440\u0441, \u0420\u043e\u0434\u0435\u043d\u0431\u0430\u0445<\/li>\n\n\n\n<li>22. \u0422\u043e\u043c\u0430\u0441 \u0411\u044e\u0440\u0432\u0435\u043d\u0456\u0445, \u0413\u0435\u043b\u044c\u043d\u0445\u0430\u0443\u0437\u0435\u043d<\/li>\n\n\n\n<li>23. Christine Dr\u00f6\u00dfler-Utecht, \u0420\u043e\u0434\u0435\u043d\u0431\u0430\u0445 (\u041f\u043e\u043a\u0430\u0437\u0430\u0442\u0438 \u043a\u0430\u0440\u0442\u0443)<\/li>\n\n\n\n<li>24. \u0423\u0432\u0435 \u0415\u0431\u0435\u0440\u043b\u044f\u0439\u043d, \u0411\u0440\u0443\u0445\u043a\u0435\u0431\u0435\u043b\u044c<\/li>\n\n\n\n<li>25. \u041a\u043b\u0430\u0443\u0434\u0456\u044f \u0425\u0435\u043d\u043d\u0456\u043d\u0433-\u0415\u0431\u0435\u0440\u043b\u044f\u0439\u043d \u0437 \u0411\u0440\u0443\u0445\u043a\u0435\u0431\u0435\u043b\u044f<\/li>\n\n\n\n<li>26. \u041a\u043b\u0430\u0443\u0441 \u0411\u0435\u0442\u0442\u0445\u0435\u0440, \u0441\u0442\u0440\u0430\u0432\u0430 \u0437 \u0441\u043e\u0447\u0435\u0432\u0438\u0446\u0456<\/li>\n\n\n\n<li>27. \u041a\u0430\u0442\u0430\u0440\u0456\u043d\u0430 \u0413\u0435\u0440\u0456\u043d\u0433, \u0411\u0456\u0431\u0435\u0440\u0433\u0435\u043c\u044e\u043d\u0434<\/li>\n\n\n\n<li>28. \u041c\u0430\u0440\u043a\u0443\u0441 \u0421\u0435\u043a\u0441\u0442\u0440\u043e, \u0411\u0456\u0431\u0435\u0440\u0433\u0435\u043c\u044e\u043d\u0434<\/li>\n\n\n\n<li>29. \u0421\u0435\u043b\u0456\u043d \u0411\u0443\u0441\u043e\u043d\u0432\u0456\u043b\u044c, \u043e\u0437\u0435\u0440\u043e \u0415\u0440\u043b\u0435\u043d<\/li>\n\n\n\n<li>30. \u0423\u043c\u0443\u0442 \u042f\u0434\u0456\u0433\u0430\u0440, \u041d\u0456\u0434\u0435\u0440\u0434\u043e\u0440\u0444\u0435\u043b\u044c\u0434\u0435\u043d<\/li>\n\n\n\n<li>31. \u041a\u0430\u0440\u0456\u043d \u0428\u0435\u0444\u0435\u0440, \u0425\u0430\u043c\u043c\u0435\u0440\u0441\u0431\u0430\u0445<\/li>\n\n\n\n<li>32. \u0414\u0435\u043d\u043d\u0456\u0441 \u041c\u0430\u0442\u0456 \u0437 \u0413\u0435\u043b\u044c\u043d\u0445\u0430\u0443\u0437\u0435\u043d\u0430<\/li>\n\n\n\n<li>33. \u041a\u0430\u0442\u044f \u0425\u0456\u043a\u0441 \u0437 W\u00e4chtersbach<\/li>\n\n\n\n<li>34. \u0421\u0442\u0435\u0444\u0430\u043d \u0425\u0430\u043b\u0443\u043f\u043a\u0430 \u0437 \u0413\u0440\u043e\u0441\u043a\u0440\u043e\u0446\u0435\u043d\u0431\u0443\u0440\u0433\u0430<\/li>\n\n\n\n<li>35. \u0415\u043b\u0456\u0430\u0441 \u0411\u0440\u0435\u0439\u0442\u0435\u043d\u0431\u0435\u0440\u0433\u0435\u0440, Bad Orb<\/li>\n\n\n\n<li>36. \u0424\u0430\u0431\u0456\u0430\u043d \u0428\u0442\u043e\u0440\u043a, \u0412\u0430\u0445\u0442\u0435\u0440\u0441\u0431\u0430\u0445<\/li>\n\n\n\n<li>37. \u0410\u043d\u0442\u044c\u0454 \u0428\u044c\u043e\u043d\u0456 \u0432 \u0425\u0430\u043c\u043c\u0435\u0440\u0441\u0431\u0430\u0445\u0443<\/li>\n\n\n\n<li>38. Beate Boege-Sonnek, Bad Orb<\/li>\n\n\n\n<li>39. \u041e\u043a\u0442\u0430\u0432\u0456\u044f \u0413\u0435\u043d\u0442\u0435\u043c\u0430\u043d\u043d-\u0428\u043c\u0456\u0434\u0442, \u0411\u0440\u0443\u0445\u043a\u0435\u0431\u0435\u043b\u044c<\/li>\n\n\n\n<li>40. \u0419\u043e\u0433\u0430\u043d\u043d\u0435\u0441 \u0420\u0443\u0431\u0430\u0445 \u0432 \u0413\u0440\u043e\u0441\u043a\u0440\u043e\u0442\u0446\u0435\u043d\u0431\u0443\u0440\u0437\u0456<\/li>\n<\/ol>\n\n\n\n<p><\/p>\n\n\n\n<p>&nbsp;<em>(\u0424\u043e\u0442\u043e: \u0437\u043b\u0456\u0432\u0430 \u043d\u0430\u043f\u0440\u0430\u0432\u043e Bernd Wietzorek, Matthias Kuponiyi-B\u00f6ff, Nurhan Wendt, Monika K\u00fchn-Bousonville, Philip Schinkel, Lucas B\u00e4uml, Mahwish Iftikhar, Sophia Spottke, Lene Jeckel, Sandra Gerbert, Reiner Bousonville)&nbsp;<\/em><\/p>","protected":false},"excerpt":{"rendered":"<p>\u041c\u0438 \u0445\u043e\u0442\u0456\u043b\u0438 \u0431 \u043f\u043e\u0437\u043d\u0430\u0439\u043e\u043c\u0438\u0442\u0438 \u0432\u0430\u0441 \u0437 \u043d\u0430\u0448\u0438\u043c\u0438 \u0432\u0456\u0434\u0434\u0430\u043d\u0438\u043c\u0438 \u043a\u0430\u043d\u0434\u0438\u0434\u0430\u0442\u0430\u043c\u0438 \u043d\u0430 \u043e\u043a\u0440\u0443\u0436\u043d\u0456 \u0432\u0438\u0431\u043e\u0440\u0438 2026 \u0440\u043e\u043a\u0443! \u0412\u043e\u043d\u0438 \u0432\u0438\u0441\u0442\u0443\u043f\u0430\u044e\u0442\u044c \u0437\u0430 \u0441\u043f\u0456\u0432\u043f\u0440\u0430\u0446\u044e, \u0441\u0442\u0430\u043b\u0438\u0439 \u0440\u043e\u0437\u0432\u0438\u0442\u043e\u043a \u0456 \u0440\u0435\u0430\u043b\u044c\u043d\u0456 \u0437\u043c\u0456\u043d\u0438 \u0432 \u0440\u0430\u0439\u043e\u043d\u0456 \u041c\u0430\u0439\u043d-\u041a\u0456\u043d\u0437\u0456\u0433. \u041a\u043e\u0436\u0435\u043d \u0437 \u043d\u0438\u0445 \u043f\u0440\u0438\u043d\u043e\u0441\u0438\u0442\u044c \u0434\u043e\u0441\u0432\u0456\u0434, \u0456\u0434\u0435\u0457 \u0442\u0430 [...]<\/p>","protected":false},"author":2,"featured_media":3081,"parent":0,"menu_order":0,"comment_status":"closed","ping_status":"closed","template":"","meta":{"footnotes":""},"class_list":["post-3097","page","type-page","status-publish","has-post-thumbnail","hentry"],"_links":{"self":[{"href":"https:\/\/www.gruene-mkk.de\/uk\/wp-json\/wp\/v2\/pages\/3097","targetHints":{"allow":["GET"]}}],"collection":[{"href":"https:\/\/www.gruene-mkk.de\/uk\/wp-json\/wp\/v2\/pages"}],"about":[{"href":"https:\/\/www.gruene-mkk.de\/uk\/wp-json\/wp\/v2\/types\/page"}],"author":[{"embeddable":true,"href":"https:\/\/www.gruene-mkk.de\/uk\/wp-json\/wp\/v2\/users\/2"}],"replies":[{"embeddable":true,"href":"https:\/\/www.gruene-mkk.de\/uk\/wp-json\/wp\/v2\/comments?post=3097"}],"version-history":[{"count":5,"href":"https:\/\/www.gruene-mkk.de\/uk\/wp-json\/wp\/v2\/pages\/3097\/revisions"}],"predecessor-version":[{"id":3107,"href":"https:\/\/www.gruene-mkk.de\/uk\/wp-json\/wp\/v2\/pages\/3097\/revisions\/3107"}],"wp:featuredmedia":[{"embeddable":true,"href":"https:\/\/www.gruene-mkk.de\/uk\/wp-json\/wp\/v2\/media\/3081"}],"wp:attachment":[{"href":"https:\/\/www.gruene-mkk.de\/uk\/wp-json\/wp\/v2\/media?parent=3097"}],"curies":[{"name":"wp","href":"https:\/\/api.w.org\/{rel}","templated":true}]}}