{"id":3,"date":"2018-09-03T09:05:24","date_gmt":"2018-09-03T07:05:24","guid":{"rendered":"\/?page_id=3"},"modified":"2025-12-04T00:57:27","modified_gmt":"2025-12-03T23:57:27","slug":"datenschutzerklaerung","status":"publish","type":"page","link":"https:\/\/www.gruene-mkk.de\/uk\/datenschutzerklaerung\/","title":{"rendered":"\u041f\u043e\u043b\u0456\u0442\u0438\u043a\u0430 \u043a\u043e\u043d\u0444\u0456\u0434\u0435\u043d\u0446\u0456\u0439\u043d\u043e\u0441\u0442\u0456 \u0442\u0430 \u0432\u0456\u0434\u0431\u0438\u0442\u043e\u043a"},"content":{"rendered":"<p><strong>\u0410\u043b\u044c\u044f\u043d\u0441 90\/\u0417\u0435\u043b\u0435\u043d\u0456 \u041c\u0430\u0439\u043d-\u041a\u0456\u043d\u0437\u0456\u0433<br><\/strong>\u043e\u0444\u0456\u0441<br>\u0432\u0443\u043b\u0438\u0446\u0456 \u041a\u0430\u043b\u044c\u0432\u0456\u043d\u0430 10<br>63450 \u0425\u0430\u043d\u0430\u0443<\/p>\n\n\n\n<p>\u0415\u043b\u0435\u043a\u0442\u0440\u043e\u043d\u043d\u0430 \u043f\u043e\u0448\u0442\u0430:&nbsp;<a href=\"#\" data-unscramble=\"ed.kkm-eneurg@vk\">kv@gruene-mkk.de<\/a><\/p>\n\n\n\n<p>\u041f\u0440\u0435\u0434\u0441\u0442\u0430\u0432\u043b\u0435\u043d\u043e \u0440\u0430\u0439\u043e\u043d\u043d\u043e\u044e \u0440\u0430\u0434\u043e\u044e<\/p>\n\n\n\n<p>\u0410\u043d\u044f \u0426\u0435\u043b\u043b\u0435\u0440, Beate Boege-Sonnek, Philip Schinkel, Steve Euler, Christine Dr\u00f6\u00dfler-Utecht, Matthias Kuponiyi-B\u00f6ff <\/p>\n\n\n\n<p><strong>\u0412\u0456\u0434\u043f\u043e\u0432\u0456\u0434\u0430\u043b\u044c\u043d\u0438\u0439 \u0443 \u0437\u043d\u0430\u0447\u0435\u043d\u043d\u0456 \u00a7 5 \u0417\u0430\u043a\u043e\u043d\u0443 \u043f\u0440\u043e \u0442\u0435\u043b\u0435\u043c\u0435\u0434\u0456\u0430 (TMD):<br><\/strong>Mareike J\u00e4ger &amp; \u041c\u0435\u043b\u0430\u043d\u0456 \u0411\u043e\u0441\u043e\u043b\u0434<br>\u0432\u0443\u043b\u0438\u0446\u0456 \u041a\u0430\u043b\u044c\u0432\u0456\u043d\u0430 10<br>63450 \u0425\u0430\u043d\u0430\u0443<\/p>\n\n\n\n<p><strong>\u0406\u0434\u0435\u043d\u0442\u0438\u0444\u0456\u043a\u0430\u0442\u043e\u0440 \u043f\u043b\u0430\u0442\u043d\u0438\u043a\u0430 \u041f\u0414\u0412:<\/strong>&nbsp;<\/p>\n\n\n\n<p><strong>\u0420\u0435\u0434\u0430\u043a\u0446\u0456\u0439\u043d\u0430 \u043a\u043e\u043b\u0435\u0433\u0456\u044f:<\/strong><br>Mareike J\u00e4ger &amp; \u041c\u0435\u043b\u0430\u043d\u0456 \u0411\u043e\u0441\u043e\u043b\u0434<br>\u0415\u043b\u0435\u043a\u0442\u0440\u043e\u043d\u043d\u0430 \u043f\u043e\u0448\u0442\u0430:&nbsp;<a href=\"#\" data-unscramble=\"ed.kkm-eneurg@vk\">kv@gruene-mkk.de<\/a><\/p>\n\n\n\n<p><\/p>\n\n\n\n<p>\u041c\u0438 \u0437\u043d\u0430\u0454\u043c\u043e, \u0449\u043e \u0432\u0438 \u043d\u0430\u0434\u0430\u0454\u0442\u0435 \u0432\u0435\u043b\u0438\u043a\u0435 \u0437\u043d\u0430\u0447\u0435\u043d\u043d\u044f \u0442\u0435\u043c\u0456 \u0437\u0430\u0445\u0438\u0441\u0442\u0443 \u0434\u0430\u043d\u0438\u0445. \u0422\u043e\u043c\u0443 \u0434\u043b\u044f \u043d\u0430\u0441 \u0432\u0430\u0436\u043b\u0438\u0432\u0438\u0439 \u0437\u0430\u0445\u0438\u0441\u0442 \u0432\u0430\u0448\u0438\u0445 \u043f\u0435\u0440\u0441\u043e\u043d\u0430\u043b\u044c\u043d\u0438\u0445 \u0434\u0430\u043d\u0438\u0445.<\/p>\n\n\n\n<p><b>\u041e\u0441\u043e\u0431\u0438\u0441\u0442\u0456 \u0434\u0430\u043d\u0456 \u0442\u0430 \u043a\u043e\u043d\u0442\u0430\u043a\u0442\u043d\u0430 \u0444\u043e\u0440\u043c\u0430<br>\n<\/b>\u041f\u0435\u0440\u0441\u043e\u043d\u0430\u043b\u044c\u043d\u0456 \u0434\u0430\u043d\u0456, \u044f\u043a\u0456 \u0432\u0438 \u043f\u0435\u0440\u0435\u0434\u0430\u0454\u0442\u0435 \u043d\u0430\u043c \u0432 \u0435\u043b\u0435\u043a\u0442\u0440\u043e\u043d\u043d\u043e\u043c\u0443 \u0432\u0438\u0433\u043b\u044f\u0434\u0456, \u043d\u0430\u043f\u0440\u0438\u043a\u043b\u0430\u0434, \u0432\u0430\u0448\u0435 \u0456\u043c'\u044f, \u043f\u043e\u0448\u0442\u043e\u0432\u0430 \u0430\u0434\u0440\u0435\u0441\u0430, \u0430\u0434\u0440\u0435\u0441\u0430 \u0435\u043b\u0435\u043a\u0442\u0440\u043e\u043d\u043d\u043e\u0457 \u043f\u043e\u0448\u0442\u0438 \u0430\u0431\u043e \u0456\u043d\u0448\u0430 \u043e\u0441\u043e\u0431\u0438\u0441\u0442\u0430 \u0456\u043d\u0444\u043e\u0440\u043c\u0430\u0446\u0456\u044f, \u0431\u0443\u0434\u0443\u0442\u044c \u0432\u0438\u043a\u043e\u0440\u0438\u0441\u0442\u043e\u0432\u0443\u0432\u0430\u0442\u0438\u0441\u044f \u043d\u0430\u043c\u0438 \u0442\u0456\u043b\u044c\u043a\u0438 \u0434\u043b\u044f \u0446\u0456\u043b\u0435\u0439, \u0437\u0430\u0437\u043d\u0430\u0447\u0435\u043d\u0438\u0445 \u0443 \u043a\u043e\u0436\u043d\u043e\u043c\u0443 \u043a\u043e\u043d\u043a\u0440\u0435\u0442\u043d\u043e\u043c\u0443 \u0432\u0438\u043f\u0430\u0434\u043a\u0443, \u043d\u0430\u0434\u0456\u0439\u043d\u043e \u0437\u0431\u0435\u0440\u0456\u0433\u0430\u044e\u0442\u044c\u0441\u044f \u0456 \u043d\u0435 \u043f\u0435\u0440\u0435\u0434\u0430\u044e\u0442\u044c\u0441\u044f \u0442\u0440\u0435\u0442\u0456\u043c \u043e\u0441\u043e\u0431\u0430\u043c. \u041c\u0438 \u043d\u0430\u0434\u0456\u0448\u043b\u0435\u043c\u043e \u0432\u0430\u043c \u0456\u043d\u0444\u043e\u0440\u043c\u0430\u0446\u0456\u044e \u043b\u0438\u0448\u0435 \u0432 \u0442\u043e\u043c\u0443 \u0432\u0438\u043f\u0430\u0434\u043a\u0443, \u044f\u043a\u0449\u043e \u0432\u0438 \u043f\u0456\u0434\u043f\u0438\u0441\u0430\u043b\u0438\u0441\u044f \u043d\u0430 \u0432\u0456\u0434\u043f\u043e\u0432\u0456\u0434\u043d\u0456 \u043f\u043e\u0441\u043b\u0443\u0433\u0438.<\/p>\n\n\n\n<p><b>\u041f\u0440\u0430\u0432\u043e \u043d\u0430 \u0432\u0456\u0434\u043a\u043b\u0438\u043a\u0430\u043d\u043d\u044f<br>\n<\/b>\u0412\u0438 \u043c\u0430\u0454\u0442\u0435 \u043f\u0440\u0430\u0432\u043e \u0432\u0456\u0434\u043a\u043b\u0438\u043a\u0430\u0442\u0438 \u0441\u0432\u043e\u044e \u0437\u0433\u043e\u0434\u0443 \u0432 \u0431\u0443\u0434\u044c-\u044f\u043a\u0438\u0439 \u0447\u0430\u0441. \u0411\u0443\u0434\u044c \u043b\u0430\u0441\u043a\u0430, \u043d\u0430\u0434\u0456\u0448\u043b\u0456\u0442\u044c \u0435\u043b\u0435\u043a\u0442\u0440\u043e\u043d\u043d\u0438\u0439 \u043b\u0438\u0441\u0442 \u043d\u0430 \u0430\u0434\u0440\u0435\u0441\u0443&nbsp;<a class=\"mail\" title=\"\u0412\u0456\u0434\u043a\u0440\u0438\u0432\u0430\u0454 \u0432\u0456\u043a\u043d\u043e \u0434\u043b\u044f \u043d\u0430\u0434\u0441\u0438\u043b\u0430\u043d\u043d\u044f \u0435\u043b\u0435\u043a\u0442\u0440\u043e\u043d\u043d\u043e\u0457 \u043f\u043e\u0448\u0442\u0438\">gcms(at)newthinking.de<\/a>. \u0412\u0430\u0448\u0456 \u0434\u0430\u043d\u0456 \u0431\u0443\u0434\u0443\u0442\u044c \u043d\u0435\u0433\u0430\u0439\u043d\u043e \u0432\u0438\u0434\u0430\u043b\u0435\u043d\u0456.<\/p>\n\n\n\n<p><b>\u041f\u043e\u0441\u0438\u043b\u0430\u043d\u043d\u044f \u043d\u0430 \u0456\u043d\u0448\u0456 \u0432\u0435\u0431-\u0441\u0430\u0439\u0442\u0438<br>\n<\/b>\u041d\u0430 \u043d\u0430\u0448\u0438\u0445 \u0441\u0442\u043e\u0440\u0456\u043d\u043a\u0430\u0445 \u0432\u0438 \u0437\u043d\u0430\u0439\u0434\u0435\u0442\u0435 \u043f\u043e\u0441\u0438\u043b\u0430\u043d\u043d\u044f \u043d\u0430 \u0456\u043d\u0448\u0456 \u0441\u0442\u043e\u0440\u0456\u043d\u043a\u0438 \u0432 \u0406\u043d\u0442\u0435\u0440\u043d\u0435\u0442\u0456. \u0414\u043b\u044f \u0432\u0441\u0456\u0445 \u0446\u0438\u0445 \u043f\u043e\u0441\u0438\u043b\u0430\u043d\u044c \u0456 \u0431\u0430\u043d\u0435\u0440\u0456\u0432 \u043c\u0438 \u043d\u0435 \u043c\u0430\u0454\u043c\u043e \u043d\u0456\u044f\u043a\u043e\u0433\u043e \u0432\u043f\u043b\u0438\u0432\u0443 \u043d\u0430 \u0434\u0438\u0437\u0430\u0439\u043d \u0456 \u0437\u043c\u0456\u0441\u0442 \u043f\u043e\u0432'\u044f\u0437\u0430\u043d\u0438\u0445 \u0441\u0442\u043e\u0440\u0456\u043d\u043e\u043a. \u0422\u043e\u043c\u0443 \u043c\u0438 \u043d\u0435 \u043d\u0435\u0441\u0435\u043c\u043e \u0432\u0456\u0434\u043f\u043e\u0432\u0456\u0434\u0430\u043b\u044c\u043d\u043e\u0441\u0442\u0456 \u0437\u0430 \u0437\u043c\u0456\u0441\u0442, \u0434\u0438\u0437\u0430\u0439\u043d \u0442\u0430 \u043f\u0440\u0430\u0432\u0438\u043b\u0430 \u0437\u0430\u0445\u0438\u0441\u0442\u0443 \u0434\u0430\u043d\u0438\u0445 \u0446\u0438\u0445 \u0441\u0442\u043e\u0440\u0456\u043d\u043e\u043a.<\/p>\n\n\n\n<p><b>\u0412\u0438\u043a\u043e\u0440\u0438\u0441\u0442\u0430\u043d\u043d\u044f \u0444\u0430\u0439\u043b\u0456\u0432 cookie<br>\n<\/b>\u0406\u0441\u043d\u0443\u0454 \u0442\u0435\u0445\u043d\u0456\u043a\u0430 \u043f\u0456\u0434 \u043d\u0430\u0437\u0432\u043e\u044e  \u2047 cookies \u2047 , \u044f\u043a\u0430 \u0434\u043e\u0437\u0432\u043e\u043b\u044f\u0454 \u0430\u0434\u0430\u043f\u0442\u0443\u0432\u0430\u0442\u0438 \u0456\u043d\u0444\u043e\u0440\u043c\u0430\u0446\u0456\u044e \u0437 \u0432\u0435\u0431-\u0441\u0430\u0439\u0442\u0443 \u0434\u043e \u0432\u0430\u0448\u0438\u0445 \u043f\u043e\u0442\u0440\u0435\u0431. \u0424\u0430\u0439\u043b cookie - \u0446\u0435 \u0435\u043b\u0435\u043c\u0435\u043d\u0442 \u0434\u0430\u043d\u0438\u0445, \u044f\u043a\u0438\u0439 \u0432\u0435\u0431-\u0441\u0430\u0439\u0442 \u043c\u043e\u0436\u0435 \u043d\u0430\u0434\u0456\u0441\u043b\u0430\u0442\u0438 \u0443 \u0432\u0430\u0448 \u0431\u0440\u0430\u0443\u0437\u0435\u0440 \u0434\u043b\u044f \u0437\u0431\u0435\u0440\u0456\u0433\u0430\u043d\u043d\u044f \u0443 \u0432\u0430\u0448\u0456\u0439 \u0441\u0438\u0441\u0442\u0435\u043c\u0456.<\/p>\n\n\n\n<p>\u0406\u043d\u043e\u0434\u0456 \u043c\u0438 \u0442\u0430\u043a\u043e\u0436 \u0432\u0438\u043a\u043e\u0440\u0438\u0441\u0442\u043e\u0432\u0443\u0454\u043c\u043e \u0442\u0438\u043c\u0447\u0430\u0441\u043e\u0432\u0456 \u0444\u0430\u0439\u043b\u0438 cookie, \u0449\u043e\u0431 \u043c\u0438 \u043c\u043e\u0433\u043b\u0438 \u0435\u0444\u0435\u043a\u0442\u0438\u0432\u043d\u0456\u0448\u0435 \u043f\u0456\u0434\u0442\u0440\u0438\u043c\u0443\u0432\u0430\u0442\u0438 \u0432\u0430\u0441, \u043a\u043e\u043b\u0438 \u0432\u0438 \u043f\u043e\u0432\u0435\u0440\u043d\u0435\u0442\u0435\u0441\u044f \u043d\u0430 \u0442\u0430\u043a\u0438\u0439 \u0432\u0435\u0431-\u0441\u0430\u0439\u0442. \u041e\u0434\u043d\u0430\u043a \u0443 \u0432\u0430\u0441 \u0454 \u043c\u043e\u0436\u043b\u0438\u0432\u0456\u0441\u0442\u044c \u043d\u0430\u043b\u0430\u0448\u0442\u0443\u0432\u0430\u0442\u0438 \u0441\u0432\u0456\u0439 \u0431\u0440\u0430\u0443\u0437\u0435\u0440 \u0442\u0430\u043a\u0438\u043c \u0447\u0438\u043d\u043e\u043c, \u0449\u043e\u0431 \u0432\u0456\u043d \u043f\u043e\u0432\u0456\u0434\u043e\u043c\u043b\u044f\u0432 \u0432\u0430\u0441, \u043a\u043e\u043b\u0438 \u0432\u0438 \u043e\u0442\u0440\u0438\u043c\u0443\u0454\u0442\u0435 \u0444\u0430\u0439\u043b cookie. \u0422\u043e\u0434\u0456 \u0432\u0438 \u043c\u043e\u0436\u0435\u0442\u0435 \u0432\u0438\u0440\u0456\u0448\u0438\u0442\u0438 \u0434\u043b\u044f \u0441\u0435\u0431\u0435, \u043f\u0440\u0438\u0439\u043c\u0430\u0442\u0438 \u0446\u0435 \u0447\u0438 \u043d\u0456.<\/p>\n\n\n\n<p><i>Firefox (Windows):<\/i>&nbsp;\u2192\u0406\u043d\u0441\u0442\u0440\u0443\u043c\u0435\u043d\u0442\u0438 \u2192\u041d\u0430\u043b\u0430\u0448\u0442\u0443\u0432\u0430\u043d\u043d\u044f \u2192\u041a\u043e\u043d\u0444\u0456\u0434\u0435\u043d\u0446\u0456\u0439\u043d\u0456\u0441\u0442\u044c \u2192\u0421\u0442\u0432\u043e\u0440\u0438\u0442\u0438 \u0456\u0441\u0442\u043e\u0440\u0456\u044e \u043f\u0456\u0441\u043b\u044f \u043d\u0435\u0442\u0438\u043f\u043e\u0432\u0438\u0445 \u043d\u0430\u043b\u0430\u0448\u0442\u0443\u0432\u0430\u043d\u044c<br>\n<i>Firefox (Linux):<\/i>&nbsp;\u2192Edit \u2192Settings \u2192Privacy \u2192Create a history according to user-defined settings<br>\n<i>Internet Explorer:&nbsp;<\/i>\u2192\u0414\u043e\u0434\u0430\u0442\u043a\u043e\u0432\u0456 \u2192\u0412\u043b\u0430\u0441\u0442\u0438\u0432\u043e\u0441\u0442\u0456 \u0406\u043d\u0442\u0435\u0440\u043d\u0435\u0442\u0443 \u2192\u041a\u043e\u043d\u0444\u0456\u0434\u0435\u043d\u0446\u0456\u0439\u043d\u0456\u0441\u0442\u044c \u2192\u0414\u043e\u0434\u0430\u0442\u043a\u043e\u0432\u043e<\/p>\n\n\n\n<p><b>\u00ab \u041f\u0456\u0432\u0456\u043a \u00bb<\/b><b><br>\n<\/b>\u0426\u0435\u0439 \u0432\u0435\u0431-\u0441\u0430\u0439\u0442 \u0432\u0438\u043a\u043e\u0440\u0438\u0441\u0442\u043e\u0432\u0443\u0454 \u0441\u043b\u0443\u0436\u0431\u0443 \u0432\u0435\u0431-\u0430\u043d\u0430\u043b\u0456\u0442\u0438\u043a\u0438 \u0437 \u0432\u0456\u0434\u043a\u0440\u0438\u0442\u0438\u043c \u0432\u0438\u0445\u0456\u0434\u043d\u0438\u043c \u043a\u043e\u0434\u043e\u043c Piwik, \u044f\u043a\u0430 \u0432\u0438\u043a\u043e\u0440\u0438\u0441\u0442\u043e\u0432\u0443\u0454 \u0442\u0430\u043a \u0437\u0432\u0430\u043d\u0456 \u0444\u0430\u0439\u043b\u0438 cookie. \u0406\u043d\u0444\u043e\u0440\u043c\u0430\u0446\u0456\u044f, \u0449\u043e \u0433\u0435\u043d\u0435\u0440\u0443\u0454\u0442\u044c\u0441\u044f \u0444\u0430\u0439\u043b\u043e\u043c cookie \u043f\u0440\u043e \u0432\u0438\u043a\u043e\u0440\u0438\u0441\u0442\u0430\u043d\u043d\u044f \u0432\u0435\u0431-\u0441\u0430\u0439\u0442\u0443, \u0437\u0431\u0435\u0440\u0456\u0433\u0430\u0454\u0442\u044c\u0441\u044f \u043d\u0430 \u043d\u0430\u0448\u043e\u043c\u0443 \u0441\u0435\u0440\u0432\u0435\u0440\u0456. IP-\u0430\u0434\u0440\u0435\u0441\u0430 \u0430\u043d\u043e\u043d\u0456\u043c\u0456\u0437\u0443\u0454\u0442\u044c\u0441\u044f \u043f\u0435\u0440\u0435\u0434 \u0437\u0431\u0435\u0440\u0456\u0433\u0430\u043d\u043d\u044f\u043c.<\/p>\n\n\n\n<p>\u0417\u0431\u0435\u0440\u0456\u0433\u0430\u043d\u043d\u044f \u0444\u0430\u0439\u043b\u0456\u0432 cookie \u043c\u043e\u0436\u0435 \u0431\u0443\u0442\u0438 \u0437\u0430\u0431\u043b\u043e\u043a\u043e\u0432\u0430\u043d\u043e \u0437\u0430 \u0434\u043e\u043f\u043e\u043c\u043e\u0433\u043e\u044e \u043d\u0430\u043b\u0430\u0448\u0442\u0443\u0432\u0430\u043d\u044c \u043f\u0440\u043e\u0433\u0440\u0430\u043c\u043d\u043e\u0433\u043e \u0437\u0430\u0431\u0435\u0437\u043f\u0435\u0447\u0435\u043d\u043d\u044f \u0432\u0430\u0448\u043e\u0433\u043e \u0431\u0440\u0430\u0443\u0437\u0435\u0440\u0430; \u041e\u0434\u043d\u0430\u043a, \u043c\u043e\u0436\u043b\u0438\u0432\u043e, \u0449\u043e \u043d\u0435 \u0432\u0441\u0456 \u0444\u0443\u043d\u043a\u0446\u0456\u0457 \u0446\u044c\u043e\u0433\u043e \u0432\u0435\u0431-\u0441\u0430\u0439\u0442\u0443 \u043c\u043e\u0436\u0443\u0442\u044c \u0431\u0443\u0442\u0438 \u0432\u0438\u043a\u043e\u0440\u0438\u0441\u0442\u0430\u043d\u0456.<\/p>\n\n\n\n<p><b>\u0412\u0438\u043a\u043e\u0440\u0438\u0441\u0442\u0430\u043d\u043d\u044f \u043a\u043d\u043e\u043f\u043e\u043a \u0441\u043e\u0446\u0456\u0430\u043b\u044c\u043d\u0438\u0445 \u043c\u0435\u0440\u0435\u0436 \u0456\u0437 \u0437\u0430\u0445\u0438\u0441\u0442\u043e\u043c \u0434\u0430\u043d\u0438\u0445 (Shariff) \u0434\u043b\u044f Facebook, Twitter, Google+<\/b><br>\n\u041c\u0438 \u0432\u0438\u043a\u043e\u0440\u0438\u0441\u0442\u043e\u0432\u0443\u0454\u043c\u043e \u0442\u0430\u043a \u0437\u0432\u0430\u043d\u0456 \u043a\u043d\u043e\u043f\u043a\u0438 \u0441\u043e\u0446\u0456\u0430\u043b\u044c\u043d\u0438\u0445 \u043c\u0435\u0440\u0435\u0436 \u0434\u043b\u044f \u043e\u0431\u043c\u0456\u043d\u0443 \u043a\u043e\u043d\u0442\u0435\u043d\u0442\u043e\u043c \u0443 Facebook, Twitter \u0442\u0430 Google+. \u0426\u0456 \u043a\u043d\u043e\u043f\u043a\u0438 \u0437'\u044f\u0432\u043b\u044f\u044e\u0442\u044c\u0441\u044f \u043f\u0456\u0434 \u0441\u0442\u0430\u0442\u0442\u044f\u043c\u0438 \u0456 \u043c\u043e\u0436\u0443\u0442\u044c \u0431\u0443\u0442\u0438 \u0432\u0438\u043a\u043e\u0440\u0438\u0441\u0442\u0430\u043d\u0456 \u0434\u043b\u044f \u0440\u0435\u043a\u043e\u043c\u0435\u043d\u0434\u0430\u0446\u0456\u0457 \u043e\u043a\u0440\u0435\u043c\u0438\u0445 \u0441\u0442\u0430\u0442\u0435\u0439 \u0443 \u0441\u043e\u0446\u0456\u0430\u043b\u044c\u043d\u0438\u0445 \u043c\u0435\u0440\u0435\u0436\u0430\u0445.\u00a0\u041a\u043d\u043e\u043f\u043a\u0438 \u0442\u0430\u043a\u043e\u0436 \u0432\u0438\u043a\u043e\u0440\u0438\u0441\u0442\u043e\u0432\u0443\u044e\u0442\u044c\u0441\u044f \u0434\u043b\u044f \u0430\u043a\u0442\u0438\u0432\u0430\u0446\u0456\u0457 \u0432\u0456\u0434\u043e\u0431\u0440\u0430\u0436\u0435\u043d\u043d\u044f \u043a\u0430\u043d\u0430\u043b\u0456\u0432 Facebook \u0456 Twitter \u0456 \u043f\u043e\u0437\u043d\u0430\u0447\u0435\u043d\u0456  \u2047 \u041f\u0456\u0434\u043a\u043b\u044e\u0447\u0438\u0442\u0438\u0441\u044f \u0434\u043e Facebook \u2047  \u0456  \u2047 \u041f\u0456\u0434\u043a\u043b\u044e\u0447\u0438\u0442\u0438\u0441\u044f \u0434\u043e Twitter \u2047 .\u00a0\u042f\u043a \u0442\u0456\u043b\u044c\u043a\u0438 \u0446\u0456 \u043a\u043d\u043e\u043f\u043a\u0438 \u0430\u043a\u0442\u0438\u0432\u043e\u0432\u0430\u043d\u0456, \u0432\u0441\u0442\u0430\u043d\u043e\u0432\u043b\u044e\u0454\u0442\u044c\u0441\u044f \u0437'\u0454\u0434\u043d\u0430\u043d\u043d\u044f \u0437 \u0441\u0435\u0440\u0432\u0435\u0440\u0430\u043c\u0438 Facebook, Twitter \u0430\u0431\u043e Google+ \u0456 \u0434\u0430\u043d\u0456 \u043a\u043e\u0440\u0438\u0441\u0442\u0443\u0432\u0430\u0447\u0430 \u043f\u0435\u0440\u0435\u0434\u0430\u044e\u0442\u044c\u0441\u044f \u043d\u0430 \u0437\u043e\u0432\u043d\u0456\u0448\u043d\u0456 \u0441\u0435\u0440\u0432\u0435\u0440\u0438.<\/p>\n\n\n\n<p>\u0414\u043e\u0434\u0430\u0442\u043a\u043e\u0432\u0430 \u0456\u043d\u0444\u043e\u0440\u043c\u0430\u0446\u0456\u044f \u043f\u0440\u043e&nbsp;<a href=\"http:\/\/www.heise.de\/ct\/artikel\/Shariff-Social-Media-Buttons-mit-Datenschutz-2467514.html\" target=\"_blank\" rel=\"noopener\">\u0406\u043d\u0456\u0446\u0456\u0430\u0442\u0438\u0432\u0430 heise.de \u0434\u043b\u044f \u043c\u0435\u0442\u043e\u0434\u0443 2-\u043a\u043b\u0430\u0446\u0430\u043d\u043d\u044f \u043f\u0456\u0434 \u043d\u0430\u0437\u0432\u043e\u044e  \u2047 Shariff \u2047<\/a><\/p>\n\n\n\n<p><a href=\"http:\/\/www.alles-bleibt-anders.org\/wp-content\/uploads\/2021\/11\/Datenschutzerklaerung_Social-Media.pdf\">\u0422\u0443\u0442<\/a> \u041d\u0430\u0442\u0438\u0441\u043d\u0456\u0442\u044c \u0442\u0443\u0442, \u0449\u043e\u0431 \u043e\u0437\u043d\u0430\u0439\u043e\u043c\u0438\u0442\u0438\u0441\u044f \u0437 \u043f\u043e\u043b\u0456\u0442\u0438\u043a\u043e\u044e \u043a\u043e\u043d\u0444\u0456\u0434\u0435\u043d\u0446\u0456\u0439\u043d\u043e\u0441\u0442\u0456 \u043d\u0430 \u043d\u0430\u0448\u0456\u0439 \u0441\u0442\u043e\u0440\u0456\u043d\u0446\u0456 \u0443 Facebook.<\/p>\n\n\n\n<p><b>\u0406\u043d\u0442\u0435\u0433\u0440\u0430\u0446\u0456\u044f Google Maps<\/b><br>\n\u0426\u0435\u0439 \u0432\u0435\u0431-\u0441\u0430\u0439\u0442 \u0432\u0438\u043a\u043e\u0440\u0438\u0441\u0442\u043e\u0432\u0443\u0454 Google Maps API \u0434\u043b\u044f \u0432\u0456\u0437\u0443\u0430\u043b\u044c\u043d\u043e\u0433\u043e \u0432\u0456\u0434\u043e\u0431\u0440\u0430\u0436\u0435\u043d\u043d\u044f \u0433\u0435\u043e\u0433\u0440\u0430\u0444\u0456\u0447\u043d\u043e\u0457 \u0456\u043d\u0444\u043e\u0440\u043c\u0430\u0446\u0456\u0457.\u00a0Google \u0442\u0430\u043a\u043e\u0436 \u0437\u0431\u0438\u0440\u0430\u0454 \u0434\u0430\u043d\u0456 \u043f\u0440\u043e \u0432\u0456\u0434\u0432\u0456\u0434\u0443\u0432\u0430\u0447\u0456\u0432 \u0432\u0435\u0431-\u0441\u0430\u0439\u0442\u0443, \u044f\u043a\u0456 \u043f\u043e\u0442\u0456\u043c \u043e\u0431\u0440\u043e\u0431\u043b\u044f\u044e\u0442\u044c\u0441\u044f \u0442\u0430 \u0432\u0438\u043a\u043e\u0440\u0438\u0441\u0442\u043e\u0432\u0443\u044e\u0442\u044c\u0441\u044f. \u0414\u043e\u0434\u0430\u0442\u043a\u043e\u0432\u0443 \u0456\u043d\u0444\u043e\u0440\u043c\u0430\u0446\u0456\u044e \u043f\u0440\u043e \u043e\u0431\u0440\u043e\u0431\u043a\u0443 \u0434\u0430\u043d\u0438\u0445 \u043e\u043f\u0438\u0441\u0430\u043d\u043e \u0432 \u041f\u043e\u0432\u0456\u0434\u043e\u043c\u043b\u0435\u043d\u043d\u0456 \u043f\u0440\u043e \u043a\u043e\u043d\u0444\u0456\u0434\u0435\u043d\u0446\u0456\u0439\u043d\u0456\u0441\u0442\u044c Google:&nbsp;<a href=\"https:\/\/www.google.com\/intl\/de\/policies\/privacy\/\" target=\"_blank\" rel=\"noopener\">www.google.com\/intl\/de\/policies\/privacy\/<\/a>.\u00a0\u0423 \u0426\u0435\u043d\u0442\u0440\u0456 \u043a\u043e\u043d\u0444\u0456\u0434\u0435\u043d\u0446\u0456\u0439\u043d\u043e\u0441\u0442\u0456 Google \u043e\u0441\u043e\u0431\u0438\u0441\u0442\u0456 \u043d\u0430\u043b\u0430\u0448\u0442\u0443\u0432\u0430\u043d\u043d\u044f \u043c\u043e\u0436\u043d\u0430 \u0437\u043c\u0456\u043d\u044e\u0432\u0430\u0442\u0438 \u0442\u0430 \u043a\u043e\u0440\u0438\u0433\u0443\u0432\u0430\u0442\u0438.<\/p>\n\n\n\n<p>\u041f\u043e\u0434\u0430\u043b\u044c\u0448\u0456 \u0456\u043d\u0441\u0442\u0440\u0443\u043a\u0446\u0456\u0457 \u0449\u043e\u0434\u043e \u043a\u0435\u0440\u0443\u0432\u0430\u043d\u043d\u044f \u043f\u0435\u0440\u0441\u043e\u043d\u0430\u043b\u044c\u043d\u0438\u043c\u0438 \u0434\u0430\u043d\u0438\u043c\u0438 \u043f\u0456\u0434 \u0447\u0430\u0441 \u0432\u0438\u043a\u043e\u0440\u0438\u0441\u0442\u0430\u043d\u043d\u044f \u043f\u0440\u043e\u0434\u0443\u043a\u0442\u0456\u0432 Google \u043c\u043e\u0436\u043d\u0430 \u0437\u043d\u0430\u0439\u0442\u0438 \u043d\u0430 \u0432\u0435\u0431-\u0441\u0430\u0439\u0442\u0456, \u044f\u043a\u0438\u043c \u043a\u0435\u0440\u0443\u0454 Google&nbsp;<a href=\"http:\/\/www.dataliberation.org\/\" target=\"_blank\" rel=\"noopener\">http:\/\/www.dataliberation.org\/<\/a><\/p>\n\n\n\n<p><b>\u0412\u0431\u0443\u0434\u043e\u0432\u0430\u043d\u0456 \u0432\u0456\u0434\u0435\u043e YouTube<\/b><br>\n\u0426\u0435\u0439 \u0432\u0435\u0431-\u0441\u0430\u0439\u0442 \u0432\u0438\u043a\u043e\u0440\u0438\u0441\u0442\u043e\u0432\u0443\u0454 \u0432\u0431\u0443\u0434\u043e\u0432\u0430\u043d\u0456 \u0432\u0456\u0434\u0435\u043e YouTube.\u00a0\u042f\u043a \u0440\u0435\u0437\u0443\u043b\u044c\u0442\u0430\u0442, \u0444\u0430\u0439\u043b\u0438 cookie \u0432\u0436\u0435 \u0437\u0431\u0435\u0440\u0456\u0433\u0430\u044e\u0442\u044c\u0441\u044f \u0432 \u0441\u0438\u0441\u0442\u0435\u043c\u0456 \u043a\u043e\u0440\u0438\u0441\u0442\u0443\u0432\u0430\u0447\u0456\u0432 \u043f\u0456\u0434 \u0447\u0430\u0441 \u0434\u043e\u0441\u0442\u0443\u043f\u0443 \u0434\u043e \u0432\u0435\u0431-\u0441\u0430\u0439\u0442\u0443.\u00a0\u0429\u043e\u0431 \u0437\u0430\u043f\u043e\u0431\u0456\u0433\u0442\u0438 \u0446\u044c\u043e\u043c\u0443, \u0439\u043e\u0433\u043e \u043f\u043e\u0442\u0440\u0456\u0431\u043d\u043e \u0437\u0430\u0431\u043b\u043e\u043a\u0443\u0432\u0430\u0442\u0438 \u0432 \u043d\u0430\u043b\u0430\u0448\u0442\u0443\u0432\u0430\u043d\u043d\u044f\u0445 \u0431\u0440\u0430\u0443\u0437\u0435\u0440\u0430.<br>\n\u0414\u043e\u0434\u0430\u0442\u043a\u043e\u0432\u0443 \u0456\u043d\u0444\u043e\u0440\u043c\u0430\u0446\u0456\u044e \u043f\u0440\u043e \u043e\u0431\u0440\u043e\u0431\u043a\u0443 \u0434\u0430\u043d\u0438\u0445 \u0442\u0430 \u0456\u043d\u0444\u043e\u0440\u043c\u0430\u0446\u0456\u044e \u043f\u0440\u043e \u0437\u0430\u0445\u0438\u0441\u0442 \u0434\u0430\u043d\u0438\u0445 YouTube (Google) \u043c\u043e\u0436\u043d\u0430 \u0437\u043d\u0430\u0439\u0442\u0438 \u0437\u0430 \u0430\u0434\u0440\u0435\u0441\u043e\u044e&nbsp;<a href=\"http:\/\/www.google.de\/intl\/de\/policies\/privacy\/\" target=\"_blank\" rel=\"noopener\">www.google.de\/intl\/de\/policies\/privacy\/<\/a>.<\/p>\n\n\n\n<p><b>\u0412\u0431\u0443\u0434\u043e\u0432\u0430\u043d\u0456 \u0432\u0456\u0434\u0435\u043e Vimeo<br>\n<\/b>\u0426\u0435\u0439 \u0432\u0435\u0431-\u0441\u0430\u0439\u0442 \u0432\u0438\u043a\u043e\u0440\u0438\u0441\u0442\u043e\u0432\u0443\u0454 \u0456\u043d\u0442\u0435\u0433\u0440\u043e\u0432\u0430\u043d\u0456 \u0432\u0456\u0434\u0435\u043e Vimeo.\u00a0\u042f\u043a \u0440\u0435\u0437\u0443\u043b\u044c\u0442\u0430\u0442, \u0444\u0430\u0439\u043b\u0438 cookie \u0432\u0436\u0435 \u0437\u0431\u0435\u0440\u0456\u0433\u0430\u044e\u0442\u044c\u0441\u044f \u0432 \u0441\u0438\u0441\u0442\u0435\u043c\u0456 \u043a\u043e\u0440\u0438\u0441\u0442\u0443\u0432\u0430\u0447\u0456\u0432 \u043f\u0456\u0434 \u0447\u0430\u0441 \u0432\u0438\u043a\u043b\u0438\u043a\u0443 \u0441\u0442\u043e\u0440\u0456\u043d\u043a\u0438.\u00a0\u0429\u043e\u0431 \u0437\u0430\u043f\u043e\u0431\u0456\u0433\u0442\u0438 \u0446\u044c\u043e\u043c\u0443, \u0439\u043e\u0433\u043e \u043f\u043e\u0442\u0440\u0456\u0431\u043d\u043e \u0437\u0430\u0431\u043b\u043e\u043a\u0443\u0432\u0430\u0442\u0438 \u0432 \u043d\u0430\u043b\u0430\u0448\u0442\u0443\u0432\u0430\u043d\u043d\u044f\u0445 \u0431\u0440\u0430\u0443\u0437\u0435\u0440\u0430.<br>\n\u0414\u043e\u0434\u0430\u0442\u043a\u043e\u0432\u0443 \u0456\u043d\u0444\u043e\u0440\u043c\u0430\u0446\u0456\u044e \u043f\u0440\u043e \u043e\u0431\u0440\u043e\u0431\u043a\u0443 \u0434\u0430\u043d\u0438\u0445 \u0442\u0430 \u0456\u043d\u0444\u043e\u0440\u043c\u0430\u0446\u0456\u044e \u043f\u0440\u043e \u0437\u0430\u0445\u0438\u0441\u0442 \u0434\u0430\u043d\u0438\u0445 Vimeo \u043c\u043e\u0436\u043d\u0430 \u0437\u043d\u0430\u0439\u0442\u0438 \u0437\u0430 \u0430\u0434\u0440\u0435\u0441\u043e\u044e&nbsp;<a href=\"https:\/\/vimeo.com\/privacy\" target=\"_blank\" rel=\"noopener\">https:\/\/vimeo.com\/privacy<\/a>.<\/p>","protected":false},"excerpt":{"rendered":"<p>B\u00dcNDNIS 90\/DIE GR\u00dcNEN Main-KinzigCalvinstra\u00dfe 1063450 Hanau \u0415\u043b\u0435\u043a\u0442\u0440\u043e\u043d\u043d\u0430 \u043f\u043e\u0448\u0442\u0430:\u00a0kv@gruene-mkk.de \u041f\u0440\u0435\u0434\u0441\u0442\u0430\u0432\u043b\u0435\u043d\u0438\u0439 \u0432\u0438\u043a\u043e\u043d\u0430\u0432\u0447\u043e\u044e \u0440\u0430\u0434\u043e\u044e \u0440\u0430\u0439\u043e\u043d\u0443 \u0410\u043d\u044f \u0426\u0435\u043b\u043b\u0435\u0440, Beate Boege-Sonnek, Philip Schinkel, Steve Euler, Christine Dr\u00f6\u00dfler-Utecht, Matthias Kuponiyi-B\u00f6ff \u0412\u0456\u0434\u043f\u043e\u0432\u0456\u0434\u0430\u043b\u044c\u043d\u0438\u0439 \u0443 \u0437\u043d\u0430\u0447\u0435\u043d\u043d\u0456 \u00a7 5 Telemediengesetz (TMD):Mareike [...]<\/p>","protected":false},"author":1,"featured_media":0,"parent":0,"menu_order":0,"comment_status":"closed","ping_status":"open","template":"","meta":{"footnotes":""},"class_list":["post-3","page","type-page","status-publish","hentry"],"_links":{"self":[{"href":"https:\/\/www.gruene-mkk.de\/uk\/wp-json\/wp\/v2\/pages\/3","targetHints":{"allow":["GET"]}}],"collection":[{"href":"https:\/\/www.gruene-mkk.de\/uk\/wp-json\/wp\/v2\/pages"}],"about":[{"href":"https:\/\/www.gruene-mkk.de\/uk\/wp-json\/wp\/v2\/types\/page"}],"author":[{"embeddable":true,"href":"https:\/\/www.gruene-mkk.de\/uk\/wp-json\/wp\/v2\/users\/1"}],"replies":[{"embeddable":true,"href":"https:\/\/www.gruene-mkk.de\/uk\/wp-json\/wp\/v2\/comments?post=3"}],"version-history":[{"count":8,"href":"https:\/\/www.gruene-mkk.de\/uk\/wp-json\/wp\/v2\/pages\/3\/revisions"}],"predecessor-version":[{"id":3041,"href":"https:\/\/www.gruene-mkk.de\/uk\/wp-json\/wp\/v2\/pages\/3\/revisions\/3041"}],"wp:attachment":[{"href":"https:\/\/www.gruene-mkk.de\/uk\/wp-json\/wp\/v2\/media?parent=3"}],"curies":[{"name":"wp","href":"https:\/\/api.w.org\/{rel}","templated":true}]}}