{"id":21,"date":"2021-11-09T12:34:02","date_gmt":"2021-11-09T11:34:02","guid":{"rendered":"https:\/\/www.alles-bleibt-anders.org\/?page_id=21"},"modified":"2025-12-23T10:25:10","modified_gmt":"2025-12-23T09:25:10","slug":"kreisvorstand","status":"publish","type":"page","link":"https:\/\/www.gruene-mkk.de\/uk\/partei\/kreisvorstand\/","title":{"rendered":"\u0420\u0430\u0439\u043e\u043d\u043d\u0430 \u0440\u0430\u0434\u0430 \u0434\u0438\u0440\u0435\u043a\u0442\u043e\u0440\u0456\u0432"},"content":{"rendered":"<h2 class=\"wp-block-heading\">\u041d\u0430\u0448\u0430 \u0440\u0430\u0439\u043e\u043d\u043d\u0430 \u0440\u0430\u0434\u0430<\/h2>\n\n\n\n<div class=\"wp-block-columns is-layout-flex wp-container-core-columns-is-layout-9d6595d7 wp-block-columns-is-layout-flex\">\n<div class=\"wp-block-column mb-md-4 is-layout-flow wp-block-column-is-layout-flow\">\n<div class=\"wp-block-columns is-layout-flex wp-container-core-columns-is-layout-9d6595d7 wp-block-columns-is-layout-flex\">\n<div class=\"wp-block-column is-layout-flow wp-block-column-is-layout-flow\">\n<div class=\"wp-block-media-text alignwide is-stacked-on-mobile person has-shadow\"><figure class=\"wp-block-media-text__media\"><img loading=\"lazy\" decoding=\"async\" width=\"800\" height=\"738\" src=\"https:\/\/www.gruene-mkk.de\/wp-content\/uploads\/2025\/08\/Text-auf-Bild-1-e1754409390553-800x738.png\" alt=\"\" class=\"wp-image-2863 size-full\" srcset=\"https:\/\/www.gruene-mkk.de\/wp-content\/uploads\/2025\/08\/Text-auf-Bild-1-e1754409390553-800x738.png 800w, https:\/\/www.gruene-mkk.de\/wp-content\/uploads\/2025\/08\/Text-auf-Bild-1-e1754409390553-400x369.png 400w, https:\/\/www.gruene-mkk.de\/wp-content\/uploads\/2025\/08\/Text-auf-Bild-1-e1754409390553-768x709.png 768w, https:\/\/www.gruene-mkk.de\/wp-content\/uploads\/2025\/08\/Text-auf-Bild-1-e1754409390553.png 997w\" sizes=\"auto, (max-width: 800px) 100vw, 800px\" \/><\/figure><div class=\"wp-block-media-text__content\">\n<p class=\"person-name has-large-font-size\"><strong>\u0410\u043d\u044f \u0426\u0435\u043b\u043b\u0435\u0440 (Anja Zeller)<\/strong><\/p>\n\n\n\n<p class=\"person-description\">\u0421\u043f\u0456\u0432\u0440\u043e\u0437\u043c\u043e\u0432\u043d\u0438\u043a<\/p>\n\n\n\n<p class=\"person-mail no-link\"><a href=\"#\" data-unscramble=\"ed.emanhcan.emanrov@liam\">anja.zeller@gruene-mkk.de<\/a><\/p>\n\n\n\n<p><\/p>\n<\/div><\/div>\n<\/div>\n\n\n\n<div class=\"wp-block-column is-layout-flow wp-block-column-is-layout-flow\">\n<div class=\"wp-block-media-text alignwide is-stacked-on-mobile person has-shadow\"><figure class=\"wp-block-media-text__media\"><img loading=\"lazy\" decoding=\"async\" width=\"800\" height=\"738\" src=\"https:\/\/www.gruene-mkk.de\/wp-content\/uploads\/2025\/08\/Text-auf-Bild-1-e1754409390553-800x738.png\" alt=\"\" class=\"wp-image-2863 size-full\" srcset=\"https:\/\/www.gruene-mkk.de\/wp-content\/uploads\/2025\/08\/Text-auf-Bild-1-e1754409390553-800x738.png 800w, https:\/\/www.gruene-mkk.de\/wp-content\/uploads\/2025\/08\/Text-auf-Bild-1-e1754409390553-400x369.png 400w, https:\/\/www.gruene-mkk.de\/wp-content\/uploads\/2025\/08\/Text-auf-Bild-1-e1754409390553-768x709.png 768w, https:\/\/www.gruene-mkk.de\/wp-content\/uploads\/2025\/08\/Text-auf-Bild-1-e1754409390553.png 997w\" sizes=\"auto, (max-width: 800px) 100vw, 800px\" \/><\/figure><div class=\"wp-block-media-text__content\">\n<p class=\"h4 has-large-font-size\"><strong>\u0424\u0456\u043b\u0456\u043f \u0428\u0438\u043d\u043a\u0435\u043b\u044c (Philip Schinkel)<\/strong><\/p>\n\n\n\n<p>\u0421\u043f\u0456\u0432\u0440\u043e\u0437\u043c\u043e\u0432\u043d\u0438\u043a<\/p>\n\n\n\n<p class=\"no-link\"><a href=\"#\" data-unscramble=\"ed.leknihcspilihp@ollah\">hallo@philipschinkel.de<\/a><\/p>\n<\/div><\/div>\n\n\n\n<p><\/p>\n<\/div>\n\n\n\n<div class=\"wp-block-column is-layout-flow wp-block-column-is-layout-flow\">\n<div class=\"wp-block-media-text alignwide is-stacked-on-mobile person has-shadow\"><figure class=\"wp-block-media-text__media\"><img loading=\"lazy\" decoding=\"async\" width=\"800\" height=\"738\" src=\"https:\/\/www.gruene-mkk.de\/wp-content\/uploads\/2025\/08\/Text-auf-Bild-1-e1754409390553-800x738.png\" alt=\"\" class=\"wp-image-2863 size-full\" srcset=\"https:\/\/www.gruene-mkk.de\/wp-content\/uploads\/2025\/08\/Text-auf-Bild-1-e1754409390553-800x738.png 800w, https:\/\/www.gruene-mkk.de\/wp-content\/uploads\/2025\/08\/Text-auf-Bild-1-e1754409390553-400x369.png 400w, https:\/\/www.gruene-mkk.de\/wp-content\/uploads\/2025\/08\/Text-auf-Bild-1-e1754409390553-768x709.png 768w, https:\/\/www.gruene-mkk.de\/wp-content\/uploads\/2025\/08\/Text-auf-Bild-1-e1754409390553.png 997w\" sizes=\"auto, (max-width: 800px) 100vw, 800px\" \/><\/figure><div class=\"wp-block-media-text__content\">\n<p class=\"h4 has-large-font-size\"><strong>Beate Boege-Sonnek<\/strong><\/p>\n\n\n\n<p>\u0420\u0430\u0439\u043e\u043d\u043d\u0438\u0439 \u0441\u043a\u0430\u0440\u0431\u043d\u0438\u043a<\/p>\n\n\n\n<p><\/p>\n<\/div><\/div>\n\n\n\n<p><\/p>\n<\/div>\n<\/div>\n<\/div>\n<\/div>\n\n\n\n<div class=\"wp-block-columns is-layout-flex wp-container-core-columns-is-layout-9d6595d7 wp-block-columns-is-layout-flex\">\n<div class=\"wp-block-column mb-md-4 is-layout-flow wp-block-column-is-layout-flow\">\n<div class=\"wp-block-columns is-layout-flex wp-container-core-columns-is-layout-9d6595d7 wp-block-columns-is-layout-flex\">\n<div class=\"wp-block-column is-layout-flow wp-block-column-is-layout-flow\">\n<div class=\"wp-block-media-text alignwide is-stacked-on-mobile person has-shadow\"><figure class=\"wp-block-media-text__media\"><img loading=\"lazy\" decoding=\"async\" width=\"800\" height=\"738\" src=\"https:\/\/www.gruene-mkk.de\/wp-content\/uploads\/2025\/08\/Text-auf-Bild-1-e1754409390553-800x738.png\" alt=\"\" class=\"wp-image-2863 size-full\" srcset=\"https:\/\/www.gruene-mkk.de\/wp-content\/uploads\/2025\/08\/Text-auf-Bild-1-e1754409390553-800x738.png 800w, https:\/\/www.gruene-mkk.de\/wp-content\/uploads\/2025\/08\/Text-auf-Bild-1-e1754409390553-400x369.png 400w, https:\/\/www.gruene-mkk.de\/wp-content\/uploads\/2025\/08\/Text-auf-Bild-1-e1754409390553-768x709.png 768w, https:\/\/www.gruene-mkk.de\/wp-content\/uploads\/2025\/08\/Text-auf-Bild-1-e1754409390553.png 997w\" sizes=\"auto, (max-width: 800px) 100vw, 800px\" \/><\/figure><div class=\"wp-block-media-text__content\">\n<p class=\"person-name has-large-font-size\">\u0421\u0442\u0456\u0432 \u0415\u0439\u043b\u0435\u0440: \u0431\u0456\u043e\u0433\u0440\u0430\u0444\u0456\u044f<\/p>\n\n\n\n<p class=\"person-description\">\u043a\u043e-\u043c\u0456\u0441\u0446\u0435<\/p>\n\n\n\n<p class=\"person-mail no-link\"><\/p>\n<\/div><\/div>\n<\/div>\n\n\n\n<div class=\"wp-block-column is-layout-flow wp-block-column-is-layout-flow\">\n\n\n<p><\/p>\n<\/div>\n\n\n\n<div class=\"wp-block-column is-layout-flow wp-block-column-is-layout-flow\">\n<div class=\"wp-block-media-text alignwide is-stacked-on-mobile person has-shadow\"><figure class=\"wp-block-media-text__media\"><img loading=\"lazy\" decoding=\"async\" width=\"800\" height=\"738\" src=\"https:\/\/www.gruene-mkk.de\/wp-content\/uploads\/2025\/08\/Text-auf-Bild-1-e1754409390553-800x738.png\" alt=\"\" class=\"wp-image-2863 size-full\" srcset=\"https:\/\/www.gruene-mkk.de\/wp-content\/uploads\/2025\/08\/Text-auf-Bild-1-e1754409390553-800x738.png 800w, https:\/\/www.gruene-mkk.de\/wp-content\/uploads\/2025\/08\/Text-auf-Bild-1-e1754409390553-400x369.png 400w, https:\/\/www.gruene-mkk.de\/wp-content\/uploads\/2025\/08\/Text-auf-Bild-1-e1754409390553-768x709.png 768w, https:\/\/www.gruene-mkk.de\/wp-content\/uploads\/2025\/08\/Text-auf-Bild-1-e1754409390553.png 997w\" sizes=\"auto, (max-width: 800px) 100vw, 800px\" \/><\/figure><div class=\"wp-block-media-text__content\">\n<p class=\"h4 has-large-font-size\"><strong><strong>\u041a\u0440\u0456\u0441\u0442\u0456\u043d \u0414\u0440\u044c\u043e\u0441\u043b\u0435\u0440-\u0423\u0442\u0435\u0445\u0442<\/strong><\/strong><\/p>\n\n\n\n<p>\u043e\u0446\u0456\u043d\u044e\u0432\u0430\u0447<\/p>\n\n\n\n<p><\/p>\n<\/div><\/div>\n\n\n\n<p><\/p>\n<\/div>\n<\/div>\n<\/div>\n<\/div>\n\n\n\n<div class=\"wp-block-columns is-layout-flex wp-container-core-columns-is-layout-9d6595d7 wp-block-columns-is-layout-flex\">\n<div class=\"wp-block-column mb-md-4 is-layout-flow wp-block-column-is-layout-flow\">\n<div class=\"wp-block-columns is-layout-flex wp-container-core-columns-is-layout-9d6595d7 wp-block-columns-is-layout-flex\">\n<div class=\"wp-block-column is-layout-flow wp-block-column-is-layout-flow\">\n<div class=\"wp-block-media-text alignwide is-stacked-on-mobile person has-shadow\"><figure class=\"wp-block-media-text__media\"><img loading=\"lazy\" decoding=\"async\" width=\"800\" height=\"738\" src=\"https:\/\/www.gruene-mkk.de\/wp-content\/uploads\/2025\/08\/Text-auf-Bild-1-e1754409390553-800x738.png\" alt=\"\" class=\"wp-image-2863 size-full\" srcset=\"https:\/\/www.gruene-mkk.de\/wp-content\/uploads\/2025\/08\/Text-auf-Bild-1-e1754409390553-800x738.png 800w, https:\/\/www.gruene-mkk.de\/wp-content\/uploads\/2025\/08\/Text-auf-Bild-1-e1754409390553-400x369.png 400w, https:\/\/www.gruene-mkk.de\/wp-content\/uploads\/2025\/08\/Text-auf-Bild-1-e1754409390553-768x709.png 768w, https:\/\/www.gruene-mkk.de\/wp-content\/uploads\/2025\/08\/Text-auf-Bild-1-e1754409390553.png 997w\" sizes=\"auto, (max-width: 800px) 100vw, 800px\" \/><\/figure><div class=\"wp-block-media-text__content\">\n<p class=\"person-name has-large-font-size\">Luise \u043c\u0435\u0440\u0435\u0436\u0438\u0432\u043e \u0434\u043e\u0433\u043e\u0440\u0438<\/p>\n\n\n\n<p>\u0421\u043f\u0456\u0432\u0440\u043e\u0437\u043c\u043e\u0432\u043d\u0438\u043a<\/p>\n\n\n\n<p class=\"person-description\">\u0417\u0435\u043b\u0435\u043d\u0430 \u043c\u043e\u043b\u043e\u0434\u044c Main-Kinzig<\/p>\n\n\n\n<p class=\"person-mail no-link\"><a href=\"#\" data-unscramble=\"ed.kkm-eneurg@rereunhcs.esiul\">luise.schnuerer@gruene-mkk.de<\/a><\/p>\n<\/div><\/div>\n<\/div>\n\n\n\n<div class=\"wp-block-column is-layout-flow wp-block-column-is-layout-flow\">\n<div class=\"wp-block-media-text alignwide is-stacked-on-mobile person has-shadow\"><figure class=\"wp-block-media-text__media\"><img loading=\"lazy\" decoding=\"async\" width=\"800\" height=\"738\" src=\"https:\/\/www.gruene-mkk.de\/wp-content\/uploads\/2025\/08\/Text-auf-Bild-1-e1754409390553-800x738.png\" alt=\"\" class=\"wp-image-2863 size-full\" srcset=\"https:\/\/www.gruene-mkk.de\/wp-content\/uploads\/2025\/08\/Text-auf-Bild-1-e1754409390553-800x738.png 800w, https:\/\/www.gruene-mkk.de\/wp-content\/uploads\/2025\/08\/Text-auf-Bild-1-e1754409390553-400x369.png 400w, https:\/\/www.gruene-mkk.de\/wp-content\/uploads\/2025\/08\/Text-auf-Bild-1-e1754409390553-768x709.png 768w, https:\/\/www.gruene-mkk.de\/wp-content\/uploads\/2025\/08\/Text-auf-Bild-1-e1754409390553.png 997w\" sizes=\"auto, (max-width: 800px) 100vw, 800px\" \/><\/figure><div class=\"wp-block-media-text__content\">\n<p class=\"h4 has-large-font-size\"><strong>\u041b\u0435\u043d\u043d\u0430\u0440\u0442 \u0425\u0435\u0440\u0456\u043d\u0433 (Lennart H\u00e4ring)<\/strong><\/p>\n\n\n\n<p>\u0421\u043f\u0456\u0432\u0440\u043e\u0437\u043c\u043e\u0432\u043d\u0438\u043a<\/p>\n\n\n\n<p>\u0417\u0435\u043b\u0435\u043d\u0430 \u043c\u043e\u043b\u043e\u0434\u044c Main-Kinzig<\/p>\n\n\n\n<p class=\"no-link\"><a href=\"#\" data-unscramble=\"ed.kkm-eneurg@gnireah.trannel\">lennart.haering@gruene-mkk.de<\/a><\/p>\n<\/div><\/div>\n\n\n\n<p><\/p>\n<\/div>\n\n\n\n<div class=\"wp-block-column is-layout-flow wp-block-column-is-layout-flow\">\n<div class=\"wp-block-media-text alignwide is-stacked-on-mobile person has-shadow\"><figure class=\"wp-block-media-text__media\"><img loading=\"lazy\" decoding=\"async\" width=\"800\" height=\"738\" src=\"https:\/\/www.gruene-mkk.de\/wp-content\/uploads\/2025\/08\/Text-auf-Bild-1-e1754409390553-800x738.png\" alt=\"\" class=\"wp-image-2863 size-full\" srcset=\"https:\/\/www.gruene-mkk.de\/wp-content\/uploads\/2025\/08\/Text-auf-Bild-1-e1754409390553-800x738.png 800w, https:\/\/www.gruene-mkk.de\/wp-content\/uploads\/2025\/08\/Text-auf-Bild-1-e1754409390553-400x369.png 400w, https:\/\/www.gruene-mkk.de\/wp-content\/uploads\/2025\/08\/Text-auf-Bild-1-e1754409390553-768x709.png 768w, https:\/\/www.gruene-mkk.de\/wp-content\/uploads\/2025\/08\/Text-auf-Bild-1-e1754409390553.png 997w\" sizes=\"auto, (max-width: 800px) 100vw, 800px\" \/><\/figure><div class=\"wp-block-media-text__content\">\n<p class=\"h4 has-large-font-size\"><strong>\u041c\u0430\u0445\u0432\u0456\u0448 \u0406\u0444\u0442\u0438\u0445\u0430 (\u0430\u043d\u0433\u043b.<\/strong>\u0433)<\/p>\n\n\n\n<p>\u0413\u043e\u043b\u043e\u0432\u0430 \u043f\u043e\u043b\u0456\u0442\u0438\u0447\u043d\u043e\u0457 \u0433\u0440\u0443\u043f\u0438<\/p>\n\n\n\n<p class=\"no-link\"><a href=\"\/uk\/fraktion@gruene-mkk.de\/\">fraktion@gruene-mkk.de<\/a><\/p>\n<\/div><\/div>\n\n\n\n<p><\/p>\n<\/div>\n<\/div>\n<\/div>\n<\/div>","protected":false},"excerpt":{"rendered":"<p>\u041d\u0430\u0448\u0430 \u0440\u0430\u0439\u043e\u043d\u043d\u0430 \u0440\u0430\u0434\u0430 Anja Zeller Co-Speaker anja.zeller@gruene-mkk.de Philip Schinkel Co-Speaker hello@philipschinkel.de Beate Boege-Sonnek District Treasurer Steve Euler Co-Chairman Matthias Kuponiyi-B\u00f6ff Co-Chairwoman Christine Dr\u00f6\u00dfler-Utecht Co-Chairwoman Luise Schn\u00fcrer Co-Speaker Green Youth Main-Kinzig luise.schnuererer@gruene-mk.de Lennart [...]<\/p>","protected":false},"author":2,"featured_media":0,"parent":18,"menu_order":0,"comment_status":"closed","ping_status":"closed","template":"","meta":{"footnotes":""},"class_list":["post-21","page","type-page","status-publish","hentry"],"_links":{"self":[{"href":"https:\/\/www.gruene-mkk.de\/uk\/wp-json\/wp\/v2\/pages\/21","targetHints":{"allow":["GET"]}}],"collection":[{"href":"https:\/\/www.gruene-mkk.de\/uk\/wp-json\/wp\/v2\/pages"}],"about":[{"href":"https:\/\/www.gruene-mkk.de\/uk\/wp-json\/wp\/v2\/types\/page"}],"author":[{"embeddable":true,"href":"https:\/\/www.gruene-mkk.de\/uk\/wp-json\/wp\/v2\/users\/2"}],"replies":[{"embeddable":true,"href":"https:\/\/www.gruene-mkk.de\/uk\/wp-json\/wp\/v2\/comments?post=21"}],"version-history":[{"count":40,"href":"https:\/\/www.gruene-mkk.de\/uk\/wp-json\/wp\/v2\/pages\/21\/revisions"}],"predecessor-version":[{"id":3145,"href":"https:\/\/www.gruene-mkk.de\/uk\/wp-json\/wp\/v2\/pages\/21\/revisions\/3145"}],"up":[{"embeddable":true,"href":"https:\/\/www.gruene-mkk.de\/uk\/wp-json\/wp\/v2\/pages\/18"}],"wp:attachment":[{"href":"https:\/\/www.gruene-mkk.de\/uk\/wp-json\/wp\/v2\/media?parent=21"}],"curies":[{"name":"wp","href":"https:\/\/api.w.org\/{rel}","templated":true}]}}