{"id":3097,"date":"2025-12-11T15:20:04","date_gmt":"2025-12-11T14:20:04","guid":{"rendered":"https:\/\/www.gruene-mkk.de\/?page_id=3097"},"modified":"2025-12-11T15:27:15","modified_gmt":"2025-12-11T14:27:15","slug":"unsere-kandidierende","status":"publish","type":"page","link":"https:\/\/www.gruene-mkk.de\/tr\/unsere-kandidierende\/","title":{"rendered":"Bizim adaylar\u0131m\u0131z."},"content":{"rendered":"<p>Sizi 2026 b\u00f6lge se\u00e7imleri i\u00e7in \u00f6zel adaylar\u0131m\u0131zla tan\u0131\u015ft\u0131rmak istiyoruz! Main-Kinzig b\u00f6lgesinde i\u015fbirli\u011fi, s\u00fcrd\u00fcr\u00fclebilir kalk\u0131nma ve ger\u00e7ek de\u011fi\u015fim i\u00e7in duruyorlar. Her biri deneyim, fikir ve tutku getiriyor ve hepsi \u00e7emberi \u015fekillendirmede aktif bir rol oynamak istiyor.<\/p>\n\n\n\n<p>\u00c7evrede g\u00fc\u00e7l\u00fc, dayan\u0131\u015fmaya dayal\u0131 ve ekolojik bir birlikteli\u011fi te\u015fvik etmek i\u00e7in adaylar\u0131m\u0131zla birlikte \u00e7al\u0131\u015fmay\u0131 d\u00f6rt g\u00f6zle bekliyoruz, \u00e7\u00fcnk\u00fc birlikte yapabiliriz!<\/p>\n\n\n\n<ol class=\"wp-block-list\">\n<li>1. Mahwish Iftikhar, Nidderau<\/li>\n\n\n\n<li>2. K\u00f6t\u00fc K\u00fcre'den Philip Schinkel<\/li>\n\n\n\n<li>3. Hammersbach'tan Sandra Gerbert<\/li>\n\n\n\n<li>4. Reiner Bousonville, Erlen G\u00f6l\u00fc<\/li>\n\n\n\n<li>5. Cornelia Hofacker, Langenselbold<\/li>\n\n\n\n<li>6. Bernd Wietzorek, Gelnhausen<\/li>\n\n\n\n<li>7. Lene Jeckel ve Jossgrund<\/li>\n\n\n\n<li>8. Rainer Vogel - Nidderau hakk\u0131nda \u00f6nemli bilgiler<\/li>\n\n\n\n<li>9. Gro\u00dfkrotzenburg'daki Sophia Spottke<\/li>\n\n\n\n<li>10. Gro\u00dfkrotzenburg'daki Lucas B\u00e4uml<\/li>\n\n\n\n<li>11. Nurhan Wendt, utanga\u00e7<\/li>\n\n\n\n<li>12. Matthias Kuponiyi-B\u00f6ff, Brachttal<\/li>\n\n\n\n<li>13. Monika K\u00fchn-Bousonville, Erlen G\u00f6l\u00fc<\/li>\n\n\n\n<li>14. Wolfgang Seifried ve Sch\u00f6neck<\/li>\n\n\n\n<li>15. Viola Ha\u00dfdenteufel, Nidderau<\/li>\n\n\n\n<li>16. Lukas Happe, Gelnhausen<\/li>\n\n\n\n<li>17. Annika Streit, Gelnhausen<\/li>\n\n\n\n<li>18. Gro\u00dfkrotzenburg'dan Thomas Gassen<\/li>\n\n\n\n<li>19. Claudia Schmidt - Steinau hakk\u0131nda \u00f6nemli bilgiler<\/li>\n\n\n\n<li>20. Leonid Schneider, Erlen g\u00f6l\u00fc<\/li>\n\n\n\n<li>21. Karin Arcan-Meiers, Rodenbach<\/li>\n\n\n\n<li>22. Thomas B\u00fcrvenich, Gelnhausen<\/li>\n\n\n\n<li>23. Christine Dr\u00f6\u00dfler-Utecht, Rodenbach<\/li>\n\n\n\n<li>24. Uwe Eberlein, Bruchk\u00f6bel<\/li>\n\n\n\n<li>25. Bruchk\u00f6bel'den Claudia Henning-Eberlein<\/li>\n\n\n\n<li>26. Klaus B\u00f6ttcher, Mercimek yeme\u011fi<\/li>\n\n\n\n<li>27. Katharina G\u00f6ring, Biebergem\u00fcnd<\/li>\n\n\n\n<li>28. Markus Sextro, Biebergem\u00fcnd<\/li>\n\n\n\n<li>29. C\u00e9line Bousonville, Erlen G\u00f6l\u00fc (Haritay\u0131 g\u00f6ster)<\/li>\n\n\n\n<li>30. Umut Yadigar, Niederdorfelden<\/li>\n\n\n\n<li>31. Karin Sch\u00e4fer, Hammersbach<\/li>\n\n\n\n<li>32. Gelnhausen'den Dennis Mathie<\/li>\n\n\n\n<li>33. W\u00e4chtersbach'tan Katja Hix<\/li>\n\n\n\n<li>34. Gro\u00dfkrotzenburg'dan Stefan Chalupka<\/li>\n\n\n\n<li>35. En iyi erkek oyuncu: Elias Breitenberger (Bad Orb)<\/li>\n\n\n\n<li>36. Fabian Storck, W\u00e4chtersbach<\/li>\n\n\n\n<li>37. Antje Sch\u00f6ny Hammersbach'da<\/li>\n\n\n\n<li>38. Beate boege-sonnek, k\u00f6t\u00fc k\u00fcre<\/li>\n\n\n\n<li>39. Octavia Gentemann-Schmidt, Bruchk\u00f6bel<\/li>\n\n\n\n<li>40. Gro\u00dfkrotzenburg'da Johannes Rubach<\/li>\n<\/ol>\n\n\n\n<p><\/p>\n\n\n\n<p>&nbsp;<em>(Foto\u011fraf i\u00e7in: soldan sa\u011fa Bernd Wietzorek, Matthias Kuponiyi-B\u00f6ff, Nurhan Wendt, Monika K\u00fchn-Bousonville, Philip Schinkel, Lucas B\u00e4uml, Mahwish Iftikhar, Sophia Spottke, Lene Jeckel, Sandra Gerbert, Reiner Bousonville)&nbsp;<\/em><\/p>","protected":false},"excerpt":{"rendered":"<p>Sizi 2026 b\u00f6lge se\u00e7imleri i\u00e7in \u00f6zel adaylar\u0131m\u0131zla tan\u0131\u015ft\u0131rmak istiyoruz! Main-Kinzig b\u00f6lgesinde i\u015fbirli\u011fi, s\u00fcrd\u00fcr\u00fclebilir kalk\u0131nma ve ger\u00e7ek de\u011fi\u015fim i\u00e7in duruyorlar. Her biri deneyim, fikir ve [...]<\/p>","protected":false},"author":2,"featured_media":3081,"parent":0,"menu_order":0,"comment_status":"closed","ping_status":"closed","template":"","meta":{"footnotes":""},"class_list":["post-3097","page","type-page","status-publish","has-post-thumbnail","hentry"],"_links":{"self":[{"href":"https:\/\/www.gruene-mkk.de\/tr\/wp-json\/wp\/v2\/pages\/3097","targetHints":{"allow":["GET"]}}],"collection":[{"href":"https:\/\/www.gruene-mkk.de\/tr\/wp-json\/wp\/v2\/pages"}],"about":[{"href":"https:\/\/www.gruene-mkk.de\/tr\/wp-json\/wp\/v2\/types\/page"}],"author":[{"embeddable":true,"href":"https:\/\/www.gruene-mkk.de\/tr\/wp-json\/wp\/v2\/users\/2"}],"replies":[{"embeddable":true,"href":"https:\/\/www.gruene-mkk.de\/tr\/wp-json\/wp\/v2\/comments?post=3097"}],"version-history":[{"count":5,"href":"https:\/\/www.gruene-mkk.de\/tr\/wp-json\/wp\/v2\/pages\/3097\/revisions"}],"predecessor-version":[{"id":3107,"href":"https:\/\/www.gruene-mkk.de\/tr\/wp-json\/wp\/v2\/pages\/3097\/revisions\/3107"}],"wp:featuredmedia":[{"embeddable":true,"href":"https:\/\/www.gruene-mkk.de\/tr\/wp-json\/wp\/v2\/media\/3081"}],"wp:attachment":[{"href":"https:\/\/www.gruene-mkk.de\/tr\/wp-json\/wp\/v2\/media?parent=3097"}],"curies":[{"name":"wp","href":"https:\/\/api.w.org\/{rel}","templated":true}]}}