{"id":3,"date":"2018-09-03T09:05:24","date_gmt":"2018-09-03T07:05:24","guid":{"rendered":"\/?page_id=3"},"modified":"2025-12-04T00:57:27","modified_gmt":"2025-12-03T23:57:27","slug":"datenschutzerklaerung","status":"publish","type":"page","link":"https:\/\/www.gruene-mkk.de\/tr\/datenschutzerklaerung\/","title":{"rendered":"Gizlilik Politikas\u0131 ve K\u00fcnye"},"content":{"rendered":"<p><strong>Alliance 90\/The Greens Main-Kinzig<br><\/strong>Ofis (anlam ayr\u0131m\u0131)<br>Calvin soka\u011f\u0131 10<br>63450 Hanau<\/p>\n\n\n\n<p>E-posta adresiniz:&nbsp;<a href=\"#\" data-unscramble=\"ed.kkm-eneurg@vk\">kv@gruene-mkk.de<\/a><\/p>\n\n\n\n<p>B\u00f6lge y\u00f6netim kurulu taraf\u0131ndan temsil edilir<\/p>\n\n\n\n<p>Anja Zeller, Beate Boege-Sonnek, Philip Schinkel, Steve Euler, Christine Dr\u00f6\u00dfler-Utecht, Matthias Kuponiyi-B\u00f6ff <\/p>\n\n\n\n<p><strong>\u00a7 5 Telemedya Yasas\u0131 (TMD) anlam\u0131nda sorumlu:<br><\/strong>Mareike J\u00e4ger ve amp; Melanie Bosold<br>Calvin soka\u011f\u0131 10<br>63450 Hanau<\/p>\n\n\n\n<p><strong>KDV K\u0130ML\u0130\u011e\u0130:<\/strong>&nbsp;<\/p>\n\n\n\n<p><strong>Edit\u00f6r ekibi:<\/strong><br>Mareike J\u00e4ger ve amp; Melanie Bosold<br>E-posta adresiniz:&nbsp;<a href=\"#\" data-unscramble=\"ed.kkm-eneurg@vk\">kv@gruene-mkk.de<\/a><\/p>\n\n\n\n<p><\/p>\n\n\n\n<p>Veri koruma konusuna b\u00fcy\u00fck \u00f6nem verdi\u011finizi biliyoruz. Bu nedenle, ki\u015fisel verilerinizin korunmas\u0131 bizim i\u00e7in \u00f6nemlidir.<\/p>\n\n\n\n<p><b>Ki\u015fisel veriler ve ileti\u015fim formu<br>\n<\/b>Bize elektronik olarak iletti\u011finiz ki\u015fisel veriler, \u00f6rne\u011fin ad\u0131n\u0131z, posta adresiniz, e-posta adresiniz veya di\u011fer ki\u015fisel bilgileriniz, taraf\u0131m\u0131zdan yaln\u0131zca her durumda belirtilen ama\u00e7 i\u00e7in kullan\u0131lacak, g\u00fcvenli bir \u015fekilde saklanacak ve \u00fc\u00e7\u00fcnc\u00fc taraflara aktar\u0131lmayacakt\u0131r. Size yaln\u0131zca uygun hizmetler i\u00e7in kaydolduysan\u0131z bilgi g\u00f6ndeririz.<\/p>\n\n\n\n<p><b>Cayma hakk\u0131<br>\n<\/b>Onay\u0131n\u0131z\u0131 istedi\u011finiz zaman geri \u00e7ekme hakk\u0131na sahipsiniz; L\u00fctfen bir e-posta g\u00f6nderin&nbsp;<a class=\"mail\" title=\"E-posta g\u00f6ndermek i\u00e7in pencere a\u00e7ar\">gcms (at) newthinking.de (\u0130ngilizce)<\/a>. Verileriniz hemen silinecektir.<\/p>\n\n\n\n<p><b>Di\u011fer web sitelerine ba\u011flant\u0131lar<br>\n<\/b>Sayfalar\u0131m\u0131zda, \u0130nternet'teki di\u011fer sayfalara ba\u011flant\u0131lar bulacaks\u0131n\u0131z. T\u00fcm bu ba\u011flant\u0131lar ve afi\u015fler i\u00e7in, ba\u011flant\u0131l\u0131 sayfalar\u0131n tasar\u0131m\u0131 ve i\u00e7eri\u011fi \u00fczerinde hi\u00e7bir etkimiz yoktur. Bu nedenle, bu sayfalar\u0131n i\u00e7eri\u011fi, tasar\u0131m\u0131 ve veri koruma d\u00fczenlemeleri i\u00e7in hi\u00e7bir sorumluluk kabul etmiyoruz.<\/p>\n\n\n\n<p><b>\u00c7erezlerin kullan\u0131m\u0131<br>\n<\/b>Bir web sitesinden gelen bilgilerin ihtiya\u00e7lar\u0131n\u0131za g\u00f6re uyarlanmas\u0131n\u0131 sa\u011flayan  \u2047 cookies \u2047  adl\u0131 bir teknik vard\u0131r. \u00c7erez, bir web sitesinin sisteminizde depolamak i\u00e7in taray\u0131c\u0131n\u0131za g\u00f6nderebilece\u011fi bir veri \u00f6\u011fesidir.<\/p>\n\n\n\n<p>Bazen ge\u00e7ici \u00e7erezler de kullan\u0131r\u0131z, b\u00f6ylece b\u00f6yle bir web sitesine d\u00f6nd\u00fc\u011f\u00fcn\u00fczde sizi daha etkili bir \u015fekilde destekleyebiliriz. Ancak, taray\u0131c\u0131n\u0131z\u0131 bir \u00e7erez ald\u0131\u011f\u0131n\u0131zda sizi bilgilendirecek \u015fekilde ayarlama se\u00e7ene\u011finiz vard\u0131r. O zaman kabul edip etmeyece\u011fine kendin karar verebilirsin.<\/p>\n\n\n\n<p><i>Firefox (Windows i\u00e7in):<\/i>&nbsp;\u2192Ara\u00e7lar \u2192Ayarlar \u2192Gizlilik \u2192\u00d6zel ayarlardan sonra bir ge\u00e7mi\u015f olu\u015fturun<br>\n<i>Firefox (Linux i\u00e7in):<\/i>&nbsp;\u2192D\u00fczenle \u2192Ayarlar \u2192Gizlilik \u2192Kullan\u0131c\u0131 tan\u0131ml\u0131 ayarlara g\u00f6re bir ge\u00e7mi\u015f olu\u015fturun<br>\n<i>Internet Explorer'da:&nbsp;<\/i>\u2192Ekstralar \u2192\u0130nternet Se\u00e7enekleri \u2192Gizlilik \u2192Geli\u015fmi\u015f<\/p>\n\n\n\n<p><b>Piwik<\/b><b><br>\n<\/b>Bu web sitesi,  \u2047 cookies \u2047  olarak adland\u0131r\u0131lan a\u00e7\u0131k kaynakl\u0131 web analiz hizmeti Piwik'i kullan\u0131r. \u00c7erez taraf\u0131ndan web sitesinin kullan\u0131m\u0131 hakk\u0131nda olu\u015fturulan bilgiler sunucumuzda saklan\u0131r. IP adresi depolamadan \u00f6nce anonimle\u015ftirilir.<\/p>\n\n\n\n<p>\u00c7erezlerin saklanmas\u0131, taray\u0131c\u0131 yaz\u0131l\u0131m\u0131n\u0131z\u0131n ayarlar\u0131 arac\u0131l\u0131\u011f\u0131yla engellenebilir; Ancak, bu web sitesinin t\u00fcm i\u015flevlerinin kullan\u0131lamamas\u0131 m\u00fcmk\u00fcnd\u00fcr.<\/p>\n\n\n\n<p><b>Facebook, Twitter, Google+ i\u00e7in veri korumal\u0131 (Shariff) sosyal medya d\u00fc\u011fmelerinin kullan\u0131m\u0131<\/b><br>\nFacebook, Twitter ve Google+'da i\u00e7erik payla\u015fmak i\u00e7in sosyal medya d\u00fc\u011fmeleri kullan\u0131yoruz. Bu d\u00fc\u011fmeler makalelerin alt\u0131nda g\u00f6r\u00fcn\u00fcr ve sosyal medyada bireysel makaleler \u00f6nermek i\u00e7in kullan\u0131labilir.\u00a0D\u00fc\u011fmeler ayr\u0131ca Facebook ve Twitter beslemelerinin g\u00f6r\u00fcnt\u00fclenmesini etkinle\u015ftirmek i\u00e7in kullan\u0131l\u0131r ve  \u2047 Facebook'a Ba\u011flan  \u2047  ve  \u2047 Twitter'a Ba\u011flan  \u2047  ile i\u015faretlenir.\u00a0Bu d\u00fc\u011fmeler etkinle\u015ftirilir etkinle\u015ftirilmez Facebook, Twitter veya Google+ sunucular\u0131na ba\u011flant\u0131 kurulur ve kullan\u0131c\u0131 verileri harici sunuculara iletilir.<\/p>\n\n\n\n<p>Hakk\u0131nda daha fazla bilgi&nbsp;<a href=\"http:\/\/www.heise.de\/ct\/artikel\/Shariff-Social-Media-Buttons-mit-Datenschutz-2467514.html\" target=\"_blank\" rel=\"noopener\">\u2047 Shariff \u2047  adl\u0131 2 t\u0131klama y\u00f6ntemi i\u00e7in heise.de taraf\u0131ndan giri\u015fim<\/a><\/p>\n\n\n\n<p><a href=\"http:\/\/www.alles-bleibt-anders.org\/wp-content\/uploads\/2021\/11\/Datenschutzerklaerung_Social-Media.pdf\">\u0130\u015fte burada<\/a> Facebook sayfam\u0131z\u0131n gizlilik politikas\u0131 i\u00e7in buraya t\u0131klay\u0131n.<\/p>\n\n\n\n<p><b>Google Haritalar'\u0131n Entegrasyonu<\/b><br>\nBu web sitesi, co\u011frafi bilgileri g\u00f6rsel olarak g\u00f6r\u00fcnt\u00fclemek i\u00e7in Google Haritalar API'sini kullan\u0131r.\u00a0Google ayr\u0131ca web sitesinin ziyaret\u00e7ileri hakk\u0131nda veri toplar ve bu veriler daha sonra i\u015flenir ve kullan\u0131l\u0131r. Veri i\u015fleme hakk\u0131nda daha fazla bilgi Google Gizlilik Bildirimi'nde a\u00e7\u0131klanm\u0131\u015ft\u0131r:&nbsp;<a href=\"https:\/\/www.google.com\/intl\/de\/policies\/privacy\/\" target=\"_blank\" rel=\"noopener\">www.google.com\/intl\/de\/policies\/privacy\/<\/a>.\u00a0Google Gizlilik Merkezi'nde ki\u015fisel ayarlar de\u011fi\u015ftirilebilir ve ayarlanabilir.<\/p>\n\n\n\n<p>Google \u00fcr\u00fcnlerini kullan\u0131rken ki\u015fisel verilerin nas\u0131l y\u00f6netilece\u011fine ili\u015fkin di\u011fer talimatlar, Google taraf\u0131ndan i\u015fletilen web sitesinde bulunabilir.&nbsp;<a href=\"http:\/\/www.dataliberation.org\/\" target=\"_blank\" rel=\"noopener\">http:\/\/www.dataliberation.org\/<\/a><\/p>\n\n\n\n<p><b>G\u00f6m\u00fcl\u00fc YouTube videolar\u0131<\/b><br>\nBu web sitesi g\u00f6m\u00fcl\u00fc YouTube videolar\u0131 kullan\u0131r.\u00a0Sonu\u00e7 olarak, web sitesine eri\u015fildi\u011finde \u00e7erezler zaten kullan\u0131c\u0131lar\u0131n sisteminde saklan\u0131r.\u00a0Bunu \u00f6nlemek i\u00e7in taray\u0131c\u0131 ayarlar\u0131nda engellenmi\u015f olmas\u0131 gerekir.<br>\nYouTube (Google) taraf\u0131ndan veri i\u015fleme ve veri korumas\u0131 hakk\u0131nda daha fazla bilgiye \u015fu adresten ula\u015fabilirsiniz:&nbsp;<a href=\"http:\/\/www.google.de\/intl\/de\/policies\/privacy\/\" target=\"_blank\" rel=\"noopener\">www.google.de\/intl\/de\/policies\/privacy\/<\/a>.<\/p>\n\n\n\n<p><b>G\u00f6m\u00fcl\u00fc Vimeo videolar\u0131<br>\n<\/b>Bu web sitesi entegre Vimeo videolar\u0131 kullan\u0131r.\u00a0Sonu\u00e7 olarak, sayfa \u00e7a\u011fr\u0131ld\u0131\u011f\u0131nda \u00e7erezler zaten kullan\u0131c\u0131lar\u0131n sisteminde saklan\u0131r.\u00a0Bunu \u00f6nlemek i\u00e7in taray\u0131c\u0131 ayarlar\u0131nda engellenmi\u015f olmas\u0131 gerekir.<br>\nVimeo taraf\u0131ndan veri i\u015fleme ve veri korumas\u0131 hakk\u0131nda daha fazla bilgi i\u00e7in&nbsp;<a href=\"https:\/\/vimeo.com\/privacy\" target=\"_blank\" rel=\"noopener\">https:\/\/vimeo.com\/privacy<\/a>.<\/p>","protected":false},"excerpt":{"rendered":"<p>B\u00dcNDNIS 90\/DIE GR\u00dcNEN Main-KinzigCalvinstra\u00dfe 1063450 Hanau E-Posta:\u00a0kv@gruene-mkk.de B\u00f6lge y\u00f6neticisi Anja Zeller, Beate Boege-Sonnek, Philip Schinkel, Steve Euler, Christine Dr\u00f6\u00dfler-Utecht, Matthias Kuponiyi-B\u00f6ff taraf\u0131ndan temsil edilmektedir \u00a7 5 Telemediengesetz (TMD) anlam\u0131nda sorumlu:Mareike [...]<\/p>","protected":false},"author":1,"featured_media":0,"parent":0,"menu_order":0,"comment_status":"closed","ping_status":"open","template":"","meta":{"footnotes":""},"class_list":["post-3","page","type-page","status-publish","hentry"],"_links":{"self":[{"href":"https:\/\/www.gruene-mkk.de\/tr\/wp-json\/wp\/v2\/pages\/3","targetHints":{"allow":["GET"]}}],"collection":[{"href":"https:\/\/www.gruene-mkk.de\/tr\/wp-json\/wp\/v2\/pages"}],"about":[{"href":"https:\/\/www.gruene-mkk.de\/tr\/wp-json\/wp\/v2\/types\/page"}],"author":[{"embeddable":true,"href":"https:\/\/www.gruene-mkk.de\/tr\/wp-json\/wp\/v2\/users\/1"}],"replies":[{"embeddable":true,"href":"https:\/\/www.gruene-mkk.de\/tr\/wp-json\/wp\/v2\/comments?post=3"}],"version-history":[{"count":8,"href":"https:\/\/www.gruene-mkk.de\/tr\/wp-json\/wp\/v2\/pages\/3\/revisions"}],"predecessor-version":[{"id":3041,"href":"https:\/\/www.gruene-mkk.de\/tr\/wp-json\/wp\/v2\/pages\/3\/revisions\/3041"}],"wp:attachment":[{"href":"https:\/\/www.gruene-mkk.de\/tr\/wp-json\/wp\/v2\/media?parent=3"}],"curies":[{"name":"wp","href":"https:\/\/api.w.org\/{rel}","templated":true}]}}