{"id":21,"date":"2021-11-09T12:34:02","date_gmt":"2021-11-09T11:34:02","guid":{"rendered":"https:\/\/www.alles-bleibt-anders.org\/?page_id=21"},"modified":"2025-12-23T10:25:10","modified_gmt":"2025-12-23T09:25:10","slug":"kreisvorstand","status":"publish","type":"page","link":"https:\/\/www.gruene-mkk.de\/tr\/partei\/kreisvorstand\/","title":{"rendered":"B\u00f6lge Y\u00f6netim Kurulu"},"content":{"rendered":"<h2 class=\"wp-block-heading\">bizim il\u00e7e kurulu<\/h2>\n\n\n\n<div class=\"wp-block-columns is-layout-flex wp-container-core-columns-is-layout-9d6595d7 wp-block-columns-is-layout-flex\">\n<div class=\"wp-block-column mb-md-4 is-layout-flow wp-block-column-is-layout-flow\">\n<div class=\"wp-block-columns is-layout-flex wp-container-core-columns-is-layout-9d6595d7 wp-block-columns-is-layout-flex\">\n<div class=\"wp-block-column is-layout-flow wp-block-column-is-layout-flow\">\n<div class=\"wp-block-media-text alignwide is-stacked-on-mobile person has-shadow\"><figure class=\"wp-block-media-text__media\"><img loading=\"lazy\" decoding=\"async\" width=\"800\" height=\"738\" src=\"https:\/\/www.gruene-mkk.de\/wp-content\/uploads\/2025\/08\/Text-auf-Bild-1-e1754409390553-800x738.png\" alt=\"\" class=\"wp-image-2863 size-full\" srcset=\"https:\/\/www.gruene-mkk.de\/wp-content\/uploads\/2025\/08\/Text-auf-Bild-1-e1754409390553-800x738.png 800w, https:\/\/www.gruene-mkk.de\/wp-content\/uploads\/2025\/08\/Text-auf-Bild-1-e1754409390553-400x369.png 400w, https:\/\/www.gruene-mkk.de\/wp-content\/uploads\/2025\/08\/Text-auf-Bild-1-e1754409390553-768x709.png 768w, https:\/\/www.gruene-mkk.de\/wp-content\/uploads\/2025\/08\/Text-auf-Bild-1-e1754409390553.png 997w\" sizes=\"auto, (max-width: 800px) 100vw, 800px\" \/><\/figure><div class=\"wp-block-media-text__content\">\n<p class=\"person-name has-large-font-size\"><strong>Anja Zeller<\/strong><\/p>\n\n\n\n<p class=\"person-description\">E\u015f s\u00f6zc\u00fc<\/p>\n\n\n\n<p class=\"person-mail no-link\"><a href=\"#\" data-unscramble=\"ed.emanhcan.emanrov@liam\">anja.zeller@gruene-mkk.de<\/a><\/p>\n\n\n\n<p><\/p>\n<\/div><\/div>\n<\/div>\n\n\n\n<div class=\"wp-block-column is-layout-flow wp-block-column-is-layout-flow\">\n<div class=\"wp-block-media-text alignwide is-stacked-on-mobile person has-shadow\"><figure class=\"wp-block-media-text__media\"><img loading=\"lazy\" decoding=\"async\" width=\"800\" height=\"738\" src=\"https:\/\/www.gruene-mkk.de\/wp-content\/uploads\/2025\/08\/Text-auf-Bild-1-e1754409390553-800x738.png\" alt=\"\" class=\"wp-image-2863 size-full\" srcset=\"https:\/\/www.gruene-mkk.de\/wp-content\/uploads\/2025\/08\/Text-auf-Bild-1-e1754409390553-800x738.png 800w, https:\/\/www.gruene-mkk.de\/wp-content\/uploads\/2025\/08\/Text-auf-Bild-1-e1754409390553-400x369.png 400w, https:\/\/www.gruene-mkk.de\/wp-content\/uploads\/2025\/08\/Text-auf-Bild-1-e1754409390553-768x709.png 768w, https:\/\/www.gruene-mkk.de\/wp-content\/uploads\/2025\/08\/Text-auf-Bild-1-e1754409390553.png 997w\" sizes=\"auto, (max-width: 800px) 100vw, 800px\" \/><\/figure><div class=\"wp-block-media-text__content\">\n<p class=\"h4 has-large-font-size\"><strong>Philip Schinkel<\/strong><\/p>\n\n\n\n<p>E\u015f s\u00f6zc\u00fc<\/p>\n\n\n\n<p class=\"no-link\"><a href=\"#\" data-unscramble=\"ed.leknihcspilihp@ollah\">hallo@philipschinkel.de<\/a><\/p>\n<\/div><\/div>\n\n\n\n<p><\/p>\n<\/div>\n\n\n\n<div class=\"wp-block-column is-layout-flow wp-block-column-is-layout-flow\">\n<div class=\"wp-block-media-text alignwide is-stacked-on-mobile person has-shadow\"><figure class=\"wp-block-media-text__media\"><img loading=\"lazy\" decoding=\"async\" width=\"800\" height=\"738\" src=\"https:\/\/www.gruene-mkk.de\/wp-content\/uploads\/2025\/08\/Text-auf-Bild-1-e1754409390553-800x738.png\" alt=\"\" class=\"wp-image-2863 size-full\" srcset=\"https:\/\/www.gruene-mkk.de\/wp-content\/uploads\/2025\/08\/Text-auf-Bild-1-e1754409390553-800x738.png 800w, https:\/\/www.gruene-mkk.de\/wp-content\/uploads\/2025\/08\/Text-auf-Bild-1-e1754409390553-400x369.png 400w, https:\/\/www.gruene-mkk.de\/wp-content\/uploads\/2025\/08\/Text-auf-Bild-1-e1754409390553-768x709.png 768w, https:\/\/www.gruene-mkk.de\/wp-content\/uploads\/2025\/08\/Text-auf-Bild-1-e1754409390553.png 997w\" sizes=\"auto, (max-width: 800px) 100vw, 800px\" \/><\/figure><div class=\"wp-block-media-text__content\">\n<p class=\"h4 has-large-font-size\"><strong>Beate boege-sonnek yak\u0131n\u0131ndaki oteller<\/strong><\/p>\n\n\n\n<p>B\u00f6lge sayman\u0131<\/p>\n\n\n\n<p><\/p>\n<\/div><\/div>\n\n\n\n<p><\/p>\n<\/div>\n<\/div>\n<\/div>\n<\/div>\n\n\n\n<div class=\"wp-block-columns is-layout-flex wp-container-core-columns-is-layout-9d6595d7 wp-block-columns-is-layout-flex\">\n<div class=\"wp-block-column mb-md-4 is-layout-flow wp-block-column-is-layout-flow\">\n<div class=\"wp-block-columns is-layout-flex wp-container-core-columns-is-layout-9d6595d7 wp-block-columns-is-layout-flex\">\n<div class=\"wp-block-column is-layout-flow wp-block-column-is-layout-flow\">\n<div class=\"wp-block-media-text alignwide is-stacked-on-mobile person has-shadow\"><figure class=\"wp-block-media-text__media\"><img loading=\"lazy\" decoding=\"async\" width=\"800\" height=\"738\" src=\"https:\/\/www.gruene-mkk.de\/wp-content\/uploads\/2025\/08\/Text-auf-Bild-1-e1754409390553-800x738.png\" alt=\"\" class=\"wp-image-2863 size-full\" srcset=\"https:\/\/www.gruene-mkk.de\/wp-content\/uploads\/2025\/08\/Text-auf-Bild-1-e1754409390553-800x738.png 800w, https:\/\/www.gruene-mkk.de\/wp-content\/uploads\/2025\/08\/Text-auf-Bild-1-e1754409390553-400x369.png 400w, https:\/\/www.gruene-mkk.de\/wp-content\/uploads\/2025\/08\/Text-auf-Bild-1-e1754409390553-768x709.png 768w, https:\/\/www.gruene-mkk.de\/wp-content\/uploads\/2025\/08\/Text-auf-Bild-1-e1754409390553.png 997w\" sizes=\"auto, (max-width: 800px) 100vw, 800px\" \/><\/figure><div class=\"wp-block-media-text__content\">\n<p class=\"person-name has-large-font-size\">Steve Euler<\/p>\n\n\n\n<p class=\"person-description\">co-koltuk<\/p>\n\n\n\n<p class=\"person-mail no-link\"><\/p>\n<\/div><\/div>\n<\/div>\n\n\n\n<div class=\"wp-block-column is-layout-flow wp-block-column-is-layout-flow\">\n\n\n<p><\/p>\n<\/div>\n\n\n\n<div class=\"wp-block-column is-layout-flow wp-block-column-is-layout-flow\">\n<div class=\"wp-block-media-text alignwide is-stacked-on-mobile person has-shadow\"><figure class=\"wp-block-media-text__media\"><img loading=\"lazy\" decoding=\"async\" width=\"800\" height=\"738\" src=\"https:\/\/www.gruene-mkk.de\/wp-content\/uploads\/2025\/08\/Text-auf-Bild-1-e1754409390553-800x738.png\" alt=\"\" class=\"wp-image-2863 size-full\" srcset=\"https:\/\/www.gruene-mkk.de\/wp-content\/uploads\/2025\/08\/Text-auf-Bild-1-e1754409390553-800x738.png 800w, https:\/\/www.gruene-mkk.de\/wp-content\/uploads\/2025\/08\/Text-auf-Bild-1-e1754409390553-400x369.png 400w, https:\/\/www.gruene-mkk.de\/wp-content\/uploads\/2025\/08\/Text-auf-Bild-1-e1754409390553-768x709.png 768w, https:\/\/www.gruene-mkk.de\/wp-content\/uploads\/2025\/08\/Text-auf-Bild-1-e1754409390553.png 997w\" sizes=\"auto, (max-width: 800px) 100vw, 800px\" \/><\/figure><div class=\"wp-block-media-text__content\">\n<p class=\"h4 has-large-font-size\"><strong><strong>Christine Dr\u00f6\u00dfler-Utecht<\/strong><\/strong><\/p>\n\n\n\n<p>Kategori: Denet\u00e7i<\/p>\n\n\n\n<p><\/p>\n<\/div><\/div>\n\n\n\n<p><\/p>\n<\/div>\n<\/div>\n<\/div>\n<\/div>\n\n\n\n<div class=\"wp-block-columns is-layout-flex wp-container-core-columns-is-layout-9d6595d7 wp-block-columns-is-layout-flex\">\n<div class=\"wp-block-column mb-md-4 is-layout-flow wp-block-column-is-layout-flow\">\n<div class=\"wp-block-columns is-layout-flex wp-container-core-columns-is-layout-9d6595d7 wp-block-columns-is-layout-flex\">\n<div class=\"wp-block-column is-layout-flow wp-block-column-is-layout-flow\">\n<div class=\"wp-block-media-text alignwide is-stacked-on-mobile person has-shadow\"><figure class=\"wp-block-media-text__media\"><img loading=\"lazy\" decoding=\"async\" width=\"800\" height=\"738\" src=\"https:\/\/www.gruene-mkk.de\/wp-content\/uploads\/2025\/08\/Text-auf-Bild-1-e1754409390553-800x738.png\" alt=\"\" class=\"wp-image-2863 size-full\" srcset=\"https:\/\/www.gruene-mkk.de\/wp-content\/uploads\/2025\/08\/Text-auf-Bild-1-e1754409390553-800x738.png 800w, https:\/\/www.gruene-mkk.de\/wp-content\/uploads\/2025\/08\/Text-auf-Bild-1-e1754409390553-400x369.png 400w, https:\/\/www.gruene-mkk.de\/wp-content\/uploads\/2025\/08\/Text-auf-Bild-1-e1754409390553-768x709.png 768w, https:\/\/www.gruene-mkk.de\/wp-content\/uploads\/2025\/08\/Text-auf-Bild-1-e1754409390553.png 997w\" sizes=\"auto, (max-width: 800px) 100vw, 800px\" \/><\/figure><div class=\"wp-block-media-text__content\">\n<p class=\"person-name has-large-font-size\">Luise Ba\u011fc\u0131klar<\/p>\n\n\n\n<p>E\u015f s\u00f6zc\u00fc<\/p>\n\n\n\n<p class=\"person-description\">Ye\u015fil gen\u00e7lik Main-Kinzig<\/p>\n\n\n\n<p class=\"person-mail no-link\"><a href=\"#\" data-unscramble=\"ed.kkm-eneurg@rereunhcs.esiul\">luise.schnuerer@gruene-mkk.de<\/a><\/p>\n<\/div><\/div>\n<\/div>\n\n\n\n<div class=\"wp-block-column is-layout-flow wp-block-column-is-layout-flow\">\n<div class=\"wp-block-media-text alignwide is-stacked-on-mobile person has-shadow\"><figure class=\"wp-block-media-text__media\"><img loading=\"lazy\" decoding=\"async\" width=\"800\" height=\"738\" src=\"https:\/\/www.gruene-mkk.de\/wp-content\/uploads\/2025\/08\/Text-auf-Bild-1-e1754409390553-800x738.png\" alt=\"\" class=\"wp-image-2863 size-full\" srcset=\"https:\/\/www.gruene-mkk.de\/wp-content\/uploads\/2025\/08\/Text-auf-Bild-1-e1754409390553-800x738.png 800w, https:\/\/www.gruene-mkk.de\/wp-content\/uploads\/2025\/08\/Text-auf-Bild-1-e1754409390553-400x369.png 400w, https:\/\/www.gruene-mkk.de\/wp-content\/uploads\/2025\/08\/Text-auf-Bild-1-e1754409390553-768x709.png 768w, https:\/\/www.gruene-mkk.de\/wp-content\/uploads\/2025\/08\/Text-auf-Bild-1-e1754409390553.png 997w\" sizes=\"auto, (max-width: 800px) 100vw, 800px\" \/><\/figure><div class=\"wp-block-media-text__content\">\n<p class=\"h4 has-large-font-size\"><strong>Lennart H\u00e4ring<\/strong><\/p>\n\n\n\n<p>E\u015f s\u00f6zc\u00fc<\/p>\n\n\n\n<p>Ye\u015fil gen\u00e7lik Main-Kinzig<\/p>\n\n\n\n<p class=\"no-link\"><a href=\"#\" data-unscramble=\"ed.kkm-eneurg@gnireah.trannel\">lennart.haering@gruene-mkk.de<\/a><\/p>\n<\/div><\/div>\n\n\n\n<p><\/p>\n<\/div>\n\n\n\n<div class=\"wp-block-column is-layout-flow wp-block-column-is-layout-flow\">\n<div class=\"wp-block-media-text alignwide is-stacked-on-mobile person has-shadow\"><figure class=\"wp-block-media-text__media\"><img loading=\"lazy\" decoding=\"async\" width=\"800\" height=\"738\" src=\"https:\/\/www.gruene-mkk.de\/wp-content\/uploads\/2025\/08\/Text-auf-Bild-1-e1754409390553-800x738.png\" alt=\"\" class=\"wp-image-2863 size-full\" srcset=\"https:\/\/www.gruene-mkk.de\/wp-content\/uploads\/2025\/08\/Text-auf-Bild-1-e1754409390553-800x738.png 800w, https:\/\/www.gruene-mkk.de\/wp-content\/uploads\/2025\/08\/Text-auf-Bild-1-e1754409390553-400x369.png 400w, https:\/\/www.gruene-mkk.de\/wp-content\/uploads\/2025\/08\/Text-auf-Bild-1-e1754409390553-768x709.png 768w, https:\/\/www.gruene-mkk.de\/wp-content\/uploads\/2025\/08\/Text-auf-Bild-1-e1754409390553.png 997w\" sizes=\"auto, (max-width: 800px) 100vw, 800px\" \/><\/figure><div class=\"wp-block-media-text__content\">\n<p class=\"h4 has-large-font-size\"><strong>Mahwish iftikha (alb\u00fcm)<\/strong>r<\/p>\n\n\n\n<p>Siyasi Grup Ba\u015fkan\u0131<\/p>\n\n\n\n<p class=\"no-link\"><a href=\"\/tr\/fraktion@gruene-mkk.de\/\">fraktion@gruene-mkk.de<\/a><\/p>\n<\/div><\/div>\n\n\n\n<p><\/p>\n<\/div>\n<\/div>\n<\/div>\n<\/div>","protected":false},"excerpt":{"rendered":"<p>B\u00f6lge y\u00f6netim kurulumuz Anja Zeller E\u015f Konu\u015fmac\u0131 anja.zeller@gruene-mkk.de Philip Schinkel E\u015f Konu\u015fmac\u0131 hello@philipschinkel.de Beate Boege-Sonnek B\u00f6lge Sayman Steve Euler E\u015f Ba\u015fkan Matthias Kuponiyi-B\u00f6ff E\u015f Ba\u015fkan Christine Dr\u00f6\u00dfler-Utecht E\u015f Ba\u015fkan Luise Schn\u00fcrer E\u015f Konu\u015fmac\u0131 Green Youth Main-Kinzig luise.schnuererer@gruene-mkk.de Lennart [...]<\/p>","protected":false},"author":2,"featured_media":0,"parent":18,"menu_order":0,"comment_status":"closed","ping_status":"closed","template":"","meta":{"footnotes":""},"class_list":["post-21","page","type-page","status-publish","hentry"],"_links":{"self":[{"href":"https:\/\/www.gruene-mkk.de\/tr\/wp-json\/wp\/v2\/pages\/21","targetHints":{"allow":["GET"]}}],"collection":[{"href":"https:\/\/www.gruene-mkk.de\/tr\/wp-json\/wp\/v2\/pages"}],"about":[{"href":"https:\/\/www.gruene-mkk.de\/tr\/wp-json\/wp\/v2\/types\/page"}],"author":[{"embeddable":true,"href":"https:\/\/www.gruene-mkk.de\/tr\/wp-json\/wp\/v2\/users\/2"}],"replies":[{"embeddable":true,"href":"https:\/\/www.gruene-mkk.de\/tr\/wp-json\/wp\/v2\/comments?post=21"}],"version-history":[{"count":40,"href":"https:\/\/www.gruene-mkk.de\/tr\/wp-json\/wp\/v2\/pages\/21\/revisions"}],"predecessor-version":[{"id":3145,"href":"https:\/\/www.gruene-mkk.de\/tr\/wp-json\/wp\/v2\/pages\/21\/revisions\/3145"}],"up":[{"embeddable":true,"href":"https:\/\/www.gruene-mkk.de\/tr\/wp-json\/wp\/v2\/pages\/18"}],"wp:attachment":[{"href":"https:\/\/www.gruene-mkk.de\/tr\/wp-json\/wp\/v2\/media?parent=21"}],"curies":[{"name":"wp","href":"https:\/\/api.w.org\/{rel}","templated":true}]}}