{"id":3013,"date":"2025-11-27T16:37:15","date_gmt":"2025-11-27T15:37:15","guid":{"rendered":"https:\/\/www.gruene-mkk.de\/?page_id=3013"},"modified":"2026-03-06T13:48:05","modified_gmt":"2026-03-06T12:48:05","slug":"transparenzbekanntmachung","status":"publish","type":"page","link":"https:\/\/www.gruene-mkk.de\/sl\/transparenzbekanntmachung\/","title":{"rendered":"Obvestilo o preglednosti"},"content":{"rendered":"<p><strong>Obvestilo o preglednosti na podlagi \u010dlena 11 Uredbe (EU) 2024\/900 o preglednosti in ciljanju v politi\u010dnem ogla\u0161evanju (uredba TTTPA)<\/strong><\/p>\n\n\n\n<p><strong>Status: 19.11.2025<\/strong><\/p>\n\n\n\n<p><strong>1.Sponzor politi\u010dnega oglasa<\/strong><\/p>\n\n\n\n<p>Zveza 90\/Zeleni \u2013 okro\u017eno zdru\u017eenje Main-Kinzig<br>Naslov: Calvinstra\u00dfe 10, 63450 Hanau<br>E-naslov:&nbsp;<a href=\"#\" data-unscramble=\"ed.kkm-eneurg@vk\" data-type=\"mailto\" data-id=\"#\">kv@gruene-mkk.de<\/a><br>ki jo zastopajo okro\u017ena izvr\u0161na direktorica Anja Zeller, Beate Boege-Sonnek, Philip Schinkel, Steve Euler, Christine Dr\u00f6\u00dfler-Utecht, Matthias Kuponiyi-B\u00f6ff<\/p>\n\n\n\n<p><strong>2. Pla\u010dilni subjekt<\/strong><\/p>\n\n\n\n<p>Zveza 90\/Zeleni \u2013 okro\u017eno zdru\u017eenje Main-Kinzig<br>Naslov: Calvinstra\u00dfe 10, 63450 Hanau<br>E-naslov:&nbsp;<a href=\"#\" data-unscramble=\"ed.kkm-eneurg@vk\" data-type=\"mailto\" data-id=\"#\">kv@gruene-mkk.de<\/a><br>ki jo zastopajo okro\u017ena izvr\u0161na direktorica Anja Zeller, Beate Boege-Sonnek, Philip Schinkel, Steve Euler, Christine Dr\u00f6\u00dfler-Utecht, Matthias Kuponiyi-B\u00f6ff<\/p>\n\n\n\n<p>Kampanjo za hessenske ob\u010dinske volitve leta 2026 financirajo B\u00fcndnis 90\/DIE GR\u00dcNEN Kreisverband Main-Kinzig in njegovi pododdelki. Raz\u010dlenitve vklju\u010dujejo:&nbsp;<a href=\"https:\/\/www.gruene-mkk.de\/sl\/gruene-vor-ort\/ortsverbaende\/\" data-type=\"page\" data-id=\"613\">Seznam lokalnih zdru\u017eenj<\/a>.&nbsp;<\/p>\n\n\n\n<p><strong>3. Obdobje objave<\/strong><\/p>\n\n\n\n<p>Politi\u010dni oglasi bodo objavljeni ali raz\u0161irjeni v okviru ob\u010dinske volilne kampanje za hesijske ob\u010dinske volitve 15. marca 2026 v obdobju od 18. novembra 2025 do 30. marca 2026.<\/p>\n\n\n\n<p><strong>4. Informacije o financiranju<\/strong><\/p>\n\n\n\n<p>Prora\u010dun za reklamno gradivo ob\u010dinske volilne kampanje B\u00fcndnis 90\/DIE GR\u00dcNEN Kreisverband Main-Kinzig vklju\u010duje 850.00 \u20ac za gradivo, 11,500.00 \u20ac za rezervacije velikih povr\u0161in in 2.500.00 \u20ac za oglase.<\/p>\n\n\n\n<p>Vir sredstev: zasebno<em>,&nbsp;<\/em>Izvor sredstev: znotraj Evropske unije<\/p>\n\n\n\n<p>Obse\u017eni plakati<br>Skupna vrednost ogla\u0161evalske storitve se izra\u010duna na podlagi stro\u0161kov rezervacije velikega plakata za desetletje (obi\u010dajno 10 dni). Dnevne cene se gibljejo od 5,90 \u20ac do 98,40 \u20ac, odvisno od lokacije in ogla\u0161evalskega medija.<strong>.<\/strong><\/p>\n\n\n\n<p><strong>5. Razlog\/politi\u010dni kontekst<\/strong><\/p>\n\n\n\n<p>Ta oglas je povezan z ob\u010dinskimi volitvami v Hessian 2026. Uradne informacije o glasovanju:<em><br><\/em>Okro\u017eni uradnik za vra\u010danje v okro\u017eju Main-Kinzig:&nbsp;<a href=\"https:\/\/www.mkk.de\/landkreis\/politik_1\/wahlen\/Wahlen.html\">https:\/\/www.mkk.de\/landkreis\/politik_1\/wahlen\/Wahlen.html<\/a><\/p>\n\n\n\n<p><strong>6. Informacije o ponudniku ogla\u0161evanja\/agenciji<\/strong><\/p>\n\n\n\n<p>Ponudniki storitev v okviru ob\u010dinske volilne kampanje v Hessu leta 2026<\/p>\n\n\n\n<p>1-2-3-Plakat.de GmbH, Moltkestr. 8, 32257 pre\u010dk, telefon: 05223 1778-77, e-naslov:&nbsp;<a href=\"#\" data-unscramble=\"ed.takalp321@ofni\">info@123plakat.de<\/a>, Vrsta storitve: Mediacija na podro\u010dju ogla\u0161evalskega prostora<\/p>\n\n\n\n<p>Wesselmann Werbung GmbH, Lohrheidestr. 68-70, 44866 Bochum, Nem\u010dija 02327 3963, e-naslov:&nbsp;<a href=\"#\" data-unscramble=\"ed.gnubrew-nnamlessew@liam\">mail@wesselmann-werbung.de<\/a>, Vrsta storitve: Najem ogla\u0161evalskega prostora<\/p>\n\n\n\n<p>Staudigl-Druck GmbH &amp; Co.KG, Sch\u00fctzenring 1, 86609 Donauw\u00fcrth, Nem\u010dija 0906 7008 0, E-naslov: info@staudigl-druck, Vrsta storitve: Tiskanje plakatov<\/p>\n\n\n\n<p>RMM | RheinMain.Media, Hanauer Anzeiger GmbH &amp; Co. KG, Donaustra\u00dfe 5, 63452 Hanau, Nem\u010dija <a href=\"#\" data-unscramble=\"ed.mmr@redeor.saerdna\"><\/a><a href=\"#\" data-unscramble=\"ed.mmr@ecivres\" target=\"_blank\" rel=\"noreferrer noopener\">service@rmm.de<\/a>, Vrsta storitve: Ogla\u0161evanje<\/p>\n\n\n\n<p><br>Druck- und Pressehaus Naumann GmbH &amp; Co. KG, Gutenbergstra\u00dfe 1, 63571 Gelnhausen, servicecenter@gnz.de, telefon: 06051\/833-290, Vrsta storitve: Ogla\u0161evanje<\/p>\n\n\n\n<p><strong>7. Podatki o objavi<\/strong><\/p>\n\n\n\n<p>Obmo\u010dje raz\u0161irjenosti: lokacij v mestu Main-Kinzig-Kreis, Hessen<\/p>\n\n\n\n<p><strong>8. Informacije o ciljnem usmerjanju in obdelavi podatkov<\/strong><\/p>\n\n\n\n<p>Brez uporabe osebnih podatkov.<\/p>\n\n\n\n<p>Oglasi so prikazani z uporabo zna\u010dilnosti ciljne skupine (regija v Hessenu). Za ve\u010d informacij glej:&nbsp;<a href=\"http:\/\/www.gruene-hessen.de\/datenschutz\">www.gruene-hessen.de\/datenschutz<\/a><\/p>\n\n\n\n<p><strong>9. Prej\u0161nje objave\/popravki<\/strong><\/p>\n\n\n\n<p>Predhodnih objav ali popravkov ni.<\/p>\n\n\n\n<p><strong>10. Kontaktna oseba za vpra\u0161anja v zvezi s preglednostjo<\/strong><\/p>\n\n\n\n<p>Ime in priimek: Mareike J\u00e4ger, e-naslov:\u00a0<a href=\"#\" data-unscramble=\"ed.nesseh-eneurg@dnabrevsednal\"><a href=\"#\" data-unscramble=\"ed.kkm-eneurg@vk\" data-type=\"mailto\" data-id=\"#\">kv@gruene-mkk.de<\/a><\/a><\/p>\n\n\n\n<p>Prito\u017ebeni organ, pristojen za varstvo podatkov:<br>Hessenski komisar za varstvo podatkov in svobodo obve\u0161\u010danja Hessen<br>Poobla\u0161\u010dena oseba za varstvo podatkov<br>Enota 2.3<br>PO polje 3163<br>65021 Wiesbaden<br>Telefonska \u0161tevilka: +49 611 1408 161, po\u0161ta:&nbsp;<a href=\"#\" data-unscramble=\"ed.nesseh.ztuhcsnetad@elletstsop\">poststelle@datenschutz.hessen.de<\/a><\/p>\n\n\n\n<p>Odgovorni za vsebino in pravilnost: Zveza 90\/Zeleni \u2013 okro\u017eno zdru\u017eenje Main-Kinzig<\/p>\n\n\n\n<p>Datum: 19.11.2025<\/p>","protected":false},"excerpt":{"rendered":"<p>Obvestilo o preglednosti na podlagi \u010dlena 11 Uredbe (EU) 2024\/900 o preglednosti in ciljanju v politi\u010dnem ogla\u0161evanju (uredba TTTPA) Status: 19.11.2025 1.Sponzor politi\u010dnega oglasa B\u00dcNDNIS 90\/DIE GR\u00dcNEN - Kreisverband Main-KinzigNaslov: Calvin Street (angle\u0161\u010dina).<\/p>","protected":false},"author":2,"featured_media":0,"parent":0,"menu_order":0,"comment_status":"closed","ping_status":"closed","template":"","meta":{"footnotes":""},"class_list":["post-3013","page","type-page","status-publish","hentry"],"_links":{"self":[{"href":"https:\/\/www.gruene-mkk.de\/sl\/wp-json\/wp\/v2\/pages\/3013","targetHints":{"allow":["GET"]}}],"collection":[{"href":"https:\/\/www.gruene-mkk.de\/sl\/wp-json\/wp\/v2\/pages"}],"about":[{"href":"https:\/\/www.gruene-mkk.de\/sl\/wp-json\/wp\/v2\/types\/page"}],"author":[{"embeddable":true,"href":"https:\/\/www.gruene-mkk.de\/sl\/wp-json\/wp\/v2\/users\/2"}],"replies":[{"embeddable":true,"href":"https:\/\/www.gruene-mkk.de\/sl\/wp-json\/wp\/v2\/comments?post=3013"}],"version-history":[{"count":5,"href":"https:\/\/www.gruene-mkk.de\/sl\/wp-json\/wp\/v2\/pages\/3013\/revisions"}],"predecessor-version":[{"id":3316,"href":"https:\/\/www.gruene-mkk.de\/sl\/wp-json\/wp\/v2\/pages\/3013\/revisions\/3316"}],"wp:attachment":[{"href":"https:\/\/www.gruene-mkk.de\/sl\/wp-json\/wp\/v2\/media?parent=3013"}],"curies":[{"name":"wp","href":"https:\/\/api.w.org\/{rel}","templated":true}]}}