{"id":3,"date":"2018-09-03T09:05:24","date_gmt":"2018-09-03T07:05:24","guid":{"rendered":"\/?page_id=3"},"modified":"2025-12-04T00:57:27","modified_gmt":"2025-12-03T23:57:27","slug":"datenschutzerklaerung","status":"publish","type":"page","link":"https:\/\/www.gruene-mkk.de\/sl\/datenschutzerklaerung\/","title":{"rendered":"Politika zasebnosti in odtis"},"content":{"rendered":"<p><strong>Zveza 90\/Zeleni Main-Kinzig<br><\/strong>pisarna<br>ulica Calvin 10<br>63450 Hanau<\/p>\n\n\n\n<p>E-naslov:&nbsp;<a href=\"#\" data-unscramble=\"ed.kkm-eneurg@vk\">kv@gruene-mkk.de<\/a><\/p>\n\n\n\n<p>Zastopa ga okro\u017eni odbor<\/p>\n\n\n\n<p>Anja Zeller, Beate Boege-Sonnek, Philip Schinkel, Steve Euler, Christine Dr\u00f6\u00dfler-Utecht, Matthias Kuponiyi-B\u00f6ff <\/p>\n\n\n\n<p><strong>Odgovorni v smislu \u00a7 5 Zakona o telemedijih (TMD):<br><\/strong>Mareike J\u00e4ger &amp; Melanie Bosold<br>ulica Calvin 10<br>63450 Hanau<\/p>\n\n\n\n<p><strong>Identifikacijska \u0161tevilka za DDV:<\/strong>&nbsp;<\/p>\n\n\n\n<p><strong>Uredni\u0161ka ekipa:<\/strong><br>Mareike J\u00e4ger &amp; Melanie Bosold<br>E-naslov:&nbsp;<a href=\"#\" data-unscramble=\"ed.kkm-eneurg@vk\">kv@gruene-mkk.de<\/a><\/p>\n\n\n\n<p><\/p>\n\n\n\n<p>Vemo, da predmetu varstva podatkov pripisujete velik pomen. Zato je varstvo va\u0161ih osebnih podatkov za nas pomembno.<\/p>\n\n\n\n<p><b>Osebni podatki in kontaktni obrazec<br>\n<\/b>Osebne podatke, ki nam jih posredujete elektronsko, npr. va\u0161e ime, po\u0161tni naslov, e-po\u0161tni naslov ali druge osebne podatke, bomo uporabili samo za namen, ki je dolo\u010den v vsakem posameznem primeru, varno shranjeni in ne posredovani tretjim osebam. Podatke vam bomo poslali le, \u010de ste se prijavili za ustrezne storitve.<\/p>\n\n\n\n<p><b>Pravica do preklica<br>\n<\/b>Imate pravico, da kadar koli prekli\u010dete svoje soglasje; Po\u0161ljite e-sporo\u010dilo na naslov:&nbsp;<a class=\"mail\" title=\"Odpre se okno za po\u0161iljanje e-po\u0161te\">gcms(at)newthinking.de<\/a>. Va\u0161i podatki bodo nato takoj izbrisani.<\/p>\n\n\n\n<p><b>Povezave do drugih spletnih strani<br>\n<\/b>Na na\u0161ih straneh boste na\u0161li povezave do drugih strani na internetu. Pri vseh teh povezavah in pasicah nimamo vpliva na obliko in vsebino povezanih strani. Zato ne prevzemamo nobene odgovornosti za vsebino, oblikovanje in predpise o varstvu podatkov na teh straneh.<\/p>\n\n\n\n<p><b>Uporaba pi\u0161kotkov<br>\n<\/b>Obstaja tehnika, imenovana \u201epi\u0161kotki\u201c, ki omogo\u010da, da se informacije s spletnega mesta prilagodijo va\u0161im potrebam. Pi\u0161kotek je podatkovni element, ki ga spletna stran lahko po\u0161lje va\u0161emu brskalniku, da ga shrani v va\u0161 sistem.<\/p>\n\n\n\n<p>Ob\u010dasno uporabljamo tudi za\u010dasne pi\u0161kotke, da vas lahko u\u010dinkoviteje podpiramo, ko se vrnete na tak\u0161no spletno mesto. Vendar pa imate mo\u017enost, da svoj brskalnik nastavite tako, da vas obvesti, ko prejmete pi\u0161kotek. Potem se lahko sami odlo\u010dite, ali ga boste sprejeli ali ne.<\/p>\n\n\n\n<p><i>Firefox (Windows):<\/i>&nbsp;\u2192Orodja \u2192Nastavitve \u2192Zasebnost \u2192Ustvari zgodovino po nastavitvah po meri<br>\n<i>Firefox (Linux):<\/i>&nbsp;\u2192Uredi \u2192Nastavitve \u2192Zasebnost \u2192Ustvari zgodovino glede na uporabni\u0161ko dolo\u010dene nastavitve<br>\n<i>Internet Explorer:&nbsp;<\/i>\u2192Dodatki \u2192Internetne mo\u017enosti \u2192Zasebnost \u2192Napredno<\/p>\n\n\n\n<p><b>Piwik<\/b><b><br>\n<\/b>To spleti\u0161\u010de uporablja odprtokodno storitev spletne analitike Piwik, ki uporablja tako imenovane \u201epi\u0161kotke\u201c. Informacije o uporabi spletnega mesta, ki jih ustvari pi\u0161kotek, se shranijo na na\u0161em stre\u017eniku. IP-naslov je pred shranjevanjem anonimiziran.<\/p>\n\n\n\n<p>Shranjevanje pi\u0161kotkov je mogo\u010de blokirati prek nastavitev programske opreme va\u0161ega brskalnika; Vendar pa je mo\u017eno, da ni mogo\u010de uporabiti vseh funkcij te spletne strani.<\/p>\n\n\n\n<p><b>Uporaba gumbov dru\u017ebenih medijev z varstvom podatkov (Shariff) za Facebook, Twitter, Google+<\/b><br>\nZa deljenje vsebin na Facebooku, Twitterju in Googlu+ uporabljamo tako imenovane gumbe dru\u017ebenih medijev. Ti gumbi so prikazani pod \u010dlanki in se lahko uporabljajo za priporo\u010danje posameznih \u010dlankov na dru\u017ebenih medijih.\u00a0Gumbi se uporabljajo tudi za aktiviranje prikaza virov Facebook in Twitter ter so ozna\u010deni s \u201eConnect to Facebook\u201c (Pove\u017ei se s Facebookom) in \u201eConnect to Twitter\u201c (Pove\u017ei se s Twitterjem).\u00a0Takoj, ko so ti gumbi aktivirani, se vzpostavi povezava s stre\u017eniki Facebooka, Twitterja ali Google+ in se uporabni\u0161ki podatki prenesejo na zunanje stre\u017enike.<\/p>\n\n\n\n<p>Ve\u010d informacij o&nbsp;<a href=\"http:\/\/www.heise.de\/ct\/artikel\/Shariff-Social-Media-Buttons-mit-Datenschutz-2467514.html\" target=\"_blank\" rel=\"noopener\">Pobuda heise.de za metodo z dvema klikoma, imenovano \u201eShariff\u201c<\/a><\/p>\n\n\n\n<p><a href=\"http:\/\/www.alles-bleibt-anders.org\/wp-content\/uploads\/2021\/11\/Datenschutzerklaerung_Social-Media.pdf\">Tukaj<\/a> Kliknite tukaj za politiko zasebnosti na na\u0161i Facebook strani.<\/p>\n\n\n\n<p><b>Integracija Google Zemljevidov<\/b><br>\nTa spletna stran uporablja Google Maps API za vizualni prikaz geografskih informacij.\u00a0Google zbira tudi podatke o obiskovalcih spletnega mesta, ki se nato obdelujejo in uporabljajo. Dodatne informacije o obdelavi podatkov so opisane v Googlovem obvestilu o zasebnosti:&nbsp;<a href=\"https:\/\/www.google.com\/intl\/de\/policies\/privacy\/\" target=\"_blank\" rel=\"noopener\">www.google.com\/intl\/de\/policies\/privacy\/<\/a>.\u00a0V Googlovem centru za zasebnost lahko osebne nastavitve spremenite in prilagodite.<\/p>\n\n\n\n<p>Nadaljnja navodila o tem, kako upravljati z osebnimi podatki pri uporabi Googlovih izdelkov, so na voljo na spletni strani, ki jo upravlja Google.&nbsp;<a href=\"http:\/\/www.dataliberation.org\/\" target=\"_blank\" rel=\"noopener\">http:\/\/www.dataliberation.org\/<\/a><\/p>\n\n\n\n<p><b>Vdelani videoposnetki v YouTubu<\/b><br>\nTa spletna stran uporablja vdelane videoposnetke YouTube.\u00a0Zato so pi\u0161kotki \u017ee shranjeni v sistemu uporabnikov, ko dostopate do spletnega mesta.\u00a0Da bi to prepre\u010dili, ga je treba blokirati v nastavitvah brskalnika.<br>\nVe\u010d informacij o obdelavi podatkov in varstvu podatkov s strani YouTuba (Google) je na voljo na:&nbsp;<a href=\"http:\/\/www.google.de\/intl\/de\/policies\/privacy\/\" target=\"_blank\" rel=\"noopener\">www.google.de\/intl\/de\/policies\/privacy\/<\/a>.<\/p>\n\n\n\n<p><b>Vgrajeni videoposnetki Vimeo<br>\n<\/b>Ta spletna stran uporablja integrirane videoposnetke Vimeo.\u00a0Posledi\u010dno so pi\u0161kotki \u017ee shranjeni v sistemu uporabnikov, ko je stran priklicana.\u00a0Da bi to prepre\u010dili, ga je treba blokirati v nastavitvah brskalnika.<br>\nDodatne informacije o obdelavi podatkov in informacije o varstvu podatkov s strani dru\u017ebe Vimeo so na voljo na spletni strani:&nbsp;<a href=\"https:\/\/vimeo.com\/privacy\" target=\"_blank\" rel=\"noopener\">https:\/\/vimeo.com\/privacy<\/a>.<\/p>","protected":false},"excerpt":{"rendered":"<p>B\u00dcNDNIS 90\/DIE GR\u00dcNEN Main-KinzigCalvinstra\u00dfe 1063450 Hanau E-po\u0161ta:\u00a0kv@gruene-mkk.de Zastopa ga okro\u017ena izvr\u0161na direktorica Anja Zeller, Beate Boege-Sonnek, Philip Schinkel, Steve Euler, Christine Dr\u00f6\u00dfler-Utecht, Matthias Kuponiyi-B\u00f6ff Odgovoren v smislu \u00a7 5 Telemediengesetz (TMD): Mareike [...]<\/p>","protected":false},"author":1,"featured_media":0,"parent":0,"menu_order":0,"comment_status":"closed","ping_status":"open","template":"","meta":{"footnotes":""},"class_list":["post-3","page","type-page","status-publish","hentry"],"_links":{"self":[{"href":"https:\/\/www.gruene-mkk.de\/sl\/wp-json\/wp\/v2\/pages\/3","targetHints":{"allow":["GET"]}}],"collection":[{"href":"https:\/\/www.gruene-mkk.de\/sl\/wp-json\/wp\/v2\/pages"}],"about":[{"href":"https:\/\/www.gruene-mkk.de\/sl\/wp-json\/wp\/v2\/types\/page"}],"author":[{"embeddable":true,"href":"https:\/\/www.gruene-mkk.de\/sl\/wp-json\/wp\/v2\/users\/1"}],"replies":[{"embeddable":true,"href":"https:\/\/www.gruene-mkk.de\/sl\/wp-json\/wp\/v2\/comments?post=3"}],"version-history":[{"count":8,"href":"https:\/\/www.gruene-mkk.de\/sl\/wp-json\/wp\/v2\/pages\/3\/revisions"}],"predecessor-version":[{"id":3041,"href":"https:\/\/www.gruene-mkk.de\/sl\/wp-json\/wp\/v2\/pages\/3\/revisions\/3041"}],"wp:attachment":[{"href":"https:\/\/www.gruene-mkk.de\/sl\/wp-json\/wp\/v2\/media?parent=3"}],"curies":[{"name":"wp","href":"https:\/\/api.w.org\/{rel}","templated":true}]}}