{"id":192,"date":"2021-11-11T17:37:19","date_gmt":"2021-11-11T16:37:19","guid":{"rendered":"https:\/\/www.alles-bleibt-anders.org\/?page_id=192"},"modified":"2025-12-04T00:57:51","modified_gmt":"2025-12-03T23:57:51","slug":"gemeinden-ohne-gruen","status":"publish","type":"page","link":"https:\/\/www.gruene-mkk.de\/sl\/gruene-vor-ort\/gemeinden-ohne-gruen\/","title":{"rendered":"Ob\u010dine brez zelenja"},"content":{"rendered":"<div class=\"wp-block-cover is-light\" style=\"min-height:519px;aspect-ratio:unset;\"><img decoding=\"async\" class=\"wp-block-cover__image-background wp-image-621\" alt=\"\" src=\"http:\/\/www.alles-bleibt-anders.org\/wp-content\/uploads\/2021\/11\/facebook-titelbild-desktop-1.png\" data-object-fit=\"cover\"\/><span aria-hidden=\"true\" class=\"wp-block-cover__background has-background-dim-30 has-background-dim\"><\/span><div class=\"wp-block-cover__inner-container is-layout-flow wp-block-cover-is-layout-flow\">\n<h2 class=\"wp-block-heading has-text-align-center\" style=\"font-size:clamp(31.152px, 1.947rem + ((1vw - 3.2px) * 2.71), 55px);\">Ob\u010dine brez zelenja<\/h2>\n<\/div><\/div>\n\n\n\n<p><\/p>\n\n\n\n<p>V teh ob\u010dinah trenutno ni Zelenih ali vsaj ni lokalnih zdru\u017eenj:<\/p>\n\n\n\n<ul class=\"wp-block-list\">\n<li>Bad Soden-Salm\u00fcnster<\/li>\n\n\n\n<li>Birstein<\/li>\n\n\n\n<li>Dolina Fl\u00f6rsbach<\/li>\n\n\n\n<li>Gr\u00fcndau<\/li>\n\n\n\n<li>Hasselroth<\/li>\n\n\n\n<li>Ronneburg<\/li>\n\n\n\n<li>Sinntal<\/li>\n\n\n\n<li>Steinau<\/li>\n<\/ul>\n\n\n\n<p><\/p>\n\n\n\n<div class=\"wp-block-group has-text-color has-background is-layout-flow wp-block-group-is-layout-flow\" style=\"color:#ffffff;background-color:#163c29\">\n<h2 class=\"wp-block-heading has-text-align-center\">Na va\u0161em mestu \u0161e ni lokalne skupnosti?<\/h2>\n\n\n\n<p>\u010ce \u017eivite v eni od teh skupnosti in \u017eelite oblikovati ekolo\u0161ko, socialno in trajnostno politiko, potem ste pri\u0161li na pravo mesto.\u00a0Z veseljem vzpostavimo povezavo z lokalnim zdru\u017eenjem na va\u0161em obmo\u010dju in vas vljudno vabimo na sre\u010danja \u010dlanov na\u0161ega okro\u017eja.<\/p>\n\n\n\n<p>\u010ce vas zanima ustanovitev lokalnega zdru\u017eenja v va\u0161i skupnosti, vas z veseljem podpiramo. Za vpra\u0161anja o fundaciji smo vam na voljo in vam zagotavljamo vse potrebne informacije, dokumente in kontaktne osebe.<\/p>\n\n\n\n<p><a href=\"#\" data-unscramble=\"ed.kkm-eneurg@vk\">Stopite v stik z nami!<\/a><\/p>\n\n\n\n<p>Dr\u017eavno zdru\u017eenje Zelenih v Hessenu je \u017ee zbralo nekaj informacij o postopku ustanavljanja, dokumentih in predlogah za \u010dlane, ki \u017eelijo ustanoviti lokalno zdru\u017eenje.<\/p>\n\n\n\n<p>Vse te informacije lahko najdete tukaj v zelenem oblaku:&nbsp;<\/p>\n\n\n\n<div class=\"wp-block-buttons is-horizontal is-content-justification-center is-layout-flex wp-container-core-buttons-is-layout-499968f5 wp-block-buttons-is-layout-flex\">\n<div class=\"wp-block-button\"><a class=\"wp-block-button__link no-border-radius wp-element-button\" href=\"https:\/\/wolke.netzbegruenung.de\/f\/26850969\">Informacije za ustanovitelje*<\/a><\/div>\n<\/div>\n\n\n\n<p><em>*Potrebovali boste dostop do zelene mre\u017ee. \u010ce imate te\u017eave pri dostopu do dokumentov, se obrnite na nas.<\/em><\/p>\n<\/div>\n\n\n\n<p><\/p>\n\n\n\n<h2 class=\"wp-block-heading\"><\/h2>","protected":false},"excerpt":{"rendered":"<p>V teh ob\u010dinah trenutno ni Zelenih ali vsaj ni lokalnih zdru\u017eenj: Na va\u0161em mestu \u0161e ni lokalne skupnosti? \u010ce \u017eivite v eni od teh skupnosti in \u017eelite [...]<\/p>","protected":false},"author":2,"featured_media":0,"parent":152,"menu_order":0,"comment_status":"closed","ping_status":"closed","template":"","meta":{"footnotes":""},"class_list":["post-192","page","type-page","status-publish","hentry"],"_links":{"self":[{"href":"https:\/\/www.gruene-mkk.de\/sl\/wp-json\/wp\/v2\/pages\/192","targetHints":{"allow":["GET"]}}],"collection":[{"href":"https:\/\/www.gruene-mkk.de\/sl\/wp-json\/wp\/v2\/pages"}],"about":[{"href":"https:\/\/www.gruene-mkk.de\/sl\/wp-json\/wp\/v2\/types\/page"}],"author":[{"embeddable":true,"href":"https:\/\/www.gruene-mkk.de\/sl\/wp-json\/wp\/v2\/users\/2"}],"replies":[{"embeddable":true,"href":"https:\/\/www.gruene-mkk.de\/sl\/wp-json\/wp\/v2\/comments?post=192"}],"version-history":[{"count":15,"href":"https:\/\/www.gruene-mkk.de\/sl\/wp-json\/wp\/v2\/pages\/192\/revisions"}],"predecessor-version":[{"id":3042,"href":"https:\/\/www.gruene-mkk.de\/sl\/wp-json\/wp\/v2\/pages\/192\/revisions\/3042"}],"up":[{"embeddable":true,"href":"https:\/\/www.gruene-mkk.de\/sl\/wp-json\/wp\/v2\/pages\/152"}],"wp:attachment":[{"href":"https:\/\/www.gruene-mkk.de\/sl\/wp-json\/wp\/v2\/media?parent=192"}],"curies":[{"name":"wp","href":"https:\/\/api.w.org\/{rel}","templated":true}]}}