{"id":3097,"date":"2025-12-11T15:20:04","date_gmt":"2025-12-11T14:20:04","guid":{"rendered":"https:\/\/www.gruene-mkk.de\/?page_id=3097"},"modified":"2025-12-11T15:27:15","modified_gmt":"2025-12-11T14:27:15","slug":"unsere-kandidierende","status":"publish","type":"page","link":"https:\/\/www.gruene-mkk.de\/pl\/unsere-kandidierende\/","title":{"rendered":"Nasi kandydaci."},"content":{"rendered":"<p>Zapraszamy do zapoznania si\u0119 z naszymi dedykowanymi kandydatami na wybory powiatowe w 2026 roku! Opowiadaj\u0105 si\u0119 za wsp\u00f3\u0142prac\u0105, zr\u00f3wnowa\u017conym rozwojem i realnymi zmianami w dzielnicy Main-Kinzig. Ka\u017cdy z nich wnosi do\u015bwiadczenie, pomys\u0142y i pasj\u0119 \u2013 i wszyscy chc\u0105 odgrywa\u0107 aktywn\u0105 rol\u0119 w kszta\u0142towaniu kr\u0119gu.<\/p>\n\n\n\n<p>Z niecierpliwo\u015bci\u0105 czekamy na wsp\u00f3\u0142prac\u0119 z naszymi kandydatami w celu promowania silnego, solidarnego i ekologicznego wsp\u00f3\u0142istnienia w kr\u0119gu \u2013 poniewa\u017c razem mo\u017cemy to zrobi\u0107!<\/p>\n\n\n\n<ol class=\"wp-block-list\">\n<li>1. Mahwish Iftikhar, Nidderau<\/li>\n\n\n\n<li>2. Philip Schinkel z zespo\u0142u Bad Orb<\/li>\n\n\n\n<li>3. Sandra Gerbert z Hammersbach<\/li>\n\n\n\n<li>4. Reiner Bousonville, Jezioro Erlen<\/li>\n\n\n\n<li>5. Cornelia Hofacker, Langenselbold<\/li>\n\n\n\n<li>6. Bernd Wietzorek, Gelnhausen<\/li>\n\n\n\n<li>7. Lene Jeckel i Jossgrund<\/li>\n\n\n\n<li>8. Rainer Vogel (powiat Nidderau)<\/li>\n\n\n\n<li>9. Sophia Spottke w mie\u015bcie Gro\u00dfkrotzenburg<\/li>\n\n\n\n<li>10. Lucas B\u00e4uml w mie\u015bcie Gro\u00dfkrotzenburg<\/li>\n\n\n\n<li>11. Nurhan Wendt, nie\u015bmia\u0142y<\/li>\n\n\n\n<li>12. Matthias Kuponiyi-B\u00f6ff, Brachttal<\/li>\n\n\n\n<li>13. Monika K\u00fchn-Bousonville, Jezioro Erlen<\/li>\n\n\n\n<li>14. Wolfgang Seifried i Sch\u00f6neck<\/li>\n\n\n\n<li>15. Viola Ha\u00dfdenteufel, Nidderau<\/li>\n\n\n\n<li>16. Lukas Happe, Gelnhausen<\/li>\n\n\n\n<li>17. Annika Streit, Gelnhausen<\/li>\n\n\n\n<li>18. Thomas Gassen z Gro\u00dfkrotzenburga<\/li>\n\n\n\n<li>19. Claudia Schmidt, Steinau<\/li>\n\n\n\n<li>20. Leonid Schneider, Jezioro Erlen<\/li>\n\n\n\n<li>21. Karin Arcan-Meiers, Rodenbach<\/li>\n\n\n\n<li>22. Thomas B\u00fcrvenich, Gelnhausen<\/li>\n\n\n\n<li>23. Christine Dr\u00f6\u00dfler-Utecht, Rodenbach<\/li>\n\n\n\n<li>24. Uwe Eberlein, Bruchk\u00f6bel<\/li>\n\n\n\n<li>25. Claudia Henning-Eberlein z Bruchk\u00f6bel<\/li>\n\n\n\n<li>26. Klaus B\u00f6ttcher, Dania z soczewicy<\/li>\n\n\n\n<li>27. Katharina G\u00f6ring, Biebergem\u00fcnd<\/li>\n\n\n\n<li>28. Markus Sextro, Okr\u0119g wyborczy Biebergem\u00fcnd<\/li>\n\n\n\n<li>29. C\u00e9line Bousonville, Jezioro Erlen<\/li>\n\n\n\n<li>30. Umut Yadigar, Niemcy<\/li>\n\n\n\n<li>31. Karin Sch\u00e4fer, Hammersbach<\/li>\n\n\n\n<li>32. Dennis Mathie z Gelnhausen<\/li>\n\n\n\n<li>33. Katja Hix z W\u00e4chtersbach<\/li>\n\n\n\n<li>34. Stefan Chalupka z Gro\u00dfkrotzenburga<\/li>\n\n\n\n<li>35. Elias Breitenberger, Z\u0142a kula<\/li>\n\n\n\n<li>36. Fabian Storck, W\u00e4chtersbach<\/li>\n\n\n\n<li>37. Antje Sch\u00f6ny w Hammersbach<\/li>\n\n\n\n<li>38. Beate Boege-Sonnek, Z\u0142a kula<\/li>\n\n\n\n<li>39. Octavia Gentemann-Schmidt, Bruchk\u00f6bel<\/li>\n\n\n\n<li>40. Johannes Rubach w dzielnicy Gro\u00dfkrotzenburg<\/li>\n<\/ol>\n\n\n\n<p><\/p>\n\n\n\n<p>&nbsp;<em>(Zdj\u0119cie: od lewej do prawej Bernd Wietzorek, Matthias Kuponiyi-B\u00f6ff, Nurhan Wendt, Monika K\u00fchn-Bousonville, Philip Schinkel, Lucas B\u00e4uml, Mahwish Iftikhar, Sophia Spottke, Lene Jeckel, Sandra Gerbert, Reiner Bousonville)&nbsp;<\/em><\/p>","protected":false},"excerpt":{"rendered":"<p>Zapraszamy do zapoznania si\u0119 z naszymi dedykowanymi kandydatami na wybory powiatowe w 2026 roku! Opowiadaj\u0105 si\u0119 za wsp\u00f3\u0142prac\u0105, zr\u00f3wnowa\u017conym rozwojem i realnymi zmianami w dzielnicy Main-Kinzig. Ka\u017cdy z nich przynosi do\u015bwiadczenie, pomys\u0142y i [...]<\/p>","protected":false},"author":2,"featured_media":3081,"parent":0,"menu_order":0,"comment_status":"closed","ping_status":"closed","template":"","meta":{"footnotes":""},"class_list":["post-3097","page","type-page","status-publish","has-post-thumbnail","hentry"],"_links":{"self":[{"href":"https:\/\/www.gruene-mkk.de\/pl\/wp-json\/wp\/v2\/pages\/3097","targetHints":{"allow":["GET"]}}],"collection":[{"href":"https:\/\/www.gruene-mkk.de\/pl\/wp-json\/wp\/v2\/pages"}],"about":[{"href":"https:\/\/www.gruene-mkk.de\/pl\/wp-json\/wp\/v2\/types\/page"}],"author":[{"embeddable":true,"href":"https:\/\/www.gruene-mkk.de\/pl\/wp-json\/wp\/v2\/users\/2"}],"replies":[{"embeddable":true,"href":"https:\/\/www.gruene-mkk.de\/pl\/wp-json\/wp\/v2\/comments?post=3097"}],"version-history":[{"count":5,"href":"https:\/\/www.gruene-mkk.de\/pl\/wp-json\/wp\/v2\/pages\/3097\/revisions"}],"predecessor-version":[{"id":3107,"href":"https:\/\/www.gruene-mkk.de\/pl\/wp-json\/wp\/v2\/pages\/3097\/revisions\/3107"}],"wp:featuredmedia":[{"embeddable":true,"href":"https:\/\/www.gruene-mkk.de\/pl\/wp-json\/wp\/v2\/media\/3081"}],"wp:attachment":[{"href":"https:\/\/www.gruene-mkk.de\/pl\/wp-json\/wp\/v2\/media?parent=3097"}],"curies":[{"name":"wp","href":"https:\/\/api.w.org\/{rel}","templated":true}]}}