{"id":3,"date":"2018-09-03T09:05:24","date_gmt":"2018-09-03T07:05:24","guid":{"rendered":"\/?page_id=3"},"modified":"2025-12-04T00:57:27","modified_gmt":"2025-12-03T23:57:27","slug":"datenschutzerklaerung","status":"publish","type":"page","link":"https:\/\/www.gruene-mkk.de\/pl\/datenschutzerklaerung\/","title":{"rendered":"Polityka prywatno\u015bci i Impressum"},"content":{"rendered":"<p><strong>Sojusz 90\/Zieloni Main-Kinzig<br><\/strong>biuro<br>ulicy Kalwina 10<br>63450 Hanau<\/p>\n\n\n\n<p>Adres poczty elektronicznej:&nbsp;<a href=\"#\" data-unscramble=\"ed.kkm-eneurg@vk\">kv@gruene-mkk.de<\/a><\/p>\n\n\n\n<p>Reprezentowany przez zarz\u0105d okr\u0119gu<\/p>\n\n\n\n<p>Anja Zeller, Beate Boege-Sonnek, Philip Schinkel, Steve Euler, Christine Dr\u00f6\u00dfler-Utecht, Matthias Kuponiyi-B\u00f6ff <\/p>\n\n\n\n<p><strong>Odpowiedzialny w rozumieniu \u00a7 5 ustawy o telemediach (TMD):<br><\/strong>Mareike J\u00e4ger &amp; Melanie Bosold<br>ulicy Kalwina 10<br>63450 Hanau<\/p>\n\n\n\n<p><strong>Numer identyfikacyjny VAT:<\/strong>&nbsp;<\/p>\n\n\n\n<p><strong>Zesp\u00f3\u0142 redakcyjny:<\/strong><br>Mareike J\u00e4ger &amp; Melanie Bosold<br>Adres poczty elektronicznej:&nbsp;<a href=\"#\" data-unscramble=\"ed.kkm-eneurg@vk\">kv@gruene-mkk.de<\/a><\/p>\n\n\n\n<p><\/p>\n\n\n\n<p>Wiemy, \u017ce przywi\u0105zuj\u0105 Pa\u0144stwo du\u017c\u0105 wag\u0119 do kwestii ochrony danych. Dlatego ochrona Twoich danych osobowych jest dla nas wa\u017cna.<\/p>\n\n\n\n<p><b>Dane osobowe i formularz kontaktowy<br>\n<\/b>Dane osobowe, kt\u00f3re przekazujesz nam drog\u0105 elektroniczn\u0105, np. imi\u0119 i nazwisko, adres pocztowy, adres e-mail lub inne dane osobowe, b\u0119d\u0105 przez nas wykorzystywane wy\u0142\u0105cznie w celu okre\u015blonym w ka\u017cdym przypadku, bezpiecznie przechowywane i nieprzekazywane osobom trzecim. Prze\u015blemy Ci informacje tylko wtedy, gdy zarejestrujesz si\u0119 w odpowiednich us\u0142ugach.<\/p>\n\n\n\n<p><b>Prawo do odwo\u0142ania<br>\n<\/b>Masz prawo wycofa\u0107 swoj\u0105 zgod\u0119 w dowolnym momencie; Prosz\u0119 wys\u0142a\u0107 e-mail na adres:&nbsp;<a class=\"mail\" title=\"Otwiera okno wysy\u0142ania wiadomo\u015bci e-mail\">gcms(at)newthinking.de<\/a>. Twoje dane zostan\u0105 natychmiast usuni\u0119te.<\/p>\n\n\n\n<p><b>Linki do innych stron internetowych<br>\n<\/b>Na naszych stronach znajdziesz linki do innych stron w Internecie. W przypadku wszystkich tych link\u00f3w i baner\u00f3w nie mamy wp\u0142ywu na projekt i tre\u015b\u0107 powi\u0105zanych stron. W zwi\u0105zku z tym nie ponosimy odpowiedzialno\u015bci za tre\u015b\u0107, projekt i przepisy dotycz\u0105ce ochrony danych na tych stronach.<\/p>\n\n\n\n<p><b>Korzystanie z plik\u00f3w cookie<br>\n<\/b>Istnieje technika zwana \u201eplikami cookie\u201d, kt\u00f3ra umo\u017cliwia dostosowanie informacji ze strony internetowej do Twoich potrzeb. Plik cookie to element danych, kt\u00f3ry strona internetowa mo\u017ce wys\u0142a\u0107 do przegl\u0105darki w celu przechowywania w systemie.<\/p>\n\n\n\n<p>Czasami u\u017cywamy r\u00f3wnie\u017c tymczasowych plik\u00f3w cookie, aby\u015bmy mogli skuteczniej wspiera\u0107 Ci\u0119 po powrocie na tak\u0105 stron\u0119 internetow\u0105. Masz jednak mo\u017cliwo\u015b\u0107 ustawienia przegl\u0105darki tak, aby informowa\u0142a Ci\u0119 o otrzymaniu pliku cookie. Wtedy mo\u017cesz sam zdecydowa\u0107, czy to zaakceptowa\u0107, czy nie.<\/p>\n\n\n\n<p><i>Firefox (w systemie Windows):<\/i>&nbsp;\u2192Narz\u0119dzia \u2192Ustawienia \u2192Prywatno\u015b\u0107 \u2192Utw\u00f3rz histori\u0119 po ustawieniach niestandardowych<br>\n<i>Firefox (Linux):<\/i>&nbsp;\u2192Edytuj \u2192Ustawienia \u2192Prywatno\u015b\u0107 \u2192Utw\u00f3rz histori\u0119 zgodnie z ustawieniami zdefiniowanymi przez u\u017cytkownika<br>\n<i>Internet Explorer:&nbsp;<\/i>\u2192Dodatki \u2192Opcje internetowe \u2192Prywatno\u015b\u0107 \u2192Zaawansowane<\/p>\n\n\n\n<p><b>Piwik<\/b><b><br>\n<\/b>Niniejsza strona internetowa korzysta z us\u0142ugi analityki internetowej Piwik o otwartym kodzie \u017ar\u00f3d\u0142owym, kt\u00f3ra wykorzystuje tzw. pliki cookie. Informacje generowane przez plik cookie na temat korzystania ze strony internetowej s\u0105 przechowywane na naszym serwerze. Adres IP jest anonimizowany przed zapisaniem.<\/p>\n\n\n\n<p>Przechowywanie plik\u00f3w cookie mo\u017cna zablokowa\u0107 za pomoc\u0105 ustawie\u0144 oprogramowania przegl\u0105darki; Mo\u017cliwe jest jednak, \u017ce nie wszystkie funkcje tej strony internetowej mog\u0105 by\u0107 u\u017cywane.<\/p>\n\n\n\n<p><b>Korzystanie z przycisk\u00f3w medi\u00f3w spo\u0142eczno\u015bciowych z ochron\u0105 danych (Shariff) dla Facebooka, Twittera, Google+<\/b><br>\nU\u017cywamy tzw. przycisk\u00f3w medi\u00f3w spo\u0142eczno\u015bciowych do udost\u0119pniania tre\u015bci na Facebooku, Twitterze i Google+. Przyciski te pojawiaj\u0105 si\u0119 poni\u017cej artyku\u0142\u00f3w i mog\u0105 by\u0107 u\u017cywane do polecania poszczeg\u00f3lnych artyku\u0142\u00f3w w mediach spo\u0142eczno\u015bciowych.\u00a0Przyciski te s\u0105 r\u00f3wnie\u017c wykorzystywane do aktywacji wy\u015bwietlania kana\u0142\u00f3w na Facebooku i Twitterze i s\u0105 oznaczone jako \u201ePo\u0142\u0105cz z Facebookiem\u201d i \u201ePo\u0142\u0105cz z Twitterem\u201d.\u00a0Gdy tylko te przyciski zostan\u0105 aktywowane, nawi\u0105zywane jest po\u0142\u0105czenie z serwerami Facebooka, Twittera lub Google+, a dane u\u017cytkownika s\u0105 przesy\u0142ane do serwer\u00f3w zewn\u0119trznych.<\/p>\n\n\n\n<p>Dalsze informacje na temat:&nbsp;<a href=\"http:\/\/www.heise.de\/ct\/artikel\/Shariff-Social-Media-Buttons-mit-Datenschutz-2467514.html\" target=\"_blank\" rel=\"noopener\">Inicjatywa heise.de dotycz\u0105ca metody dwukrotnego klikni\u0119cia o nazwie \u201eShariff\u201d<\/a><\/p>\n\n\n\n<p><a href=\"http:\/\/www.alles-bleibt-anders.org\/wp-content\/uploads\/2021\/11\/Datenschutzerklaerung_Social-Media.pdf\">Tutaj<\/a> Kliknij tutaj, aby zapozna\u0107 si\u0119 z polityk\u0105 prywatno\u015bci naszej strony na Facebooku.<\/p>\n\n\n\n<p><b>Integracja z Google Maps<\/b><br>\nTa strona korzysta z Google Maps API do wizualnego wy\u015bwietlania informacji geograficznych.\u00a0Google gromadzi r\u00f3wnie\u017c dane o odwiedzaj\u0105cych stron\u0119 internetow\u0105, kt\u00f3re s\u0105 nast\u0119pnie przetwarzane i wykorzystywane. Dalsze informacje na temat przetwarzania danych s\u0105 opisane w Polityce prywatno\u015bci Google:&nbsp;<a href=\"https:\/\/www.google.com\/intl\/de\/policies\/privacy\/\" target=\"_blank\" rel=\"noopener\">www.google.com\/intl\/de\/policies\/privacy\/<\/a>.\u00a0W Centrum prywatno\u015bci Google ustawienia osobiste mo\u017cna zmienia\u0107 i dostosowywa\u0107.<\/p>\n\n\n\n<p>Dalsze instrukcje dotycz\u0105ce zarz\u0105dzania danymi osobowymi podczas korzystania z produkt\u00f3w Google mo\u017cna znale\u017a\u0107 na stronie internetowej obs\u0142ugiwanej przez Google&nbsp;<a href=\"http:\/\/www.dataliberation.org\/\" target=\"_blank\" rel=\"noopener\">http:\/\/www.dataliberation.org\/<\/a><\/p>\n\n\n\n<p><b>Wbudowane filmy z YouTube<\/b><br>\nTa strona internetowa wykorzystuje wbudowane filmy z YouTube.\u00a0W rezultacie pliki cookie s\u0105 ju\u017c przechowywane w systemie u\u017cytkownik\u00f3w po wej\u015bciu na stron\u0119 internetow\u0105.\u00a0Aby temu zapobiec, nale\u017cy go zablokowa\u0107 w ustawieniach przegl\u0105darki.<br>\nWi\u0119cej informacji na temat przetwarzania danych i ochrony danych przez YouTube (Google) mo\u017cna znale\u017a\u0107 na stronie:&nbsp;<a href=\"http:\/\/www.google.de\/intl\/de\/policies\/privacy\/\" target=\"_blank\" rel=\"noopener\">www.google.de\/intl\/de\/policies\/privacy\/<\/a>.<\/p>\n\n\n\n<p><b>Wbudowane filmy Vimeo<br>\n<\/b>Ta strona korzysta ze zintegrowanych film\u00f3w Vimeo.\u00a0W rezultacie pliki cookie s\u0105 ju\u017c przechowywane w systemie u\u017cytkownik\u00f3w po wywo\u0142aniu strony.\u00a0Aby temu zapobiec, nale\u017cy go zablokowa\u0107 w ustawieniach przegl\u0105darki.<br>\nWi\u0119cej informacji na temat przetwarzania danych i ochrony danych przez Vimeo mo\u017cna znale\u017a\u0107 na stronie:&nbsp;<a href=\"https:\/\/vimeo.com\/privacy\" target=\"_blank\" rel=\"noopener\">https:\/\/vimeo.com\/privacy<\/a>.<\/p>","protected":false},"excerpt":{"rendered":"<p>Adres poczty elektronicznej B\u00dcNDNIS 90\/DIE GR\u00dcNEN Main-KinzigCalvinstra\u00dfe 1063450 Hanau:\u00a0kv@gruene-mkk.de Reprezentowany przez zarz\u0105dc\u0119 dzielnicy Anj\u0119 Zeller, Beate Boege-Sonnek, Philipa Schinkla, Steve'a Eulera, Christine Dr\u00f6\u00dfler-Utecht, Matthiasa Kuponiyi-B\u00f6ffa Odpowiedzialny w rozumieniu \u00a7 5 Telemediengesetz (TMD):Mareike [...]<\/p>","protected":false},"author":1,"featured_media":0,"parent":0,"menu_order":0,"comment_status":"closed","ping_status":"open","template":"","meta":{"footnotes":""},"class_list":["post-3","page","type-page","status-publish","hentry"],"_links":{"self":[{"href":"https:\/\/www.gruene-mkk.de\/pl\/wp-json\/wp\/v2\/pages\/3","targetHints":{"allow":["GET"]}}],"collection":[{"href":"https:\/\/www.gruene-mkk.de\/pl\/wp-json\/wp\/v2\/pages"}],"about":[{"href":"https:\/\/www.gruene-mkk.de\/pl\/wp-json\/wp\/v2\/types\/page"}],"author":[{"embeddable":true,"href":"https:\/\/www.gruene-mkk.de\/pl\/wp-json\/wp\/v2\/users\/1"}],"replies":[{"embeddable":true,"href":"https:\/\/www.gruene-mkk.de\/pl\/wp-json\/wp\/v2\/comments?post=3"}],"version-history":[{"count":8,"href":"https:\/\/www.gruene-mkk.de\/pl\/wp-json\/wp\/v2\/pages\/3\/revisions"}],"predecessor-version":[{"id":3041,"href":"https:\/\/www.gruene-mkk.de\/pl\/wp-json\/wp\/v2\/pages\/3\/revisions\/3041"}],"wp:attachment":[{"href":"https:\/\/www.gruene-mkk.de\/pl\/wp-json\/wp\/v2\/media?parent=3"}],"curies":[{"name":"wp","href":"https:\/\/api.w.org\/{rel}","templated":true}]}}