{"id":192,"date":"2021-11-11T17:37:19","date_gmt":"2021-11-11T16:37:19","guid":{"rendered":"https:\/\/www.alles-bleibt-anders.org\/?page_id=192"},"modified":"2025-12-04T00:57:51","modified_gmt":"2025-12-03T23:57:51","slug":"gemeinden-ohne-gruen","status":"publish","type":"page","link":"https:\/\/www.gruene-mkk.de\/pl\/gruene-vor-ort\/gemeinden-ohne-gruen\/","title":{"rendered":"Gminy bez zieleni"},"content":{"rendered":"<div class=\"wp-block-cover is-light\" style=\"min-height:519px;aspect-ratio:unset;\"><img decoding=\"async\" class=\"wp-block-cover__image-background wp-image-621\" alt=\"\" src=\"http:\/\/www.alles-bleibt-anders.org\/wp-content\/uploads\/2021\/11\/facebook-titelbild-desktop-1.png\" data-object-fit=\"cover\"\/><span aria-hidden=\"true\" class=\"wp-block-cover__background has-background-dim-30 has-background-dim\"><\/span><div class=\"wp-block-cover__inner-container is-layout-flow wp-block-cover-is-layout-flow\">\n<h2 class=\"wp-block-heading has-text-align-center\" style=\"font-size:clamp(31.152px, 1.947rem + ((1vw - 3.2px) * 2.71), 55px);\">Gminy bez zieleni<\/h2>\n<\/div><\/div>\n\n\n\n<p><\/p>\n\n\n\n<p>Obecnie w gminach tych nie ma Zielonych ani przynajmniej lokalnych stowarzysze\u0144:<\/p>\n\n\n\n<ul class=\"wp-block-list\">\n<li>Bad Soden-Salm\u00fcnster<\/li>\n\n\n\n<li>Birstein<\/li>\n\n\n\n<li>Dolina Fl\u00f6rsbach<\/li>\n\n\n\n<li>Gr\u00fcndau<\/li>\n\n\n\n<li>Hasselroth<\/li>\n\n\n\n<li>Ronneburg<\/li>\n\n\n\n<li>Sinntal<\/li>\n\n\n\n<li>Steinau<\/li>\n<\/ul>\n\n\n\n<p><\/p>\n\n\n\n<div class=\"wp-block-group has-text-color has-background is-layout-flow wp-block-group-is-layout-flow\" style=\"color:#ffffff;background-color:#163c29\">\n<h2 class=\"wp-block-heading has-text-align-center\">Nie ma jeszcze lokalnego stowarzyszenia na twoim miejscu?<\/h2>\n\n\n\n<p>Je\u015bli mieszkasz w jednej z tych spo\u0142eczno\u015bci i chcesz kszta\u0142towa\u0107 ekologiczn\u0105, spo\u0142eczn\u0105 i zr\u00f3wnowa\u017con\u0105 polityk\u0119, to trafi\u0142e\u015b we w\u0142a\u015bciwe miejsce.\u00a0Cieszymy si\u0119, \u017ce mo\u017cemy nawi\u0105za\u0107 po\u0142\u0105czenie z lokalnym stowarzyszeniem w Twojej okolicy i serdecznie zapraszamy na spotkania naszych powiatowych cz\u0142onk\u00f3w.<\/p>\n\n\n\n<p>Je\u015bli jeste\u015b zainteresowany za\u0142o\u017ceniem lokalnego stowarzyszenia w swojej spo\u0142eczno\u015bci, ch\u0119tnie Ci\u0119 wesprzemy. Jeste\u015bmy do Pa\u0144stwa dyspozycji w przypadku pyta\u0144 dotycz\u0105cych fundacji i zapewniamy wszystkie niezb\u0119dne informacje, dokumenty i osoby kontaktowe.<\/p>\n\n\n\n<p><a href=\"#\" data-unscramble=\"ed.kkm-eneurg@vk\">Skontaktuj si\u0119 z nami!<\/a><\/p>\n\n\n\n<p>Pa\u0144stwowe stowarzyszenie Zielonych w Hesji zebra\u0142o ju\u017c pewne informacje na temat procesu zak\u0142adania, dokumenty i szablony dla cz\u0142onk\u00f3w, kt\u00f3rzy chc\u0105 za\u0142o\u017cy\u0107 lokalne stowarzyszenie.<\/p>\n\n\n\n<p>Wszystkie te informacje mo\u017cna znale\u017a\u0107 w Zielonej Chmurze:&nbsp;<\/p>\n\n\n\n<div class=\"wp-block-buttons is-horizontal is-content-justification-center is-layout-flex wp-container-core-buttons-is-layout-499968f5 wp-block-buttons-is-layout-flex\">\n<div class=\"wp-block-button\"><a class=\"wp-block-button__link no-border-radius wp-element-button\" href=\"https:\/\/wolke.netzbegruenung.de\/f\/26850969\">Informacje dla za\u0142o\u017cycieli*<\/a><\/div>\n<\/div>\n\n\n\n<p><em>*Potrzebny b\u0119dzie dost\u0119p do zielonej sieci. Je\u015bli masz problemy z dost\u0119pem do dokument\u00f3w, skontaktuj si\u0119 z nami.<\/em><\/p>\n<\/div>\n\n\n\n<p><\/p>\n\n\n\n<h2 class=\"wp-block-heading\"><\/h2>","protected":false},"excerpt":{"rendered":"<p>Obecnie w gminach tych nie ma Zielonych ani przynajmniej lokalnych stowarzysze\u0144: Nie ma jeszcze lokalnego stowarzyszenia na twoim miejscu? Je\u015bli mieszkasz w jednej z tych spo\u0142eczno\u015bci i chcesz [...]<\/p>","protected":false},"author":2,"featured_media":0,"parent":152,"menu_order":0,"comment_status":"closed","ping_status":"closed","template":"","meta":{"footnotes":""},"class_list":["post-192","page","type-page","status-publish","hentry"],"_links":{"self":[{"href":"https:\/\/www.gruene-mkk.de\/pl\/wp-json\/wp\/v2\/pages\/192","targetHints":{"allow":["GET"]}}],"collection":[{"href":"https:\/\/www.gruene-mkk.de\/pl\/wp-json\/wp\/v2\/pages"}],"about":[{"href":"https:\/\/www.gruene-mkk.de\/pl\/wp-json\/wp\/v2\/types\/page"}],"author":[{"embeddable":true,"href":"https:\/\/www.gruene-mkk.de\/pl\/wp-json\/wp\/v2\/users\/2"}],"replies":[{"embeddable":true,"href":"https:\/\/www.gruene-mkk.de\/pl\/wp-json\/wp\/v2\/comments?post=192"}],"version-history":[{"count":15,"href":"https:\/\/www.gruene-mkk.de\/pl\/wp-json\/wp\/v2\/pages\/192\/revisions"}],"predecessor-version":[{"id":3042,"href":"https:\/\/www.gruene-mkk.de\/pl\/wp-json\/wp\/v2\/pages\/192\/revisions\/3042"}],"up":[{"embeddable":true,"href":"https:\/\/www.gruene-mkk.de\/pl\/wp-json\/wp\/v2\/pages\/152"}],"wp:attachment":[{"href":"https:\/\/www.gruene-mkk.de\/pl\/wp-json\/wp\/v2\/media?parent=192"}],"curies":[{"name":"wp","href":"https:\/\/api.w.org\/{rel}","templated":true}]}}