{"id":18,"date":"2021-11-09T12:27:41","date_gmt":"2021-11-09T11:27:41","guid":{"rendered":"https:\/\/www.alles-bleibt-anders.org\/?page_id=18"},"modified":"2022-08-05T18:18:09","modified_gmt":"2022-08-05T16:18:09","slug":"partei","status":"publish","type":"page","link":"https:\/\/www.gruene-mkk.de\/pl\/partei\/","title":{"rendered":"przyj\u0119cie"},"content":{"rendered":"<div class=\"wp-block-cover is-light\" style=\"min-height:519px;aspect-ratio:unset;\"><span aria-hidden=\"true\" class=\"wp-block-cover__background has-background-dim-0 has-background-dim\"><\/span><img loading=\"lazy\" decoding=\"async\" width=\"1920\" height=\"1080\" class=\"wp-block-cover__image-background wp-image-19\" alt=\"\" src=\"http:\/\/www.alles-bleibt-anders.org\/wp-content\/uploads\/2021\/11\/kreisverband-mkk-card.jpg\" style=\"object-position:54% 62%\" data-object-fit=\"cover\" data-object-position=\"54% 62%\" srcset=\"https:\/\/www.gruene-mkk.de\/wp-content\/uploads\/2021\/11\/kreisverband-mkk-card.jpg 1920w, https:\/\/www.gruene-mkk.de\/wp-content\/uploads\/2021\/11\/kreisverband-mkk-card-400x225.jpg 400w, https:\/\/www.gruene-mkk.de\/wp-content\/uploads\/2021\/11\/kreisverband-mkk-card-800x450.jpg 800w, https:\/\/www.gruene-mkk.de\/wp-content\/uploads\/2021\/11\/kreisverband-mkk-card-768x432.jpg 768w, https:\/\/www.gruene-mkk.de\/wp-content\/uploads\/2021\/11\/kreisverband-mkk-card-1536x864.jpg 1536w, https:\/\/www.gruene-mkk.de\/wp-content\/uploads\/2021\/11\/kreisverband-mkk-card-150x84.jpg 150w\" sizes=\"auto, (max-width: 1920px) 100vw, 1920px\" \/><div class=\"wp-block-cover__inner-container is-layout-flow wp-block-cover-is-layout-flow\">\n<p class=\"has-text-align-center has-large-font-size\"><\/p>\n<\/div><\/div>\n\n\n\n<div class=\"wp-block-group has-green-800-color has-white-background-color has-text-color has-background is-layout-flow wp-block-group-is-layout-flow\">\n<p class=\"has-text-align-center\" style=\"font-size:clamp(14.642px, 0.915rem + ((1vw - 3.2px) * 0.836), 22px);\">W przedmiocie <strong>Kreisverband B\u00dcNDNIS 90\/DIE GR\u00dcNEN Main-Kinzig<\/strong> Obecnie mamy ponad 400 cz\u0142onk\u00f3w i stale si\u0119 rozwijamy. Cieszymy si\u0119 z tego, poniewa\u017c fakt ten \u015bwiadczy o du\u017cym zainteresowaniu kwestiami ekologicznymi, takimi jak ochrona \u015brodowiska i klimatu, zr\u00f3wnowa\u017cony rozw\u00f3j (zw\u0142aszcza w regionach wiejskich) i sprawiedliwo\u015b\u0107 spo\u0142eczna. <\/p>\n\n\n\n<p class=\"has-text-align-center\" style=\"font-size:clamp(14.642px, 0.915rem + ((1vw - 3.2px) * 0.836), 22px);\">To motywuje nas do aktywnego promowania tych temat\u00f3w!<\/p>\n<\/div>\n\n\n\n<p>   <\/p>\n\n\n\n<h3 class=\"wp-block-heading\">Nasze stowarzyszenie powiatowe<\/h3>\n\n\n\n<p>W przedmiocie <a href=\"https:\/\/www.alles-bleibt-anders.org\/partei\/kreisvorstand\/\"><strong>Okr\u0119gowa Rada Dyrektor\u00f3w<\/strong><\/a> Regularnie organizuje walne zgromadzenia i inne dzia\u0142ania dla cz\u0142onk\u00f3w sieci i grup. Prezydium sk\u0142ada si\u0119 z pi\u0119ciu cz\u0142onk\u00f3w, jednego kasjera i jednego przedstawiciela ka\u017cdej grupy politycznej oraz Zielonej M\u0142odzie\u017cy.<\/p>\n\n\n\n<p>W przedmiocie <a href=\"https:\/\/www.alles-bleibt-anders.org\/partei\/gruene-jugend\/\"><strong>Zielona m\u0142odzie\u017c<\/strong><\/a> w Main-Kinzig-Kreis regularnie organizuje w\u0142asne spotkania i wydarzenia na tematy, kt\u00f3re dotycz\u0105 m\u0142odych ludzi i m\u0142odych doros\u0142ych. Je\u015bli jeste\u015b zainteresowany, skontaktuj si\u0119 z Green Youth Main-Kinzig na Instagramie i przyjd\u017a na spotkanie.<\/p>\n\n\n\n<p>Na miejscu nasi cz\u0142onkowie organizuj\u0105 si\u0119 w 18 aktywnych <a href=\"https:\/\/www.alles-bleibt-anders.org\/gruene-vor-ort\/\"><strong>Stowarzyszenia lokalne<\/strong><\/a> S\u0105 cz\u0142onkami lokalnych rad. <\/p>\n\n\n\n<p><strong><a href=\"https:\/\/www.alles-bleibt-anders.org\/termine\/\">Walne zgromadzenia i wydarzenia<\/a> s\u0105 publiczne, a Zieloni Main-Kinzig s\u0105 zawsze zadowoleni z udzia\u0142u zainteresowanych stron!<\/strong><\/p>\n\n\n\n<p><\/p>\n\n\n\n<h3 class=\"wp-block-heading\">Komisje i delegaci<\/h3>\n\n\n\n<p>Stowarzyszenie okr\u0119gowe wysy\u0142a dw\u00f3ch delegat\u00f3w do rady partyjnej stowarzyszenia pa\u0144stwowego i dw\u00f3ch na konferencj\u0119 delegat\u00f3w federalnych. Ponadto jest reprezentowany przez delegata w Pa\u0144stwowej Radzie Kobiet.<\/p>\n\n\n\n<div class=\"wp-block-columns is-layout-flex wp-container-core-columns-is-layout-9d6595d7 wp-block-columns-is-layout-flex\">\n<div class=\"wp-block-column is-layout-flow wp-block-column-is-layout-flow\">\n<div class=\"wp-block-sunflower-accordion\"><div class=\"accordion-item\"><h4 class=\"accordion-header\"><button class=\"accordion-button collapsed\" type=\"button\" data-bs-toggle=\"collapse\" data-bs-target=\".sacc07878bfc-d5ef-4814-bd00-9aaee99f4768\" aria-expanded=\"false\" aria-controls=\".sacc07878bfc-d5ef-4814-bd00-9aaee99f4768\">Rada Partii Hesji<\/button><\/h4><div class=\"accordion-collapse collapse sacc07878bfc-d5ef-4814-bd00-9aaee99f4768\" aria-labelledby=\".sacc07878bfc-d5ef-4814-bd00-9aaee99f4768\"><div class=\"accordion-body\"><p class=\"sunflower-accordion\"><strong>Angelika Gunkel<\/strong> (delegaci)<br\/><strong>Jakob M\u00e4hler<\/strong> (Przekazane)<br\/><br\/><strong>Viola Ha\u00dfdenteufe<\/strong>l (zast\u0119pca delegata)<br\/><strong>Sandra Gerbert <\/strong>(Delegat zast\u0119pczy)<br\/><strong>Reiner Bousonville <\/strong>(Delegat zast\u0119pczy)<br\/><strong>Kamyki orzechowe<\/strong> (Delegat zast\u0119pczy)<br\/><\/p><\/div><\/div><\/div><\/div>\n<\/div>\n\n\n\n<div class=\"wp-block-column is-layout-flow wp-block-column-is-layout-flow\">\n<div class=\"wp-block-sunflower-accordion\"><div class=\"accordion-item\"><h4 class=\"accordion-header\"><button class=\"accordion-button collapsed\" type=\"button\" data-bs-toggle=\"collapse\" data-bs-target=\".saccb1676d2a-723a-422b-9a94-d845a8ff4b68\" aria-expanded=\"false\" aria-controls=\".saccb1676d2a-723a-422b-9a94-d845a8ff4b68\">Federalna Konferencja Delegat\u00f3w (BDK)<\/button><\/h4><div class=\"accordion-collapse collapse saccb1676d2a-723a-422b-9a94-d845a8ff4b68\" aria-labelledby=\".saccb1676d2a-723a-422b-9a94-d845a8ff4b68\"><div class=\"accordion-body\"><p class=\"sunflower-accordion\"><strong>Barbara Sch\u00e4fer<\/strong>, Maintal (delegaci)<br\/><strong>Matthias Dorka<\/strong>, Brachttal<strong> <\/strong>(Przekazane)<br\/><br\/><strong>Laura Merz, w\u0142a\u015bc.<\/strong> Sch\u00f6neck (zast\u0119pca delegata)<br\/><strong>Manfred Cuntz, w\u0142a\u015bc.<\/strong> Gr\u00fcndau<strong> <\/strong>(Delegat zast\u0119pczy)<br\/><br\/>(stan na stycze\u0144 2022 r.)<\/p><\/div><\/div><\/div><\/div>\n<\/div>\n\n\n\n<div class=\"wp-block-column is-layout-flow wp-block-column-is-layout-flow\">\n<div class=\"wp-block-sunflower-accordion\"><div class=\"accordion-item\"><h4 class=\"accordion-header\"><button class=\"accordion-button collapsed\" type=\"button\" data-bs-toggle=\"collapse\" data-bs-target=\".sacc1f3f724e-0f2a-4753-856b-ca9364464795\" aria-expanded=\"false\" aria-controls=\".sacc1f3f724e-0f2a-4753-856b-ca9364464795\">Pa\u0144stwowa Rada Kobiet Hesji<\/button><\/h4><div class=\"accordion-collapse collapse sacc1f3f724e-0f2a-4753-856b-ca9364464795\" aria-labelledby=\".sacc1f3f724e-0f2a-4753-856b-ca9364464795\"><div class=\"accordion-body\"><p class=\"sunflower-accordion\"><strong>Mareike Forchheim<\/strong> (delegaci)<br\/><br\/><strong>Monika K\u00fchn-Bousonville <\/strong>(Delegat zast\u0119pczy)<br\/><br\/><strong>Maria Heider<\/strong> (Delegat zast\u0119pczy)<\/p><\/div><\/div><\/div><\/div>\n<\/div>\n<\/div>\n\n\n\n<p><\/p>\n\n\n\n<h3 class=\"wp-block-heading\">Przedstawiciele B\u00dcNDNIS 90\/DIE GR\u00dcNEN w parlamencie, radzie wykonawczej i Bundestagu <\/h3>\n\n\n\n<p>  <\/p>\n\n\n\n<div class=\"wp-block-group alignwide has-white-background-color has-background is-layout-flow wp-block-group-is-layout-flow\" id=\"full-width\">\n<div class=\"wp-block-columns is-layout-flex wp-container-core-columns-is-layout-9d6595d7 wp-block-columns-is-layout-flex\">\n<div class=\"wp-block-column is-layout-flow wp-block-column-is-layout-flow\">\n<figure class=\"wp-block-image size-full is-style-default\"><img loading=\"lazy\" decoding=\"async\" width=\"800\" height=\"532\" src=\"http:\/\/www.alles-bleibt-anders.org\/wp-content\/uploads\/2021\/11\/20210908_Dorfentwicklung_Hofmann.jpg\" alt=\"\" class=\"wp-image-206\" srcset=\"https:\/\/www.gruene-mkk.de\/wp-content\/uploads\/2021\/11\/20210908_Dorfentwicklung_Hofmann.jpg 800w, https:\/\/www.gruene-mkk.de\/wp-content\/uploads\/2021\/11\/20210908_Dorfentwicklung_Hofmann-400x266.jpg 400w, https:\/\/www.gruene-mkk.de\/wp-content\/uploads\/2021\/11\/20210908_Dorfentwicklung_Hofmann-768x511.jpg 768w, https:\/\/www.gruene-mkk.de\/wp-content\/uploads\/2021\/11\/20210908_Dorfentwicklung_Hofmann-150x100.jpg 150w\" sizes=\"auto, (max-width: 800px) 100vw, 800px\" \/><\/figure>\n<\/div>\n\n\n\n<div class=\"wp-block-column is-vertically-aligned-center is-layout-flow wp-block-column-is-layout-flow\">\n<h2 class=\"h1 wp-block-heading\">Markus Hofmann (MdL)<\/h2>\n\n\n\n<p><em>pochodzi z grupy parlamentarnej B\u00dcNDNIS 90\/DIE GR\u00dcNEN Hessen nasza osoba wyznaczona do kontakt\u00f3w w sprawach dotycz\u0105cych zwi\u0105zku powiatowego Main-Kinzig<\/em><\/p>\n\n\n\n<div class=\"wp-block-group d-flex p-0 is-layout-flow wp-block-group-is-layout-flow\">\n<div class=\"wp-block-sunflower-meta-data\"><a href=\"https:\/\/www.facebook.com\/profile.php?id=100011190093478\" target=\"_blank\" rel=\"noopener\"><i class=\"fab fa-facebook-f\"><\/i><\/a><\/div>\n\n\n\n<div class=\"wp-block-sunflower-meta-data\"><a href=\"https:\/\/www.instagram.com\/markus_hofmann_mdl\/\" target=\"_blank\" rel=\"noopener\"><i class=\"fab fa-instagram\"><\/i><\/a><\/div>\n\n\n\n<div class=\"wp-block-sunflower-meta-data\"><a href=\"#\" data-unscramble=\"ed.nesseh.gtl@nnamfoh.m\" target=\"_blank\" rel=\"noopener\"><i class=\"fas fa-envelope\"><\/i><\/a><\/div>\n\n\n\n<div class=\"wp-block-sunflower-meta-data\"><a href=\"https:\/\/www.markus-hofmann-mdl.de\/\" target=\"_blank\" rel=\"noopener\"><i class=\"fas fa-globe\"><\/i><\/a><\/div>\n\n\n\n<p><\/p>\n\n\n\n<p><\/p>\n<\/div>\n<\/div>\n<\/div>\n\n\n\n<p>  <\/p>\n\n\n\n<p><em><strong>W przypadku Pa\u0144stwowego Zarz\u0105du Wykonawczego funkcj\u0119 t\u0119 przejmuje Skarbnik Pa\u0144stwowy.&nbsp;<em>Martin Kirsch&nbsp;<\/em>prawda.<\/strong><\/em><\/p>\n<\/div>\n\n\n\n<p>  <\/p>\n\n\n\n<div class=\"wp-block-columns is-layout-flex wp-container-core-columns-is-layout-9d6595d7 wp-block-columns-is-layout-flex\">\n<div class=\"wp-block-column is-layout-flow wp-block-column-is-layout-flow\">\n<figure class=\"wp-block-image size-large is-style-default\"><img loading=\"lazy\" decoding=\"async\" width=\"800\" height=\"534\" src=\"http:\/\/www.alles-bleibt-anders.org\/wp-content\/uploads\/2021\/11\/2017_Pressefoto_WSK_Bundestag_aussen-800x534.jpg\" alt=\"\" class=\"wp-image-686\" srcset=\"https:\/\/www.gruene-mkk.de\/wp-content\/uploads\/2021\/11\/2017_Pressefoto_WSK_Bundestag_aussen-800x534.jpg 800w, https:\/\/www.gruene-mkk.de\/wp-content\/uploads\/2021\/11\/2017_Pressefoto_WSK_Bundestag_aussen-400x267.jpg 400w, https:\/\/www.gruene-mkk.de\/wp-content\/uploads\/2021\/11\/2017_Pressefoto_WSK_Bundestag_aussen-768x512.jpg 768w, https:\/\/www.gruene-mkk.de\/wp-content\/uploads\/2021\/11\/2017_Pressefoto_WSK_Bundestag_aussen-1536x1025.jpg 1536w, https:\/\/www.gruene-mkk.de\/wp-content\/uploads\/2021\/11\/2017_Pressefoto_WSK_Bundestag_aussen.jpg 1731w\" sizes=\"auto, (max-width: 800px) 100vw, 800px\" \/><figcaption>Autor: Stefan Kami\u0144ski<\/figcaption><\/figure>\n\n\n\n<p><\/p>\n<\/div>\n\n\n\n<div class=\"wp-block-column is-vertically-aligned-center is-layout-flow wp-block-column-is-layout-flow\">\n<h2 class=\"h1 wp-block-heading\">Dr Wolfgang Strengmann-Kuhn (MdB)<\/h2>\n\n\n\n<p><em>pochodzi z Bundestagsfaktion B\u00dcNDNIS 90\/DIE GR\u00dcNEN osoba kontaktowa dla Main-Kinzig-Kreis<\/em> oraz bezpo\u015bredni kandydat kraju zwi\u0105zkowego Offenbach.<\/p>\n\n\n\n<div class=\"wp-block-group d-flex p-0 is-layout-flow wp-block-group-is-layout-flow\">\n<div class=\"wp-block-sunflower-meta-data\"><a href=\"https:\/\/strengmann-kuhn.de\/\" target=\"_blank\" rel=\"noopener\"><i class=\"fas fa-globe\"><\/i><\/a><\/div>\n<\/div>\n\n\n\n<p><\/p>\n<\/div>\n<\/div>","protected":false},"excerpt":{"rendered":"<p>Stowarzyszenie powiatowe B\u00dcNDNIS 90\/DIE GR\u00dcNEN Main-Kinzig liczy obecnie ponad 400 cz\u0142onk\u00f3w i stale si\u0119 rozwija. Cieszymy si\u0119, poniewa\u017c ten fakt wykazuje du\u017ce zainteresowanie zielonymi tematami [...]<\/p>","protected":false},"author":2,"featured_media":0,"parent":0,"menu_order":0,"comment_status":"closed","ping_status":"closed","template":"","meta":{"footnotes":""},"class_list":["post-18","page","type-page","status-publish","hentry"],"_links":{"self":[{"href":"https:\/\/www.gruene-mkk.de\/pl\/wp-json\/wp\/v2\/pages\/18","targetHints":{"allow":["GET"]}}],"collection":[{"href":"https:\/\/www.gruene-mkk.de\/pl\/wp-json\/wp\/v2\/pages"}],"about":[{"href":"https:\/\/www.gruene-mkk.de\/pl\/wp-json\/wp\/v2\/types\/page"}],"author":[{"embeddable":true,"href":"https:\/\/www.gruene-mkk.de\/pl\/wp-json\/wp\/v2\/users\/2"}],"replies":[{"embeddable":true,"href":"https:\/\/www.gruene-mkk.de\/pl\/wp-json\/wp\/v2\/comments?post=18"}],"version-history":[{"count":51,"href":"https:\/\/www.gruene-mkk.de\/pl\/wp-json\/wp\/v2\/pages\/18\/revisions"}],"predecessor-version":[{"id":1285,"href":"https:\/\/www.gruene-mkk.de\/pl\/wp-json\/wp\/v2\/pages\/18\/revisions\/1285"}],"wp:attachment":[{"href":"https:\/\/www.gruene-mkk.de\/pl\/wp-json\/wp\/v2\/media?parent=18"}],"curies":[{"name":"wp","href":"https:\/\/api.w.org\/{rel}","templated":true}]}}