{"id":18,"date":"2021-11-09T12:27:41","date_gmt":"2021-11-09T11:27:41","guid":{"rendered":"https:\/\/www.alles-bleibt-anders.org\/?page_id=18"},"modified":"2022-08-05T18:18:09","modified_gmt":"2022-08-05T16:18:09","slug":"partei","status":"publish","type":"page","link":"https:\/\/www.gruene-mkk.de\/it\/partei\/","title":{"rendered":"festa"},"content":{"rendered":"<div class=\"wp-block-cover is-light\" style=\"min-height:519px;aspect-ratio:unset;\"><span aria-hidden=\"true\" class=\"wp-block-cover__background has-background-dim-0 has-background-dim\"><\/span><img loading=\"lazy\" decoding=\"async\" width=\"1920\" height=\"1080\" class=\"wp-block-cover__image-background wp-image-19\" alt=\"\" src=\"http:\/\/www.alles-bleibt-anders.org\/wp-content\/uploads\/2021\/11\/kreisverband-mkk-card.jpg\" style=\"object-position:54% 62%\" data-object-fit=\"cover\" data-object-position=\"54% 62%\" srcset=\"https:\/\/www.gruene-mkk.de\/wp-content\/uploads\/2021\/11\/kreisverband-mkk-card.jpg 1920w, https:\/\/www.gruene-mkk.de\/wp-content\/uploads\/2021\/11\/kreisverband-mkk-card-400x225.jpg 400w, https:\/\/www.gruene-mkk.de\/wp-content\/uploads\/2021\/11\/kreisverband-mkk-card-800x450.jpg 800w, https:\/\/www.gruene-mkk.de\/wp-content\/uploads\/2021\/11\/kreisverband-mkk-card-768x432.jpg 768w, https:\/\/www.gruene-mkk.de\/wp-content\/uploads\/2021\/11\/kreisverband-mkk-card-1536x864.jpg 1536w, https:\/\/www.gruene-mkk.de\/wp-content\/uploads\/2021\/11\/kreisverband-mkk-card-150x84.jpg 150w\" sizes=\"auto, (max-width: 1920px) 100vw, 1920px\" \/><div class=\"wp-block-cover__inner-container is-layout-flow wp-block-cover-is-layout-flow\">\n<p class=\"has-text-align-center has-large-font-size\"><\/p>\n<\/div><\/div>\n\n\n\n<div class=\"wp-block-group has-green-800-color has-white-background-color has-text-color has-background is-layout-flow wp-block-group-is-layout-flow\">\n<p class=\"has-text-align-center\" style=\"font-size:clamp(14.642px, 0.915rem + ((1vw - 3.2px) * 0.836), 22px);\">Il <strong>Kreisverband B\u00dcNDNIS 90\/DIE GR\u00dcNEN Main-Kinzig<\/strong> Ora abbiamo pi\u00f9 di 400 membri e siamo in costante crescita. Siamo lieti di questo, perch\u00e9 questo fatto mostra un grande interesse per le questioni verdi come la protezione dell'ambiente e del clima, lo sviluppo sostenibile (in particolare le regioni rurali) e la giustizia sociale. <\/p>\n\n\n\n<p class=\"has-text-align-center\" style=\"font-size:clamp(14.642px, 0.915rem + ((1vw - 3.2px) * 0.836), 22px);\">Questo ci motiva a promuovere attivamente questi argomenti!<\/p>\n<\/div>\n\n\n\n<p>   <\/p>\n\n\n\n<h3 class=\"wp-block-heading\">La nostra associazione distrettuale<\/h3>\n\n\n\n<p>Il <a href=\"https:\/\/www.alles-bleibt-anders.org\/partei\/kreisvorstand\/\"><strong>Consiglio Direttivo Distrettuale<\/strong><\/a> Organizza regolarmente riunioni generali e altre attivit\u00e0 per i membri della rete e gruppi. L'Ufficio di presidenza \u00e8 composto da cinque membri, una cassiera e un rappresentante per ciascun gruppo politico e Green Youth.<\/p>\n\n\n\n<p>Il <a href=\"https:\/\/www.alles-bleibt-anders.org\/partei\/gruene-jugend\/\"><strong>Giovent\u00f9 verde<\/strong><\/a> Nel Main-Kinzig-Kreis organizza regolarmente i propri incontri ed eventi su temi che riguardano i giovani e i giovani adulti. Se sei interessato, contatta il Green Youth Main-Kinzig su Instagram e vieni a un incontro.<\/p>\n\n\n\n<p>Sul posto, i nostri membri si organizzano in 18 attivi <a href=\"https:\/\/www.alles-bleibt-anders.org\/gruene-vor-ort\/\"><strong>Associazioni locali<\/strong><\/a> Sono membri dei consigli locali. <\/p>\n\n\n\n<p><strong><a href=\"https:\/\/www.alles-bleibt-anders.org\/termine\/\">Assemblee Generali ed Eventi<\/a> sono pubblici e i Green Main-Kinzig sono sempre felici della partecipazione delle parti interessate!<\/strong><\/p>\n\n\n\n<p><\/p>\n\n\n\n<h3 class=\"wp-block-heading\">Comitati e delegati<\/h3>\n\n\n\n<p>L'associazione distrettuale invia due delegati al consiglio di partito dell'associazione statale e due alla conferenza dei delegati federali. Inoltre, \u00e8 rappresentato con un delegato nel Consiglio delle donne di Stato.<\/p>\n\n\n\n<div class=\"wp-block-columns is-layout-flex wp-container-core-columns-is-layout-9d6595d7 wp-block-columns-is-layout-flex\">\n<div class=\"wp-block-column is-layout-flow wp-block-column-is-layout-flow\">\n<div class=\"wp-block-sunflower-accordion\"><div class=\"accordion-item\"><h4 class=\"accordion-header\"><button class=\"accordion-button collapsed\" type=\"button\" data-bs-toggle=\"collapse\" data-bs-target=\".sacc07878bfc-d5ef-4814-bd00-9aaee99f4768\" aria-expanded=\"false\" aria-controls=\".sacc07878bfc-d5ef-4814-bd00-9aaee99f4768\">Consiglio del Partito dell'Assia<\/button><\/h4><div class=\"accordion-collapse collapse sacc07878bfc-d5ef-4814-bd00-9aaee99f4768\" aria-labelledby=\".sacc07878bfc-d5ef-4814-bd00-9aaee99f4768\"><div class=\"accordion-body\"><p class=\"sunflower-accordion\"><strong>Angelika Gunkel<\/strong> (Delegati)<br\/><strong>Jakob M\u00e4hler<\/strong> (Delegato)<br\/><br\/><strong>Viola Ha\u00dfdenteufe<\/strong>l (delegato sostitutivo)<br\/><strong>Sandra Gerbert <\/strong>(Delegato di sostituzione)<br\/><strong>Reiner Bousonville <\/strong>(Delegato di sostituzione)<br\/><strong>Ciottoli di noce<\/strong> (Delegato di sostituzione)<br\/><\/p><\/div><\/div><\/div><\/div>\n<\/div>\n\n\n\n<div class=\"wp-block-column is-layout-flow wp-block-column-is-layout-flow\">\n<div class=\"wp-block-sunflower-accordion\"><div class=\"accordion-item\"><h4 class=\"accordion-header\"><button class=\"accordion-button collapsed\" type=\"button\" data-bs-toggle=\"collapse\" data-bs-target=\".saccb1676d2a-723a-422b-9a94-d845a8ff4b68\" aria-expanded=\"false\" aria-controls=\".saccb1676d2a-723a-422b-9a94-d845a8ff4b68\">Conferenza federale dei delegati (BDK)<\/button><\/h4><div class=\"accordion-collapse collapse saccb1676d2a-723a-422b-9a94-d845a8ff4b68\" aria-labelledby=\".saccb1676d2a-723a-422b-9a94-d845a8ff4b68\"><div class=\"accordion-body\"><p class=\"sunflower-accordion\"><strong>Barbara Sch\u00e4fer<\/strong>, Maintal (delegati)<br\/><strong>Matthias Dorka<\/strong>, Brachttal<strong> <\/strong>(Delegato)<br\/><br\/><strong>Laura Merz,<\/strong> Sch\u00f6neck (delegato di sostituzione)<br\/><strong>Manfred Cuntz,<\/strong> Gr\u00fcndau<strong> <\/strong>(Delegato di sostituzione)<br\/><br\/>(a partire da gennaio 2022)<\/p><\/div><\/div><\/div><\/div>\n<\/div>\n\n\n\n<div class=\"wp-block-column is-layout-flow wp-block-column-is-layout-flow\">\n<div class=\"wp-block-sunflower-accordion\"><div class=\"accordion-item\"><h4 class=\"accordion-header\"><button class=\"accordion-button collapsed\" type=\"button\" data-bs-toggle=\"collapse\" data-bs-target=\".sacc1f3f724e-0f2a-4753-856b-ca9364464795\" aria-expanded=\"false\" aria-controls=\".sacc1f3f724e-0f2a-4753-856b-ca9364464795\">Consiglio di Stato delle Donne d'Assia<\/button><\/h4><div class=\"accordion-collapse collapse sacc1f3f724e-0f2a-4753-856b-ca9364464795\" aria-labelledby=\".sacc1f3f724e-0f2a-4753-856b-ca9364464795\"><div class=\"accordion-body\"><p class=\"sunflower-accordion\"><strong>Mareike Forchheim<\/strong> (Delegati)<br\/><br\/><strong>Monika K\u00fchn-Bousonville <\/strong>(Delegato di sostituzione)<br\/><br\/><strong>Maria Heider<\/strong> (Delegato di sostituzione)<\/p><\/div><\/div><\/div><\/div>\n<\/div>\n<\/div>\n\n\n\n<p><\/p>\n\n\n\n<h3 class=\"wp-block-heading\">Rappresentanti di B\u00dcNDNIS 90\/DIE GR\u00dcNEN nel parlamento statale, nel comitato esecutivo statale e nel Bundestag <\/h3>\n\n\n\n<p>  <\/p>\n\n\n\n<div class=\"wp-block-group alignwide has-white-background-color has-background is-layout-flow wp-block-group-is-layout-flow\" id=\"full-width\">\n<div class=\"wp-block-columns is-layout-flex wp-container-core-columns-is-layout-9d6595d7 wp-block-columns-is-layout-flex\">\n<div class=\"wp-block-column is-layout-flow wp-block-column-is-layout-flow\">\n<figure class=\"wp-block-image size-full is-style-default\"><img loading=\"lazy\" decoding=\"async\" width=\"800\" height=\"532\" src=\"http:\/\/www.alles-bleibt-anders.org\/wp-content\/uploads\/2021\/11\/20210908_Dorfentwicklung_Hofmann.jpg\" alt=\"\" class=\"wp-image-206\" srcset=\"https:\/\/www.gruene-mkk.de\/wp-content\/uploads\/2021\/11\/20210908_Dorfentwicklung_Hofmann.jpg 800w, https:\/\/www.gruene-mkk.de\/wp-content\/uploads\/2021\/11\/20210908_Dorfentwicklung_Hofmann-400x266.jpg 400w, https:\/\/www.gruene-mkk.de\/wp-content\/uploads\/2021\/11\/20210908_Dorfentwicklung_Hofmann-768x511.jpg 768w, https:\/\/www.gruene-mkk.de\/wp-content\/uploads\/2021\/11\/20210908_Dorfentwicklung_Hofmann-150x100.jpg 150w\" sizes=\"auto, (max-width: 800px) 100vw, 800px\" \/><\/figure>\n<\/div>\n\n\n\n<div class=\"wp-block-column is-vertically-aligned-center is-layout-flow wp-block-column-is-layout-flow\">\n<h2 class=\"h1 wp-block-heading\">Markus Hofmann (MdL)<\/h2>\n\n\n\n<p><em>\u00e8 del gruppo parlamentare B\u00dcNDNIS 90\/DIE GR\u00dcNEN Hessen il nostro referente per le preoccupazioni dell'associazione distrettuale Main-Kinzig<\/em><\/p>\n\n\n\n<div class=\"wp-block-group d-flex p-0 is-layout-flow wp-block-group-is-layout-flow\">\n<div class=\"wp-block-sunflower-meta-data\"><a href=\"https:\/\/www.facebook.com\/profile.php?id=100011190093478\" target=\"_blank\" rel=\"noopener\"><i class=\"fab fa-facebook-f\"><\/i><\/a><\/div>\n\n\n\n<div class=\"wp-block-sunflower-meta-data\"><a href=\"https:\/\/www.instagram.com\/markus_hofmann_mdl\/\" target=\"_blank\" rel=\"noopener\"><i class=\"fab fa-instagram\"><\/i><\/a><\/div>\n\n\n\n<div class=\"wp-block-sunflower-meta-data\"><a href=\"#\" data-unscramble=\"ed.nesseh.gtl@nnamfoh.m\" target=\"_blank\" rel=\"noopener\"><i class=\"fas fa-envelope\"><\/i><\/a><\/div>\n\n\n\n<div class=\"wp-block-sunflower-meta-data\"><a href=\"https:\/\/www.markus-hofmann-mdl.de\/\" target=\"_blank\" rel=\"noopener\"><i class=\"fas fa-globe\"><\/i><\/a><\/div>\n\n\n\n<p><\/p>\n\n\n\n<p><\/p>\n<\/div>\n<\/div>\n<\/div>\n\n\n\n<p>  <\/p>\n\n\n\n<p><em><strong>Per il comitato esecutivo dello Stato, questa funzione \u00e8 assunta dal tesoriere dello Stato.&nbsp;<em>Martin Kirsch&nbsp;<\/em>vero.<\/strong><\/em><\/p>\n<\/div>\n\n\n\n<p>  <\/p>\n\n\n\n<div class=\"wp-block-columns is-layout-flex wp-container-core-columns-is-layout-9d6595d7 wp-block-columns-is-layout-flex\">\n<div class=\"wp-block-column is-layout-flow wp-block-column-is-layout-flow\">\n<figure class=\"wp-block-image size-large is-style-default\"><img loading=\"lazy\" decoding=\"async\" width=\"800\" height=\"534\" src=\"http:\/\/www.alles-bleibt-anders.org\/wp-content\/uploads\/2021\/11\/2017_Pressefoto_WSK_Bundestag_aussen-800x534.jpg\" alt=\"\" class=\"wp-image-686\" srcset=\"https:\/\/www.gruene-mkk.de\/wp-content\/uploads\/2021\/11\/2017_Pressefoto_WSK_Bundestag_aussen-800x534.jpg 800w, https:\/\/www.gruene-mkk.de\/wp-content\/uploads\/2021\/11\/2017_Pressefoto_WSK_Bundestag_aussen-400x267.jpg 400w, https:\/\/www.gruene-mkk.de\/wp-content\/uploads\/2021\/11\/2017_Pressefoto_WSK_Bundestag_aussen-768x512.jpg 768w, https:\/\/www.gruene-mkk.de\/wp-content\/uploads\/2021\/11\/2017_Pressefoto_WSK_Bundestag_aussen-1536x1025.jpg 1536w, https:\/\/www.gruene-mkk.de\/wp-content\/uploads\/2021\/11\/2017_Pressefoto_WSK_Bundestag_aussen.jpg 1731w\" sizes=\"auto, (max-width: 800px) 100vw, 800px\" \/><figcaption>Autore: Stefan Kaminski<\/figcaption><\/figure>\n\n\n\n<p><\/p>\n<\/div>\n\n\n\n<div class=\"wp-block-column is-vertically-aligned-center is-layout-flow wp-block-column-is-layout-flow\">\n<h2 class=\"h1 wp-block-heading\">Dr. Wolfgang Strengmann-Kuhn (MdB)<\/h2>\n\n\n\n<p><em>proviene dal referente della Bundestagsfaktion B\u00dcNDNIS 90\/DIE GR\u00dcNEN per il Main-Kinzig-Kreis<\/em> e candidato diretto del distretto Offenbach Land.<\/p>\n\n\n\n<div class=\"wp-block-group d-flex p-0 is-layout-flow wp-block-group-is-layout-flow\">\n<div class=\"wp-block-sunflower-meta-data\"><a href=\"https:\/\/strengmann-kuhn.de\/\" target=\"_blank\" rel=\"noopener\"><i class=\"fas fa-globe\"><\/i><\/a><\/div>\n<\/div>\n\n\n\n<p><\/p>\n<\/div>\n<\/div>","protected":false},"excerpt":{"rendered":"<p>L'associazione distrettuale B\u00dcNDNIS 90\/DIE GR\u00dcNEN Main-Kinzig conta oggi pi\u00f9 di 400 membri ed \u00e8 in costante crescita. Siamo soddisfatti, perch\u00e9 questo fatto dimostra un grande interesse per i temi verdi [...]<\/p>","protected":false},"author":2,"featured_media":0,"parent":0,"menu_order":0,"comment_status":"closed","ping_status":"closed","template":"","meta":{"footnotes":""},"class_list":["post-18","page","type-page","status-publish","hentry"],"_links":{"self":[{"href":"https:\/\/www.gruene-mkk.de\/it\/wp-json\/wp\/v2\/pages\/18","targetHints":{"allow":["GET"]}}],"collection":[{"href":"https:\/\/www.gruene-mkk.de\/it\/wp-json\/wp\/v2\/pages"}],"about":[{"href":"https:\/\/www.gruene-mkk.de\/it\/wp-json\/wp\/v2\/types\/page"}],"author":[{"embeddable":true,"href":"https:\/\/www.gruene-mkk.de\/it\/wp-json\/wp\/v2\/users\/2"}],"replies":[{"embeddable":true,"href":"https:\/\/www.gruene-mkk.de\/it\/wp-json\/wp\/v2\/comments?post=18"}],"version-history":[{"count":51,"href":"https:\/\/www.gruene-mkk.de\/it\/wp-json\/wp\/v2\/pages\/18\/revisions"}],"predecessor-version":[{"id":1285,"href":"https:\/\/www.gruene-mkk.de\/it\/wp-json\/wp\/v2\/pages\/18\/revisions\/1285"}],"wp:attachment":[{"href":"https:\/\/www.gruene-mkk.de\/it\/wp-json\/wp\/v2\/media?parent=18"}],"curies":[{"name":"wp","href":"https:\/\/api.w.org\/{rel}","templated":true}]}}