{"id":3097,"date":"2025-12-11T15:20:04","date_gmt":"2025-12-11T14:20:04","guid":{"rendered":"https:\/\/www.gruene-mkk.de\/?page_id=3097"},"modified":"2025-12-11T15:27:15","modified_gmt":"2025-12-11T14:27:15","slug":"unsere-kandidierende","status":"publish","type":"page","link":"https:\/\/www.gruene-mkk.de\/hr\/unsere-kandidierende\/","title":{"rendered":"Na\u0161i kandidati."},"content":{"rendered":"<p>\u017deljeli bismo vas upoznati s na\u0161im predanim kandidatima za okru\u017ene izbore 2026. godine! Zala\u017ee se za suradnju, odr\u017eivi razvoj i stvarne promjene u okrugu Main-Kinzig. Svaki od njih donosi iskustvo, ideje i strast te svi \u017eele imati aktivnu ulogu u oblikovanju kruga.<\/p>\n\n\n\n<p>Radujemo se suradnji s na\u0161im kandidatima na promicanju sna\u017enog, solidarnog i ekolo\u0161kog su\u017eivota u krugu jer to zajedno mo\u017eemo u\u010diniti!<\/p>\n\n\n\n<ol class=\"wp-block-list\">\n<li>1. Mahwish Iftikhar, Nidderau<\/li>\n\n\n\n<li>2. Philip Schinkel iz Bad Orba<\/li>\n\n\n\n<li>3. Sandra Gerbert iz Hammersbacha<\/li>\n\n\n\n<li>4. Reiner Bousonville, jezero Erlen<\/li>\n\n\n\n<li>5. Cornelia Hofacker, Langenselbold<\/li>\n\n\n\n<li>6. Bernd Wietzorek, Gelnhausen<\/li>\n\n\n\n<li>7. Lene Jeckel i Jossgrund<\/li>\n\n\n\n<li>8. Rainer Vogel, Nidderau<\/li>\n\n\n\n<li>9. Sophia Spottke u Gro\u00dfkrotzenburgu<\/li>\n\n\n\n<li>10. Lucas B\u00e4uml u Gro\u00dfkrotzenburgu<\/li>\n\n\n\n<li>11. Nurhan Wendt, srame\u017eljiv<\/li>\n\n\n\n<li>12. Matthias Kuponiyi-B\u00f6ff, Brachttal<\/li>\n\n\n\n<li>13. Monika K\u00fchn-Bousonville, jezero Erlen<\/li>\n\n\n\n<li>14. Wolfgang Seifried i Sch\u00f6neck<\/li>\n\n\n\n<li>15. Viola Ha\u00dfdenteufel, Nidderau<\/li>\n\n\n\n<li>16. Lukas Happe, Gelnhausen<\/li>\n\n\n\n<li>17. Annika Streit, Gelnhausen<\/li>\n\n\n\n<li>18. Thomas Gassen od Gro\u00dfkrotzenburg<\/li>\n\n\n\n<li>19. Claudia Schmidt, Steinau<\/li>\n\n\n\n<li>20. Leonid Schneider, jezero Erlen<\/li>\n\n\n\n<li>21. Karin Arcan-Meiers, Rodenbach<\/li>\n\n\n\n<li>22. Thomas B\u00fcrvenich, Gelnhausen<\/li>\n\n\n\n<li>23. Christine Dr\u00f6\u00dfler-Utecht, Rodenbach<\/li>\n\n\n\n<li>24. Uwe Eberlein, Bruchk\u00f6bel<\/li>\n\n\n\n<li>25. Claudia Henning-Eberlein iz Bruchk\u00f6bela<\/li>\n\n\n\n<li>26. Klaus B\u00f6ttcher, Lentil jelo<\/li>\n\n\n\n<li>27. Katharina G\u00f6ring, Biebergem\u00fcnd<\/li>\n\n\n\n<li>28. Markus Sextro, Biebergem\u00fcnd<\/li>\n\n\n\n<li>29. C\u00e9line Bousonville, jezero Erlen<\/li>\n\n\n\n<li>30. Umut Yadigar, Niederdorfelden<\/li>\n\n\n\n<li>31. Karin Sch\u00e4fer, Hammersbach<\/li>\n\n\n\n<li>32. Dennis Mathie od Gelnhausen<\/li>\n\n\n\n<li>33. Katja Hix od W\u00e4chtersbach<\/li>\n\n\n\n<li>34. Stefan Chalupka od Gro\u00dfkrotzenburg<\/li>\n\n\n\n<li>35. Elias Breitenberger, lo\u0161a kugla<\/li>\n\n\n\n<li>36. Fabian Storck, W\u00e4chtersbach<\/li>\n\n\n\n<li>37. Antje Sch\u00f6ny u Hammersbachu<\/li>\n\n\n\n<li>38. Beate Boege-Sonnek, Lo\u0161a Orb<\/li>\n\n\n\n<li>39. Octavia Gentemann-Schmidt, Bruchk\u00f6bel<\/li>\n\n\n\n<li>40. Johannes Rubach u Gro\u00dfkrotzenburgu<\/li>\n<\/ol>\n\n\n\n<p><\/p>\n\n\n\n<p>&nbsp;<em>(Foto: s lijeva na desno Bernd Wietzorek, Matthias Kuponiyi-B\u00f6ff, Nurhan Wendt, Monika K\u00fchn-Bousonville, Philip Schinkel, Lucas B\u00e4uml, Mahwish Iftikhar, Sophia Spottke, Lene Jeckel, Sandra Gerbert, Reiner Bousonville)&nbsp;<\/em><\/p>","protected":false},"excerpt":{"rendered":"<p>\u017deljeli bismo vas upoznati s na\u0161im predanim kandidatima za okru\u017ene izbore 2026. godine! Zala\u017ee se za suradnju, odr\u017eivi razvoj i stvarne promjene u okrugu Main-Kinzig. Svaki od njih donosi iskustva, ideje i [...]<\/p>","protected":false},"author":2,"featured_media":3081,"parent":0,"menu_order":0,"comment_status":"closed","ping_status":"closed","template":"","meta":{"footnotes":""},"class_list":["post-3097","page","type-page","status-publish","has-post-thumbnail","hentry"],"_links":{"self":[{"href":"https:\/\/www.gruene-mkk.de\/hr\/wp-json\/wp\/v2\/pages\/3097","targetHints":{"allow":["GET"]}}],"collection":[{"href":"https:\/\/www.gruene-mkk.de\/hr\/wp-json\/wp\/v2\/pages"}],"about":[{"href":"https:\/\/www.gruene-mkk.de\/hr\/wp-json\/wp\/v2\/types\/page"}],"author":[{"embeddable":true,"href":"https:\/\/www.gruene-mkk.de\/hr\/wp-json\/wp\/v2\/users\/2"}],"replies":[{"embeddable":true,"href":"https:\/\/www.gruene-mkk.de\/hr\/wp-json\/wp\/v2\/comments?post=3097"}],"version-history":[{"count":5,"href":"https:\/\/www.gruene-mkk.de\/hr\/wp-json\/wp\/v2\/pages\/3097\/revisions"}],"predecessor-version":[{"id":3107,"href":"https:\/\/www.gruene-mkk.de\/hr\/wp-json\/wp\/v2\/pages\/3097\/revisions\/3107"}],"wp:featuredmedia":[{"embeddable":true,"href":"https:\/\/www.gruene-mkk.de\/hr\/wp-json\/wp\/v2\/media\/3081"}],"wp:attachment":[{"href":"https:\/\/www.gruene-mkk.de\/hr\/wp-json\/wp\/v2\/media?parent=3097"}],"curies":[{"name":"wp","href":"https:\/\/api.w.org\/{rel}","templated":true}]}}