{"id":3013,"date":"2025-11-27T16:37:15","date_gmt":"2025-11-27T15:37:15","guid":{"rendered":"https:\/\/www.gruene-mkk.de\/?page_id=3013"},"modified":"2026-03-06T13:48:05","modified_gmt":"2026-03-06T12:48:05","slug":"transparenzbekanntmachung","status":"publish","type":"page","link":"https:\/\/www.gruene-mkk.de\/hr\/transparenzbekanntmachung\/","title":{"rendered":"Obavijest o transparentnosti"},"content":{"rendered":"<p><strong>Obavijest o transparentnosti u skladu s \u010dlankom 11. Uredbe (EU) 2024\/900 o transparentnosti i ciljanju u politi\u010dkom ogla\u0161avanju (Uredba o TTIP-u)<\/strong><\/p>\n\n\n\n<p><strong>Status: 19.11.2025<\/strong><\/p>\n\n\n\n<p><strong>1.Pokrovitelj politi\u010dkog oglasa<\/strong><\/p>\n\n\n\n<p>Savez 90\/Zeleni \u2013 udruga okruga Main-Kinzig<br>Adresa: Calvinstra\u00dfe 10, 63450 Hanau<br>E-po\u0161ta:&nbsp;<a href=\"#\" data-unscramble=\"ed.kkm-eneurg@vk\" data-type=\"mailto\" data-id=\"#\">kv@gruene-mkk.de<\/a><br>koju zastupaju izvr\u0161na direktorica okruga Anja Zeller, Beate Boege-Sonnek, Philip Schinkel, Steve Euler, Christine Dr\u00f6\u00dfler-Utecht, Matthias Kuponiyi-B\u00f6ff<\/p>\n\n\n\n<p><strong>2. Platni subjekt<\/strong><\/p>\n\n\n\n<p>Savez 90\/Zeleni \u2013 udruga okruga Main-Kinzig<br>Adresa: Calvinstra\u00dfe 10, 63450 Hanau<br>E-po\u0161ta:&nbsp;<a href=\"#\" data-unscramble=\"ed.kkm-eneurg@vk\" data-type=\"mailto\" data-id=\"#\">kv@gruene-mkk.de<\/a><br>koju zastupaju izvr\u0161na direktorica okruga Anja Zeller, Beate Boege-Sonnek, Philip Schinkel, Steve Euler, Christine Dr\u00f6\u00dfler-Utecht, Matthias Kuponiyi-B\u00f6ff<\/p>\n\n\n\n<p>Kampanju za op\u0107inske izbore u Hessianu 2026. financira B\u00fcndnis 90\/DIE GR\u00dcNEN Kreisverband Main-Kinzig i njegove pododjeljke. Ra\u0161\u010dlambe uklju\u010duju:&nbsp;<a href=\"https:\/\/www.gruene-mkk.de\/hr\/gruene-vor-ort\/ortsverbaende\/\" data-type=\"page\" data-id=\"613\">Popis lokalnih udruga<\/a>.&nbsp;<\/p>\n\n\n\n<p><strong>3. Razdoblje objave<\/strong><\/p>\n\n\n\n<p>Politi\u010dki oglasi bit \u0107e objavljeni ili diseminirani u kontekstu op\u0107inske izborne kampanje za op\u0107inske izbore u Hessiju 15.3.2026. u razdoblju od 18.11.2025. do 30.3.2026.<\/p>\n\n\n\n<p><strong>4. Informacije o financiranju<\/strong><\/p>\n\n\n\n<p>Prora\u010dun za promid\u017ebeni materijal op\u0107inske izborne kampanje B\u00fcndnis 90\/DIE GR\u00dcNEN Kreisverband Main-Kinzig uklju\u010duje 850.00 \u20ac za materijale, 11,500.00 \u20ac za rezervacije velikih povr\u0161ina i 2.500,00 \u20ac za oglase.<\/p>\n\n\n\n<p>Izvor sredstava: privatno<em>,&nbsp;<\/em>Podrijetlo sredstava: unutar Europske unije<\/p>\n\n\n\n<p>Plakati velikih razmjera<br>Ukupna vrijednost usluge ogla\u0161avanja izra\u010dunava se na temelju tro\u0161ka rezervacije plakata velikog podru\u010dja za desetlje\u0107e (obi\u010dno 10 dana). Ovisno o lokaciji i mediju ogla\u0161avanja, dnevne cijene kre\u0107u se od 5,90 \u20ac do 98,40 \u20ac.<strong>.<\/strong><\/p>\n\n\n\n<p><strong>5. Razlog \/ politi\u010dki kontekst<\/strong><\/p>\n\n\n\n<p>Ovaj je oglas povezan s op\u0107inskim izborima u Hessianu 2026. Slu\u017ebene informacije o glasovanju:<em><br><\/em>Okru\u017eni slu\u017ebenik za vra\u0107anje u okrugu Main-Kinzig:&nbsp;<a href=\"https:\/\/www.mkk.de\/landkreis\/politik_1\/wahlen\/Wahlen.html\">https:\/\/www.mkk.de\/landkreis\/politik_1\/wahlen\/Wahlen.html<\/a><\/p>\n\n\n\n<p><strong>6. Informacije o pru\u017eatelju usluga ogla\u0161avanja\/agenciji<\/strong><\/p>\n\n\n\n<p>Pru\u017eatelji usluga u kontekstu op\u0107inske izborne kampanje u Hessenu 2026.<\/p>\n\n\n\n<p>1-2-3-Plakat.de GmbH, Moltkestr. 8, 32257 frets, telefon: 05223 1778-77, e-po\u0161ta:&nbsp;<a href=\"#\" data-unscramble=\"ed.takalp321@ofni\">info@123plakat.de<\/a>, vrsta usluge: Posredovanje u reklamnom prostoru<\/p>\n\n\n\n<p>Wesselmann Werbung GmbH, Lohrheidestr. 68-70, 44866 Bochum, Njema\u010dka 02327 3963, e-po\u0161ta:&nbsp;<a href=\"#\" data-unscramble=\"ed.gnubrew-nnamlessew@liam\">mail@wesselmann-werbung.de<\/a>, vrsta usluge: Iznajmljivanje oglasnog prostora<\/p>\n\n\n\n<p>Staudigl-Druck GmbH &amp; Co.KG, Sch\u00fctzenring 1, 86609 Donauw\u00fcrth, Njema\u010dka 0906 7008 0, e-po\u0161ta: info@staudigl-bubanj, Vrsta usluge: Tiskanje plakata<\/p>\n\n\n\n<p>| RheinMain.Media, Hanauer Anzeiger GmbH &amp; Co. KG, Donaustra\u00dfe 5, 63452 Hanau, Njema\u010dka <a href=\"#\" data-unscramble=\"ed.mmr@redeor.saerdna\"><\/a><a href=\"#\" data-unscramble=\"ed.mmr@ecivres\" target=\"_blank\" rel=\"noreferrer noopener\">service@rmm.de<\/a>, vrsta usluge: Oglas<\/p>\n\n\n\n<p><br>Druck- und Pressehaus Naumann GmbH &amp; Co. KG, Gutenbergstra\u00dfe 1, 63571 Gelnhausen, servicecenter@gnz.de, telefon: 06051\/833-290, Vrsta usluge: Oglas<\/p>\n\n\n\n<p><strong>7. Pojedinosti o objavi<\/strong><\/p>\n\n\n\n<p>Podru\u010dje distribucije: lokalno stanovni\u0161tvo u mjestu Main-Kinzig-Kreis, Hesse<\/p>\n\n\n\n<p><strong>8. Informacije o ciljanju i obradi podataka<\/strong><\/p>\n\n\n\n<p>Nema kori\u0161tenja osobnih podataka.<\/p>\n\n\n\n<p>Oglasi se prikazuju prema karakteristikama ciljne skupine (regija u Hessenu). Za vi\u0161e informacija vidjeti:&nbsp;<a href=\"http:\/\/www.gruene-hessen.de\/datenschutz\">www.gruene-hessen.de\/datenschutz<\/a><\/p>\n\n\n\n<p><strong>9. Prethodne publikacije\/ispravci<\/strong><\/p>\n\n\n\n<p>Nema prija\u0161njih publikacija ili ispravaka.<\/p>\n\n\n\n<p><strong>10. Osoba za kontakt za pitanja transparentnosti<\/strong><\/p>\n\n\n\n<p>Naziv: Mareike J\u00e4ger, e-po\u0161ta:\u00a0<a href=\"#\" data-unscramble=\"ed.nesseh-eneurg@dnabrevsednal\"><a href=\"#\" data-unscramble=\"ed.kkm-eneurg@vk\" data-type=\"mailto\" data-id=\"#\">kv@gruene-mkk.de<\/a><\/a><\/p>\n\n\n\n<p>Tijelo za pritu\u017ebe odgovorno za za\u0161titu podataka:<br>Hessian povjerenik za za\u0161titu podataka i slobodu informacija Hessen<br>Slu\u017ebenik za za\u0161titu podataka<br>Odjel 2.3.<br>Polje za PO 3163<br>65021 Wiesbaden<br>Telefonski broj: +49 611 1408 161, po\u0161ta:&nbsp;<a href=\"#\" data-unscramble=\"ed.nesseh.ztuhcsnetad@elletstsop\">poststelle@datenschutz.hessen.de<\/a><\/p>\n\n\n\n<p>Odgovoran za sadr\u017eaj i ispravnost: Savez 90\/Zeleni \u2013 udruga okruga Main-Kinzig<\/p>\n\n\n\n<p>Datum: 19.11.2025<\/p>","protected":false},"excerpt":{"rendered":"<p>Obavijest o transparentnosti u skladu s \u010dlankom 11. Uredbe (EU) 2024\/900 o transparentnosti i ciljanju u politi\u010dkom ogla\u0161avanju (Uredba o TTIP-u) Status: 19.11.2025 1.Pokrovitelj politi\u010dkog oglasa B\u00dcNDNIS 90\/DIE GR\u00dcNEN - Kreisverband Main-KinzigAdresa: Ulica Calvin [...]<\/p>","protected":false},"author":2,"featured_media":0,"parent":0,"menu_order":0,"comment_status":"closed","ping_status":"closed","template":"","meta":{"footnotes":""},"class_list":["post-3013","page","type-page","status-publish","hentry"],"_links":{"self":[{"href":"https:\/\/www.gruene-mkk.de\/hr\/wp-json\/wp\/v2\/pages\/3013","targetHints":{"allow":["GET"]}}],"collection":[{"href":"https:\/\/www.gruene-mkk.de\/hr\/wp-json\/wp\/v2\/pages"}],"about":[{"href":"https:\/\/www.gruene-mkk.de\/hr\/wp-json\/wp\/v2\/types\/page"}],"author":[{"embeddable":true,"href":"https:\/\/www.gruene-mkk.de\/hr\/wp-json\/wp\/v2\/users\/2"}],"replies":[{"embeddable":true,"href":"https:\/\/www.gruene-mkk.de\/hr\/wp-json\/wp\/v2\/comments?post=3013"}],"version-history":[{"count":5,"href":"https:\/\/www.gruene-mkk.de\/hr\/wp-json\/wp\/v2\/pages\/3013\/revisions"}],"predecessor-version":[{"id":3316,"href":"https:\/\/www.gruene-mkk.de\/hr\/wp-json\/wp\/v2\/pages\/3013\/revisions\/3316"}],"wp:attachment":[{"href":"https:\/\/www.gruene-mkk.de\/hr\/wp-json\/wp\/v2\/media?parent=3013"}],"curies":[{"name":"wp","href":"https:\/\/api.w.org\/{rel}","templated":true}]}}