{"id":3013,"date":"2025-11-27T16:37:15","date_gmt":"2025-11-27T15:37:15","guid":{"rendered":"https:\/\/www.gruene-mkk.de\/?page_id=3013"},"modified":"2026-03-06T13:48:05","modified_gmt":"2026-03-06T12:48:05","slug":"transparenzbekanntmachung","status":"publish","type":"page","link":"https:\/\/www.gruene-mkk.de\/fr\/transparenzbekanntmachung\/","title":{"rendered":"Avis de transparence"},"content":{"rendered":"<p><strong>Avis de transparence au titre de l\u2019article 11 du r\u00e8glement (UE) 2024\/900 relatif \u00e0 la transparence et au ciblage de la publicit\u00e9 \u00e0 caract\u00e8re politique (r\u00e8glement TTPA)<\/strong><\/p>\n\n\n\n<p><strong>\u00c9tat d\u2019avancement: 19.11.2025<\/strong><\/p>\n\n\n\n<p><strong>1.Sponsor de l'annonce politique<\/strong><\/p>\n\n\n\n<p>F\u00c9D\u00c9RATION 90\/LES VERTS \u2013 Kreisverband Main-Kinzig<br>Adresse : Calvinstra\u00dfe 10, 63450 Hanau<br>Courriel:&nbsp;<a href=\"#\" data-unscramble=\"ed.kkm-eneurg@vk\" data-type=\"mailto\" data-id=\"#\">kv@gruene-mkk.de<\/a><br>Repr\u00e9sent\u00e9 par le comit\u00e9 de district Anja Zeller, Beate Boege-Sonnek, Philip Schinkel, Steve Euler, Christine Dr\u00f6\u00dfler-Utecht, Matthias Kuponiyi-B\u00f6ff<\/p>\n\n\n\n<p><strong>2. Poste payant<\/strong><\/p>\n\n\n\n<p>F\u00c9D\u00c9RATION 90\/LES VERTS \u2013 Kreisverband Main-Kinzig<br>Adresse : Calvinstra\u00dfe 10, 63450 Hanau<br>Courriel:&nbsp;<a href=\"#\" data-unscramble=\"ed.kkm-eneurg@vk\" data-type=\"mailto\" data-id=\"#\">kv@gruene-mkk.de<\/a><br>Repr\u00e9sent\u00e9 par le comit\u00e9 de district Anja Zeller, Beate Boege-Sonnek, Philip Schinkel, Steve Euler, Christine Dr\u00f6\u00dfler-Utecht, Matthias Kuponiyi-B\u00f6ff<\/p>\n\n\n\n<p>La campagne \u00e9lectorale pour les \u00e9lections municipales de 2026 en Hesse est financ\u00e9e par des fonds propres de l'Alliance 90\/LE GR\u00dcNEN Kreisverband Main-Kinzig et de ses subdivisions. Les subdivisions comprennent:&nbsp;<a href=\"https:\/\/www.gruene-mkk.de\/fr\/gruene-vor-ort\/ortsverbaende\/\" data-type=\"page\" data-id=\"613\">Liste des associations locales<\/a>.&nbsp;<\/p>\n\n\n\n<p><strong>3. P\u00e9riode de publication<\/strong><\/p>\n\n\n\n<p>Les annonces politiques seront publi\u00e9es ou diffus\u00e9es dans le cadre de la campagne \u00e9lectorale municipale pour les \u00e9lections municipales de Hesse du 15 mars 2026, du 18 novembre 2025 au 30 mars 2026.<\/p>\n\n\n\n<p><strong>4. Informations sur le financement<\/strong><\/p>\n\n\n\n<p>Le budget pour le mat\u00e9riel publicitaire de la campagne \u00e9lectorale municipale de l'Alliance 90\/LE GR\u00dcNEN Kreisverband Main-Kinzig comprend 850,00 \u20ac pour les mat\u00e9riaux, 11.500,00 \u20ac pour les r\u00e9servations de grandes surfaces et 2.500,00 \u20ac pour les annonces publicitaires.<\/p>\n\n\n\n<p>Source des fonds: priv\u00e9<em>,&nbsp;<\/em>Origine des fonds: au sein de l'Union europ\u00e9enne<\/p>\n\n\n\n<p>Affiches de grande surface<br>La valeur totale de la prestation publicitaire est calcul\u00e9e sur la base du co\u00fbt d'une r\u00e9servation d'une grande surface d'affichage pour une d\u00e9cennie (g\u00e9n\u00e9ralement 10 jours). Selon l'emplacement et le support publicitaire, les prix quotidiens varient entre 5,90 \u20ac et 98,40 \u20ac<strong>.<\/strong><\/p>\n\n\n\n<p><strong>5. Occasion\/Contexte politique<\/strong><\/p>\n\n\n\n<p>Cette annonce est li\u00e9e aux \u00e9lections municipales de 2026 en Hesse. Informations officielles sur la participation aux \u00e9lections:<em><br><\/em>\u00c9lecteur de district dans le district de Main-Kinzig:&nbsp;<a href=\"https:\/\/www.mkk.de\/landkreis\/politik_1\/wahlen\/Wahlen.html\">https:\/\/www.mkk.de\/landkreis\/politik_1\/wahlen\/Wahlen.html<\/a><\/p>\n\n\n\n<p><strong>6. Informations sur l'annonceur \/ l'agence<\/strong><\/p>\n\n\n\n<p>Prestataires de services dans le cadre de la campagne \u00e9lectorale municipale en Hesse en 2026<\/p>\n\n\n\n<p>1-2-3-Plakat.de GmbH, Moltkestr. 8, 32257 frettes, t\u00e9l\u00e9phone: 05223 1778-77, courriel:&nbsp;<a href=\"#\" data-unscramble=\"ed.takalp321@ofni\">info@123plakat.de<\/a>, type de service: Interm\u00e9diation d'espaces publicitaires<\/p>\n\n\n\n<p>Wesselmann Werbung GmbH, Lohrheidestr. 68-70, 44866 Bochum, t\u00e9l\u00e9phone: 02327 3963, courriel:&nbsp;<a href=\"#\" data-unscramble=\"ed.gnubrew-nnamlessew@liam\">mail@wesselmann-werbung.de<\/a>, type de service: Location d'espaces publicitaires<\/p>\n\n\n\n<p>Staudigl-Druck GmbH &amp; Co.KG, Sch\u00fctzenring 1, 86609 Donauw\u00fcrth, t\u00e9l\u00e9phone: 0906 7008 0, courriel: info@staudigl-druck, type de service: Impression d'affiches<\/p>\n\n\n\n<p>RMM | RheinMain.Media, Hanauer Anzeiger GmbH &amp; Co. KG, Donaustra\u00dfe 5, 63452 Hanau, courriel: <a href=\"#\" data-unscramble=\"ed.mmr@redeor.saerdna\"><\/a><a href=\"#\" data-unscramble=\"ed.mmr@ecivres\" target=\"_blank\" rel=\"noreferrer noopener\">service@rmm.de<\/a>, type de service: Affichage d'annonces<\/p>\n\n\n\n<p><br>Druck- und Pressehaus Naumann GmbH &amp; Co. KG, Gutenbergstra\u00dfe 1, 63571 Gelnhausen, servicecenter@gnz.de, t\u00e9l\u00e9phone: 06051\/833-290, type de service: Affichage d'annonces<\/p>\n\n\n\n<p><strong>7. Informations relatives \u00e0 la publication<\/strong><\/p>\n\n\n\n<p>R\u00e9gion de diffusion: Local dans le Main-Kinzig-Kreis, Hesse<\/p>\n\n\n\n<p><strong>8. Informations sur le ciblage et le traitement des donn\u00e9es<\/strong><\/p>\n\n\n\n<p>Pas d'utilisation de donn\u00e9es personnelles.<\/p>\n\n\n\n<p>Les annonces sont diffus\u00e9es \u00e0 l'aide de caract\u00e9ristiques d'audience (r\u00e9gion de Hesse). Pour de plus amples informations, voir:&nbsp;<a href=\"http:\/\/www.gruene-hessen.de\/datenschutz\">www.gruene-hessen.de\/datenschutz<\/a><\/p>\n\n\n\n<p><strong>9. Publications ant\u00e9rieures \/ corrections<\/strong><\/p>\n\n\n\n<p>Il n'y a pas de publications ou de corrections ant\u00e9rieures.<\/p>\n\n\n\n<p><strong>10. Personne de contact pour les questions de transparence<\/strong><\/p>\n\n\n\n<p>Nom : Mareike J\u00e4ger, Courriel:\u00a0<a href=\"#\" data-unscramble=\"ed.nesseh-eneurg@dnabrevsednal\"><a href=\"#\" data-unscramble=\"ed.kkm-eneurg@vk\" data-type=\"mailto\" data-id=\"#\">kv@gruene-mkk.de<\/a><\/a><\/p>\n\n\n\n<p>Organisme de traitement des plaintes charg\u00e9 de la protection des donn\u00e9es:<br>Le Commissaire \u00e0 la protection des donn\u00e9es et \u00e0 la libert\u00e9 de l'information de Hesse<br>D\u00e9l\u00e9gu\u00e9 \u00e0 la protection des donn\u00e9es<br>Unit\u00e9 2.3<br>Bo\u00eete postale 3163<br>65021 Wiesbaden<br>T\u00e9l\u00e9phone: +49 611 1408 161, courrier \u00e9lectronique:&nbsp;<a href=\"#\" data-unscramble=\"ed.nesseh.ztuhcsnetad@elletstsop\">poststelle@datenschutz.hessen.de<\/a><\/p>\n\n\n\n<p>Responsable du contenu et de l'exactitude: F\u00c9D\u00c9RATION 90\/LES VERTS \u2013 Kreisverband Main-Kinzig<\/p>\n\n\n\n<p>Date : 19.11.2025<\/p>","protected":false},"excerpt":{"rendered":"<p>Avis de transparence conform\u00e9ment \u00e0 l\u2019article 11 du r\u00e8glement (UE) 2024\/900 relatif \u00e0 la transparence et au ciblage de la publicit\u00e9 \u00e0 caract\u00e8re politique (r\u00e8glement TTPA): 19.11.2025 1.Sponsor de l\u2019annonce publicitaire \u00e0 caract\u00e8re politique B\u00dcNDNIS 90\/DIE GR\u00dcNEN \u2013 Kreisverband Main-KinzigAdresse: La rue Calvin [...]<\/p>","protected":false},"author":2,"featured_media":0,"parent":0,"menu_order":0,"comment_status":"closed","ping_status":"closed","template":"","meta":{"footnotes":""},"class_list":["post-3013","page","type-page","status-publish","hentry"],"_links":{"self":[{"href":"https:\/\/www.gruene-mkk.de\/fr\/wp-json\/wp\/v2\/pages\/3013","targetHints":{"allow":["GET"]}}],"collection":[{"href":"https:\/\/www.gruene-mkk.de\/fr\/wp-json\/wp\/v2\/pages"}],"about":[{"href":"https:\/\/www.gruene-mkk.de\/fr\/wp-json\/wp\/v2\/types\/page"}],"author":[{"embeddable":true,"href":"https:\/\/www.gruene-mkk.de\/fr\/wp-json\/wp\/v2\/users\/2"}],"replies":[{"embeddable":true,"href":"https:\/\/www.gruene-mkk.de\/fr\/wp-json\/wp\/v2\/comments?post=3013"}],"version-history":[{"count":5,"href":"https:\/\/www.gruene-mkk.de\/fr\/wp-json\/wp\/v2\/pages\/3013\/revisions"}],"predecessor-version":[{"id":3316,"href":"https:\/\/www.gruene-mkk.de\/fr\/wp-json\/wp\/v2\/pages\/3013\/revisions\/3316"}],"wp:attachment":[{"href":"https:\/\/www.gruene-mkk.de\/fr\/wp-json\/wp\/v2\/media?parent=3013"}],"curies":[{"name":"wp","href":"https:\/\/api.w.org\/{rel}","templated":true}]}}