{"id":260,"date":"2021-11-16T17:51:34","date_gmt":"2021-11-16T16:51:34","guid":{"rendered":"https:\/\/www.alles-bleibt-anders.org\/?page_id=260"},"modified":"2025-12-04T01:00:42","modified_gmt":"2025-12-04T00:00:42","slug":"kontakt","status":"publish","type":"page","link":"https:\/\/www.gruene-mkk.de\/fr\/kontakt\/","title":{"rendered":"Nous contacter"},"content":{"rendered":"<div class=\"wp-block-cover is-light\" style=\"min-height:519px;aspect-ratio:unset;\"><img decoding=\"async\" class=\"wp-block-cover__image-background wp-image-249\" alt=\"\" src=\"http:\/\/www.alles-bleibt-anders.org\/wp-content\/uploads\/2021\/11\/Schulen.png\" style=\"object-position:83% 32%\" data-object-fit=\"cover\" data-object-position=\"83% 32%\"\/><span aria-hidden=\"true\" class=\"wp-block-cover__background has-background-dim-20 has-background-dim\"><\/span><div class=\"wp-block-cover__inner-container is-layout-flow wp-block-cover-is-layout-flow\">\n<div class=\"wp-block-group is-layout-flow wp-block-group-is-layout-flow\">\n<h1 class=\"wp-block-heading has-text-align-center has-gray-100-color has-text-color\">Comment nous joindre<\/h1>\n<\/div>\n<\/div><\/div>\n\n\n\n<p><\/p>\n\n\n\n<h2 class=\"wp-block-heading\">Nous contacter<\/h2>\n\n\n\n<p>Alliance 90\/Les Verts de Main-Kinzig<br>Route de Calvin 10<br>63450 Hanau<br>T\u00e9l. : 01590\/1464566<br>Courriel: kv@gruene-mkk.de<\/p>\n\n\n\n<div class=\"wp-block-columns is-layout-flex wp-container-core-columns-is-layout-9d6595d7 wp-block-columns-is-layout-flex\">\n<div class=\"wp-block-column is-layout-flow wp-block-column-is-layout-flow\" style=\"flex-basis:100%\"><\/div>\n<\/div>\n\n\n\n<div class=\"wp-block-columns is-layout-flex wp-container-core-columns-is-layout-9d6595d7 wp-block-columns-is-layout-flex\">\n<div class=\"wp-block-column is-layout-flow wp-block-column-is-layout-flow\" style=\"flex-basis:100%\"><\/div>\n<\/div>\n\n\n\n<div class=\"wp-block-columns is-layout-flex wp-container-core-columns-is-layout-9d6595d7 wp-block-columns-is-layout-flex\">\n<div class=\"wp-block-column is-layout-flow wp-block-column-is-layout-flow\" style=\"flex-basis:100%\"><\/div>\n<\/div>\n\n\n\n<h2 class=\"wp-block-heading\" id=\"bankverbindung\">Coordonn\u00e9es bancaires:<\/h2>\n\n\n\n<p>Caisse d'\u00e9pargne de Hanau<br>B90\/Les Verts KV MKK<br>IBAN : DE21 5065 0023 0000 0824 20<\/p>\n\n\n\n<p>Si vous souhaitez un certificat pour votre don, remplissez <a href=\"http:\/\/www.alles-bleibt-anders.org\/wp-content\/uploads\/2021\/11\/01_Spendenformular_KV-MKK.pdf\">ce formulaire<\/a> et envoyez-le \u00e0 <a href=\"#\" data-unscramble=\"ed.kkm-eneurg@vk\">kv@gruene-mkk.de <\/a><\/p>\n\n\n\n<p><strong>Dons par<\/strong> <strong>PayPal:<\/strong> <\/p>\n\n\n\n<p><a rel=\"noreferrer noopener\" target=\"_blank\" href=\"https:\/\/www.paypal.com\/paypalme\/gruenemkk?v=1&amp;utm_source=unp&amp;utm_medium=email&amp;utm_campaign=RT000481&amp;utm_unptid=93e03668-cba1-11ec-beb8-3cfdfeedcbf4&amp;ppid=RT000481&amp;cnac=DE&amp;rsta=de_DE%28de-DE%29&amp;cust=9AQRJR7ZLMEQS&amp;unptid=93e03668-cba1-11ec-beb8-3cfdfeedcbf4&amp;calc=f3239862f70bd&amp;unp_tpcid=ppme-social-business-profile-created&amp;page=main%3Aemail%3ART000481&amp;pgrp=main%3Aemail&amp;e=cl&amp;mchn=em&amp;s=ci&amp;mail=sys&amp;appVersion=1.86.0&amp;xt=104038\">PayPal.Me\/gruenemkk<\/a> <\/p>\n\n\n\n<p><em>Lors des virements via PayPal, veuillez indiquer dans la zone de commentaire le nom complet et l'adresse pour les attestations de don et, le cas \u00e9ch\u00e9ant, une utilisation pr\u00e9vue. Merci beaucoup!<\/em><\/p>\n\n\n\n<hr class=\"wp-block-separator has-css-opacity is-style-default\"\/>\n\n\n\n<h2 class=\"wp-block-heading\">Collaborateurs<\/h2>\n\n\n\n<div class=\"wp-block-columns is-layout-flex wp-container-core-columns-is-layout-9d6595d7 wp-block-columns-is-layout-flex\">\n<div class=\"wp-block-column mb-md-4 is-layout-flow wp-block-column-is-layout-flow\">\n<div class=\"wp-block-columns is-layout-flex wp-container-core-columns-is-layout-9d6595d7 wp-block-columns-is-layout-flex\">\n<div class=\"wp-block-column is-layout-flow wp-block-column-is-layout-flow\">\n<p>Association de district<\/p>\n\n\n\n<h3 class=\"wp-block-heading\">Chasseur de Mareike<\/h3>\n\n\n\n<p>Directrice de district<\/p>\n\n\n\n<p><strong>Courriel:<\/strong>&nbsp;<a href=\"javascript:linkTo_UnCryptMailto('ocknvq,octgkmg0hqtejjgkoBitwgpg\\\/omm0fg');\">kv(at)gruene-mkk.de<\/a><\/p>\n\n\n\n<p><strong>T\u00e9l. :<\/strong> 01590\/1464566<\/p>\n\n\n\n<p><\/p>\n<\/div>\n\n\n\n<div class=\"wp-block-column is-layout-flow wp-block-column-is-layout-flow\">\n<p>Association de district<\/p>\n\n\n\n<h3 class=\"wp-block-heading\">Melanie Bosold<\/h3>\n\n\n\n<p>Assistante du conseil d'administration <\/p>\n\n\n\n<p><strong>Courriel:<\/strong>&nbsp;<a href=\"javascript:linkTo_UnCryptMailto('ocknvq,octgkmg0hqtejjgkoBitwgpg\\\/omm0fg');\">kv(at)gruene-mkk.de<\/a><\/p>\n\n\n\n<p><strong>T\u00e9l. :<\/strong> 0157\/58189298<\/p>\n\n\n\n<p><\/p>\n<\/div>\n\n\n\n<div class=\"wp-block-column is-layout-flow wp-block-column-is-layout-flow\">\n<p>Contact avec le groupe du district<\/p>\n\n\n\n<p><strong>Mahwish Iftikhar<\/strong><\/p>\n\n\n\n<p>Pr\u00e9sidente du groupe &amp;<\/p>\n\n\n\n<p><strong>Courriel<\/strong>:<br><a href=\"#\" data-unscramble=\"ed.kkm-eneurg)ta(noitkarf\">Fraction(at)gruene-mkk.de<\/a><\/p>\n\n\n\n<p><strong>T\u00e9l\u00e9phone:<\/strong><br>0155\/ 65449307<\/p>\n\n\n\n<p><\/p>\n<\/div>\n<\/div>\n\n\n\n<p><\/p>\n<\/div>\n<\/div>\n\n\n\n<h3 class=\"wp-block-heading\">Formulaire de contact<\/h3>\n\n\n\n<div class=\"wp-block-columns is-layout-flex wp-container-core-columns-is-layout-9d6595d7 wp-block-columns-is-layout-flex\">\n<div class=\"wp-block-column mb-md-4 is-layout-flow wp-block-column-is-layout-flow\">\n<div class=\"wp-block-columns is-layout-flex wp-container-core-columns-is-layout-9d6595d7 wp-block-columns-is-layout-flex\">\n<div class=\"wp-block-column is-layout-flow wp-block-column-is-layout-flow\">\n<div class=\"comment-respond mb-5\">\n\t<h2 id=\"contact-form-title\" class=\"text-center h1\">Formulaire de contact<\/h2>\t<form id=\"sunflower-contact-form\" method=\"post\" class=\"row\" action=\"\">\n\t<input type=\"hidden\" id=\"_wpnonce\" name=\"_wpnonce\" value=\"2963db2e6e\" \/><input type=\"hidden\" name=\"_wp_http_referer\" value=\"\/fr\/wp-json\/wp\/v2\/pages\/260\" \/>\n\t<div class=\"col-12 col-md-6\">\n\t\t<p class=\"comment-form-comment\">\n\t\t\t<label for=\"message\">message <span class=\"required\">*<\/span><\/label>\n\t\t\t<textarea id=\"message\" name=\"message\" cols=\"45\" rows=\"8\" maxlength=\"2000\" required=\"required\"><\/textarea>\n\t\t<\/p>\n\t\t<p class=\"small\">Veuillez remplir tous les champs obligatoires (<span class=\"required\">*<\/span>) \u00e0 partir de.<\/p>\n\t\t<p class=\"small\">\n\t\tEn utilisant ce formulaire, vous consentez au stockage et au traitement de vos donn\u00e9es par ce site Web. Pour plus d'informations s'il vous pla\u00eet prendre notre  <a href=\"#\" id=\"privacy_policy_url\">Politique de confidentialit\u00e9<\/a>\t\t\t.\n\t\t<\/p>\n\t<\/div>\n\t<div class=\"col-12 col-md-6\"><p class=\"comment-form-author\">\n\t\t<label for=\"name\">Nom<\/label>\n\t\t<input id=\"name\" name=\"name\" type=\"text\" value=\"\" size=\"30\" maxlength=\"245\"\/>\n\n\t\t<\/p>\n\t\t<p class=\"comment-form-email\">\n\t\t\t<label for=\"mail\">\n\t\t\tCourriel\t\t\t<\/label>\n\t\t\t<input id=\"mail\" name=\"mail\" type=\"email\" value=\"\" size=\"30\" maxlength=\"100\" \/>\n\t\t<\/p>\n\t\t\t\t<p class=\"comment-form-email\">\n\t\t\t<label for=\"captcha\">Qu'est-ce que 1 + 1? <span class=\"required\">*<\/span><\/label>\n\t\t\t<input id=\"captcha\" name=\"captcha\" type=\"text\" value=\"\" size=\"30\" maxlength=\"100\" required=\"required\"\/>\n\t\t<\/p>\n\n\t<\/div>\n\n\t\t\n\t\t<p class=\"form-submit\">\n\t\t\t<input name=\"submit\" type=\"submit\" id=\"submit\" class=\"submit\" value=\"envoyer\"\/>\n\t\t<\/p>\n\t\t<div id=\"form-error\" class=\"bg-danger p-4 text-white\" style=\"display:none;\"><\/div>\n\t<input type=\"hidden\" name=\"etm-form-language\" value=\"fr\"\/><\/form>\n<\/div>\n<\/div>\n<\/div>\n<\/div>\n<\/div>\n\n\n\n<div class=\"wp-block-columns is-layout-flex wp-container-core-columns-is-layout-9d6595d7 wp-block-columns-is-layout-flex\">\n<div class=\"wp-block-column mb-md-4 is-layout-flow wp-block-column-is-layout-flow\"><\/div>\n<\/div>\n\n\n\n<hr class=\"wp-block-separator has-css-opacity\"\/>\n\n\n\n<h2 class=\"wp-block-heading\">Comment s'y rendre<\/h2>\n\n\n<div id=\"wpgmza_map\" class=\"wpgmza_map\" data-settings='{\"id\":\"1\",\"map_title\":\"New Map\",\"map_width\":\"100\",\"map_height\":\"400\",\"map_start_lat\":\"50.130680499999954\",\"map_start_lng\":\"8.918082305590968\",\"map_start_location\":\"45.950464398418106,-109.81550500000003\",\"map_start_zoom\":\"16\",\"default_marker\":\"\",\"type\":\"0\",\"alignment\":\"4\",\"directions_enabled\":\"0\",\"styling_enabled\":\"0\",\"styling_json\":\"\",\"active\":\"0\",\"kml\":\"\",\"bicycle\":\"0\",\"traffic\":\"0\",\"dbox\":\"0\",\"dbox_width\":\"\",\"listmarkers\":\"0\",\"listmarkers_advanced\":\"0\",\"filterbycat\":\"0\",\"ugm_enabled\":\"0\",\"ugm_category_enabled\":\"0\",\"fusion\":\"\",\"map_width_type\":\"%\",\"map_height_type\":\"px\",\"mass_marker_support\":\"0\",\"ugm_access\":\"0\",\"order_markers_by\":\"0\",\"order_markers_choice\":\"0\",\"show_user_location\":\"0\",\"default_to\":\"\",\"other_settings\":{\"map_type\":1,\"sl_stroke_color\":\"\",\"sl_fill_color\":\"\",\"sl_stroke_opacity\":\"\",\"sl_fill_opacity\":\"\",\"transport_layer\":false,\"action\":\"wpgmza_save_map\",\"redirect_to\":\"\\\/wp-admin\\\/admin-post.php\",\"map_id\":\"1\",\"http_referer\":\"\\\/wp-admin\\\/admin.php?page=wp-google-maps-menu&amp;amp;override=1&amp;amp;action=edit&amp;amp;map_id=1\",\"wpgmza_id\":\"1\",\"wpgmza_start_location\":\"50.130680499999954,8.918082305590968\",\"wpgmza_start_zoom\":\"4\",\"store_locator_enabled\":false,\"store_locator_search_area\":\"radial\",\"wpgmza_store_locator_radius_style\":\"legacy\",\"wpgmza_store_locator_default_radius\":\"10\",\"store_locator_auto_area_max_zoom\":\"\",\"store_locator_distance\":false,\"wpgmza_store_locator_position\":false,\"store_locator_show_distance\":false,\"store_locator_category\":false,\"wpgmza_store_locator_use_their_location\":false,\"wpgmza_store_locator_bounce\":false,\"wpgmza_sl_animation\":null,\"wpgmza_store_locator_hide_before_search\":false,\"store_locator_query_string\":\"\",\"store_locator_default_address\":\"\",\"store_locator_name_search\":false,\"store_locator_name_string\":\"\",\"store_locator_not_found_message\":\"\",\"wpgmza_map_align\":\"1\",\"jump_to_nearest_marker_on_initialization\":false,\"automatically_pan_to_users_location\":false,\"override_users_location_zoom_level\":false,\"override_users_location_zoom_levels\":\"\",\"show_distance_from_location\":false,\"map_max_zoom\":\"21\",\"map_min_zoom\":\"0\",\"click_open_link\":false,\"fit_maps_bounds_to_markers\":false,\"fit_maps_bounds_to_markers_after_filtering\":false,\"hide_point_of_interest\":false,\"wpgmza_zoom_on_marker_click\":false,\"wpgmza_zoom_on_marker_click_slider\":\"\",\"close_infowindow_on_map_click\":false,\"disable_lightbox_images\":false,\"use_Raw_Jpeg_Coordinates\":false,\"disable_polygon_info_windows\":false,\"enable_marker_ratings\":false,\"only_load_markers_within_viewport\":false,\"iw_primary_color\":\"\",\"iw_accent_color\":\"\",\"iw_text_color\":\"\",\"wpgmza_listmarkers_by\":\"0\",\"wpgmza_marker_listing_position\":false,\"zoom_level_on_marker_listing_override\":false,\"zoom_level_on_marker_listing_click\":\"\",\"datatable_no_result_message\":\"\",\"remove_search_box_datables\":false,\"dataTable_pagination_style\":null,\"datatable_search_string\":\"\",\"datatable_result_start\":\"\",\"datatable_result_of\":\"\",\"datatable_result_to\":\"\",\"datatable_result_total\":\"\",\"datatable_result_show\":\"\",\"datatable_result_entries\":\"\",\"wpgmza_savemap\":\"Karte speichern \\u00bb\"}}' data-map-id='1' data-maps-engine='open-layers' data-shortcode-attributes='{\"id\":\"1\"}' style=\"display:block; overflow:auto; width:100%; height:400px; float:left;\"><\/div>\n\n\n\n<p><\/p>","protected":false},"excerpt":{"rendered":"<p>Contact Alliance 90\/Die Gr\u00fcnen Kreisverband Main-KinzigCalvinstra\u00dfe 1063450 HanauTel: 01590\/1464566Courriel: kv@gruene-mkk.de Coordonn\u00e9es bancaires: Caisse d'\u00e9pargne HanauB90\/Les Verts KV MKKIBAN: DE21 5065 0023 0000 0824 20 Si vous souhaitez obtenir un certificat pour votre don, [...]<\/p>","protected":false},"author":2,"featured_media":0,"parent":0,"menu_order":0,"comment_status":"closed","ping_status":"closed","template":"","meta":{"footnotes":""},"class_list":["post-260","page","type-page","status-publish","hentry"],"_links":{"self":[{"href":"https:\/\/www.gruene-mkk.de\/fr\/wp-json\/wp\/v2\/pages\/260","targetHints":{"allow":["GET"]}}],"collection":[{"href":"https:\/\/www.gruene-mkk.de\/fr\/wp-json\/wp\/v2\/pages"}],"about":[{"href":"https:\/\/www.gruene-mkk.de\/fr\/wp-json\/wp\/v2\/types\/page"}],"author":[{"embeddable":true,"href":"https:\/\/www.gruene-mkk.de\/fr\/wp-json\/wp\/v2\/users\/2"}],"replies":[{"embeddable":true,"href":"https:\/\/www.gruene-mkk.de\/fr\/wp-json\/wp\/v2\/comments?post=260"}],"version-history":[{"count":69,"href":"https:\/\/www.gruene-mkk.de\/fr\/wp-json\/wp\/v2\/pages\/260\/revisions"}],"predecessor-version":[{"id":3044,"href":"https:\/\/www.gruene-mkk.de\/fr\/wp-json\/wp\/v2\/pages\/260\/revisions\/3044"}],"wp:attachment":[{"href":"https:\/\/www.gruene-mkk.de\/fr\/wp-json\/wp\/v2\/media?parent=260"}],"curies":[{"name":"wp","href":"https:\/\/api.w.org\/{rel}","templated":true}]}}