{"id":192,"date":"2021-11-11T17:37:19","date_gmt":"2021-11-11T16:37:19","guid":{"rendered":"https:\/\/www.alles-bleibt-anders.org\/?page_id=192"},"modified":"2025-12-04T00:57:51","modified_gmt":"2025-12-03T23:57:51","slug":"gemeinden-ohne-gruen","status":"publish","type":"page","link":"https:\/\/www.gruene-mkk.de\/fr\/gruene-vor-ort\/gemeinden-ohne-gruen\/","title":{"rendered":"Les communes sans vert"},"content":{"rendered":"<div class=\"wp-block-cover is-light\" style=\"min-height:519px;aspect-ratio:unset;\"><img decoding=\"async\" class=\"wp-block-cover__image-background wp-image-621\" alt=\"\" src=\"http:\/\/www.alles-bleibt-anders.org\/wp-content\/uploads\/2021\/11\/facebook-titelbild-desktop-1.png\" data-object-fit=\"cover\"\/><span aria-hidden=\"true\" class=\"wp-block-cover__background has-background-dim-30 has-background-dim\"><\/span><div class=\"wp-block-cover__inner-container is-layout-flow wp-block-cover-is-layout-flow\">\n<h2 class=\"wp-block-heading has-text-align-center\" style=\"font-size:clamp(31.152px, 1.947rem + ((1vw - 3.2px) * 2.71), 55px);\">Les communes sans vert<\/h2>\n<\/div><\/div>\n\n\n\n<p><\/p>\n\n\n\n<p>Dans ces communes, il n'y a actuellement pas de VERTS ou en tout cas pas d'association locale:<\/p>\n\n\n\n<ul class=\"wp-block-list\">\n<li>Bad Soden-Salm\u00fcnster<\/li>\n\n\n\n<li>Birstein<\/li>\n\n\n\n<li>Vall\u00e9e de Fl\u00f6rsbach<\/li>\n\n\n\n<li>Gr\u00fcndau<\/li>\n\n\n\n<li>Hasselroth<\/li>\n\n\n\n<li>Ronneburg<\/li>\n\n\n\n<li>Sinntal<\/li>\n\n\n\n<li>Steinau<\/li>\n<\/ul>\n\n\n\n<p><\/p>\n\n\n\n<div class=\"wp-block-group has-text-color has-background is-layout-flow wp-block-group-is-layout-flow\" style=\"color:#ffffff;background-color:#163c29\">\n<h2 class=\"wp-block-heading has-text-align-center\">Il n'y a pas encore d'association locale dans votre localit\u00e9?<\/h2>\n\n\n\n<p>Si vous habitez dans l'une de ces communes et que vous souhaitez \u00e9laborer une politique \u00e9cologique, sociale et durable, vous \u00eates au bon endroit.\u00a0Nous nous ferons un plaisir de vous mettre en relation avec une association locale pr\u00e8s de chez vous et de vous inviter cordialement \u00e0 nos r\u00e9unions de membres du cercle.<\/p>\n\n\n\n<p>Si vous \u00eates int\u00e9ress\u00e9 par la cr\u00e9ation d'une association locale dans votre commune, nous vous soutenons volontiers. Nous sommes \u00e0 votre disposition pour toute question relative \u00e0 la fondation et nous vous fournissons toutes les informations, documents et personnes de contact n\u00e9cessaires.<\/p>\n\n\n\n<p><a href=\"#\" data-unscramble=\"ed.kkm-eneurg@vk\">Contactez-nous!<\/a><\/p>\n\n\n\n<p>L'association r\u00e9gionale des Verts de Hesse a d\u00e9j\u00e0 compil\u00e9 quelques informations sur le d\u00e9roulement de la fondation, des documents et des mod\u00e8les pour les membres qui souhaitent cr\u00e9er une association locale.<\/p>\n\n\n\n<p>Vous trouverez toutes ces informations ici dans le nuage vert:&nbsp;<\/p>\n\n\n\n<div class=\"wp-block-buttons is-horizontal is-content-justification-center is-layout-flex wp-container-core-buttons-is-layout-499968f5 wp-block-buttons-is-layout-flex\">\n<div class=\"wp-block-button\"><a class=\"wp-block-button__link no-border-radius wp-element-button\" href=\"https:\/\/wolke.netzbegruenung.de\/f\/26850969\">Informations pour les fondateurs*<\/a><\/div>\n<\/div>\n\n\n\n<p><em>*Vous avez besoin d'un acc\u00e8s au r\u00e9seau vert. Si vous rencontrez des probl\u00e8mes pour acc\u00e9der aux documents, contactez-nous.<\/em><\/p>\n<\/div>\n\n\n\n<p><\/p>\n\n\n\n<h2 class=\"wp-block-heading\"><\/h2>","protected":false},"excerpt":{"rendered":"<p>Dans ces communes, il n'y a actuellement pas de VERTS ou en tout cas pas d'association locale: Il n'y a pas encore d'association locale dans votre localit\u00e9? Si vous habitez dans l'une de ces communes et que vous souhaitez [...]<\/p>","protected":false},"author":2,"featured_media":0,"parent":152,"menu_order":0,"comment_status":"closed","ping_status":"closed","template":"","meta":{"footnotes":""},"class_list":["post-192","page","type-page","status-publish","hentry"],"_links":{"self":[{"href":"https:\/\/www.gruene-mkk.de\/fr\/wp-json\/wp\/v2\/pages\/192","targetHints":{"allow":["GET"]}}],"collection":[{"href":"https:\/\/www.gruene-mkk.de\/fr\/wp-json\/wp\/v2\/pages"}],"about":[{"href":"https:\/\/www.gruene-mkk.de\/fr\/wp-json\/wp\/v2\/types\/page"}],"author":[{"embeddable":true,"href":"https:\/\/www.gruene-mkk.de\/fr\/wp-json\/wp\/v2\/users\/2"}],"replies":[{"embeddable":true,"href":"https:\/\/www.gruene-mkk.de\/fr\/wp-json\/wp\/v2\/comments?post=192"}],"version-history":[{"count":15,"href":"https:\/\/www.gruene-mkk.de\/fr\/wp-json\/wp\/v2\/pages\/192\/revisions"}],"predecessor-version":[{"id":3042,"href":"https:\/\/www.gruene-mkk.de\/fr\/wp-json\/wp\/v2\/pages\/192\/revisions\/3042"}],"up":[{"embeddable":true,"href":"https:\/\/www.gruene-mkk.de\/fr\/wp-json\/wp\/v2\/pages\/152"}],"wp:attachment":[{"href":"https:\/\/www.gruene-mkk.de\/fr\/wp-json\/wp\/v2\/media?parent=192"}],"curies":[{"name":"wp","href":"https:\/\/api.w.org\/{rel}","templated":true}]}}