{"id":3097,"date":"2025-12-11T15:20:04","date_gmt":"2025-12-11T14:20:04","guid":{"rendered":"https:\/\/www.gruene-mkk.de\/?page_id=3097"},"modified":"2025-12-11T15:27:15","modified_gmt":"2025-12-11T14:27:15","slug":"unsere-kandidierende","status":"publish","type":"page","link":"https:\/\/www.gruene-mkk.de\/en\/unsere-kandidierende\/","title":{"rendered":"Our candidates."},"content":{"rendered":"<p>We would like to introduce you to our dedicated candidates for the 2026 district election! They stand for cooperation, sustainable development and real change in the Main-Kinzig district. Each of them brings experience, ideas and passion \u2013 and they all want to play an active role in shaping the circle.<\/p>\n\n\n\n<p>We look forward to working together with our candidates to promote a strong, solidarity-based and ecological coexistence in the circle \u2013 because together we can do it!<\/p>\n\n\n\n<ol class=\"wp-block-list\">\n<li>1. Mahwish Iftikhar, Nidderau<\/li>\n\n\n\n<li>2. Philip Schinkel from Bad Orb<\/li>\n\n\n\n<li>3. Sandra Gerbert from Hammersbach<\/li>\n\n\n\n<li>4. Reiner Bousonville, Lake Erlen<\/li>\n\n\n\n<li>5. Cornelia Hofacker, Langenselbold<\/li>\n\n\n\n<li>6. Bernd Wietzorek, Gelnhausen<\/li>\n\n\n\n<li>7. Lene Jeckel and Jossgrund<\/li>\n\n\n\n<li>8. Rainer Vogel, Nidderau<\/li>\n\n\n\n<li>9. Sophia Spottke in Gro\u00dfkrotzenburg<\/li>\n\n\n\n<li>10. Lucas B\u00e4uml in Gro\u00dfkrotzenburg<\/li>\n\n\n\n<li>11. Nurhan Wendt, shy<\/li>\n\n\n\n<li>12. Matthias Kuponiyi-B\u00f6ff, Brachttal<\/li>\n\n\n\n<li>13. Monika K\u00fchn-Bousonville, Lake Erlen<\/li>\n\n\n\n<li>14. Wolfgang Seifried and Sch\u00f6neck<\/li>\n\n\n\n<li>15. Viola Ha\u00dfdenteufel, Nidderau<\/li>\n\n\n\n<li>16. Lukas Happe, Gelnhausen<\/li>\n\n\n\n<li>17. Annika Streit, Gelnhausen<\/li>\n\n\n\n<li>18. Thomas Gassen from Gro\u00dfkrotzenburg<\/li>\n\n\n\n<li>19. Claudia Schmidt, Steinau<\/li>\n\n\n\n<li>20. Leonid Schneider, Lake Erlen<\/li>\n\n\n\n<li>21. Karin Arcan-Meiers, Rodenbach<\/li>\n\n\n\n<li>22. Thomas B\u00fcrvenich, Gelnhausen<\/li>\n\n\n\n<li>23. Christine Dr\u00f6\u00dfler-Utecht, Rodenbach<\/li>\n\n\n\n<li>24. Uwe Eberlein, Bruchk\u00f6bel<\/li>\n\n\n\n<li>25. Claudia Henning-Eberlein from Bruchk\u00f6bel<\/li>\n\n\n\n<li>26. Klaus B\u00f6ttcher, Lentil dish<\/li>\n\n\n\n<li>27. Katharina G\u00f6ring, Biebergem\u00fcnd<\/li>\n\n\n\n<li>28. Markus Sextro, Biebergem\u00fcnd<\/li>\n\n\n\n<li>29. C\u00e9line Bousonville, Lake Erlen<\/li>\n\n\n\n<li>30. Umut Yadigar, Niederdorfelden<\/li>\n\n\n\n<li>31. Karin Sch\u00e4fer, Hammersbach<\/li>\n\n\n\n<li>32. Dennis Mathie from Gelnhausen<\/li>\n\n\n\n<li>33. Katja Hix from W\u00e4chtersbach<\/li>\n\n\n\n<li>34. Stefan Chalupka from Gro\u00dfkrotzenburg<\/li>\n\n\n\n<li>35. Elias Breitenberger, Bad Orb<\/li>\n\n\n\n<li>36. Fabian Storck, W\u00e4chtersbach<\/li>\n\n\n\n<li>37. Antje Sch\u00f6ny in Hammersbach<\/li>\n\n\n\n<li>38. Beate Boege-Sonnek, Bad Orb<\/li>\n\n\n\n<li>39. Octavia Gentemann-Schmidt, Bruchk\u00f6bel<\/li>\n\n\n\n<li>40. Johannes Rubach in Gro\u00dfkrotzenburg<\/li>\n<\/ol>\n\n\n\n<p><\/p>\n\n\n\n<p>&nbsp;<em>(Photo: from left to right Bernd Wietzorek, Matthias Kuponiyi-B\u00f6ff, Nurhan Wendt, Monika K\u00fchn-Bousonville, Philip Schinkel, Lucas B\u00e4uml, Mahwish Iftikhar, Sophia Spottke, Lene Jeckel, Sandra Gerbert, Reiner Bousonville)&nbsp;<\/em><\/p>","protected":false},"excerpt":{"rendered":"<p>We would like to introduce you to our dedicated candidates for the 2026 district election! They stand for cooperation, sustainable development and real change in the Main-Kinzig district. Each of them brings experience, ideas and [...]<\/p>","protected":false},"author":2,"featured_media":3081,"parent":0,"menu_order":0,"comment_status":"closed","ping_status":"closed","template":"","meta":{"footnotes":""},"class_list":["post-3097","page","type-page","status-publish","has-post-thumbnail","hentry"],"_links":{"self":[{"href":"https:\/\/www.gruene-mkk.de\/en\/wp-json\/wp\/v2\/pages\/3097","targetHints":{"allow":["GET"]}}],"collection":[{"href":"https:\/\/www.gruene-mkk.de\/en\/wp-json\/wp\/v2\/pages"}],"about":[{"href":"https:\/\/www.gruene-mkk.de\/en\/wp-json\/wp\/v2\/types\/page"}],"author":[{"embeddable":true,"href":"https:\/\/www.gruene-mkk.de\/en\/wp-json\/wp\/v2\/users\/2"}],"replies":[{"embeddable":true,"href":"https:\/\/www.gruene-mkk.de\/en\/wp-json\/wp\/v2\/comments?post=3097"}],"version-history":[{"count":5,"href":"https:\/\/www.gruene-mkk.de\/en\/wp-json\/wp\/v2\/pages\/3097\/revisions"}],"predecessor-version":[{"id":3107,"href":"https:\/\/www.gruene-mkk.de\/en\/wp-json\/wp\/v2\/pages\/3097\/revisions\/3107"}],"wp:featuredmedia":[{"embeddable":true,"href":"https:\/\/www.gruene-mkk.de\/en\/wp-json\/wp\/v2\/media\/3081"}],"wp:attachment":[{"href":"https:\/\/www.gruene-mkk.de\/en\/wp-json\/wp\/v2\/media?parent=3097"}],"curies":[{"name":"wp","href":"https:\/\/api.w.org\/{rel}","templated":true}]}}