{"id":3013,"date":"2025-11-27T16:37:15","date_gmt":"2025-11-27T15:37:15","guid":{"rendered":"https:\/\/www.gruene-mkk.de\/?page_id=3013"},"modified":"2026-03-06T13:48:05","modified_gmt":"2026-03-06T12:48:05","slug":"transparenzbekanntmachung","status":"publish","type":"page","link":"https:\/\/www.gruene-mkk.de\/en\/transparenzbekanntmachung\/","title":{"rendered":"Transparency Notice"},"content":{"rendered":"<p><strong>Transparency Notice pursuant to Article 11 of Regulation (EU) 2024\/900 on the transparency and targeting of political advertising (TTPA Regulation)<\/strong><\/p>\n\n\n\n<p><strong>Status: 19.11.2025<\/strong><\/p>\n\n\n\n<p><strong>1.Sponsor of the political advertisement<\/strong><\/p>\n\n\n\n<p>Alliance 90\/The Greens - Main-Kinzig district association<br>Address: Calvinstra\u00dfe 10, 63450 Hanau<br>E-mail:&nbsp;<a href=\"#\" data-unscramble=\"ed.kkm-eneurg@vk\" data-type=\"mailto\" data-id=\"#\">kv@gruene-mkk.de<\/a><br>Represented by the district executive Anja Zeller, Beate Boege-Sonnek, Philip Schinkel, Steve Euler, Christine Dr\u00f6\u00dfler-Utecht, Matthias Kuponiyi-B\u00f6ff<\/p>\n\n\n\n<p><strong>2. Paying entity<\/strong><\/p>\n\n\n\n<p>Alliance 90\/The Greens - Main-Kinzig district association<br>Address: Calvinstra\u00dfe 10, 63450 Hanau<br>E-mail:&nbsp;<a href=\"#\" data-unscramble=\"ed.kkm-eneurg@vk\" data-type=\"mailto\" data-id=\"#\">kv@gruene-mkk.de<\/a><br>Represented by the district executive Anja Zeller, Beate Boege-Sonnek, Philip Schinkel, Steve Euler, Christine Dr\u00f6\u00dfler-Utecht, Matthias Kuponiyi-B\u00f6ff<\/p>\n\n\n\n<p>The campaign campaign for the Hessian municipal elections in 2026 is financed by B\u00fcndnis 90\/DIE GR\u00dcNEN Kreisverband Main-Kinzig and its subdivisions. The breakdowns include:&nbsp;<a href=\"https:\/\/www.gruene-mkk.de\/en\/gruene-vor-ort\/ortsverbaende\/\" data-type=\"page\" data-id=\"613\">List of local associations<\/a>.&nbsp;<\/p>\n\n\n\n<p><strong>3. Period of publication<\/strong><\/p>\n\n\n\n<p>The political advertisements will be published or disseminated in the context of the municipal election campaign for the Hessian municipal election on 15.03.2026 in the period from 18.11.2025 to 30.03.2026.<\/p>\n\n\n\n<p><strong>4. Information on funding<\/strong><\/p>\n\n\n\n<p>The budget for advertising material of the municipal election campaign of B\u00fcndnis 90\/DIE GR\u00dcNEN Kreisverband Main-Kinzig includes 850.00 \u20ac for materials, 11,500.00 \u20ac for large-area bookings and 2,500.00 \u20ac for advertisements.<\/p>\n\n\n\n<p>Source of funds: privately<em>,&nbsp;<\/em>Origin of funds: within the European Union<\/p>\n\n\n\n<p>Large-scale posters<br>The total value of the advertising service is calculated on the basis of the cost of a large-area poster booking for a decade (usually 10 days). Depending on the location and advertising medium, the daily prices range from \u20ac 5.90 to \u20ac 98.40<strong>.<\/strong><\/p>\n\n\n\n<p><strong>5. Reason \/ political context<\/strong><\/p>\n\n\n\n<p>This advertisement is related to the Hessian municipal election 2026. Official information on voting:<em><br><\/em>District Returning Officer in the Main-Kinzig district:&nbsp;<a href=\"https:\/\/www.mkk.de\/landkreis\/politik_1\/wahlen\/Wahlen.html\">https:\/\/www.mkk.de\/landkreis\/politik_1\/wahlen\/Wahlen.html<\/a><\/p>\n\n\n\n<p><strong>6. Information about the advertising provider \/ agency<\/strong><\/p>\n\n\n\n<p>Service providers in the context of the municipal election campaign in Hesse 2026<\/p>\n\n\n\n<p>1-2-3-Plakat.de GmbH, Moltkestr. 8, 32257 frets, telephone: 05223 1778-77, e-mail:&nbsp;<a href=\"#\" data-unscramble=\"ed.takalp321@ofni\">info@123plakat.de<\/a>, Type of service: Advertising space mediation<\/p>\n\n\n\n<p>Wesselmann Werbung GmbH, Lohrheidestr. 68-70, 44866 Bochum, Germany 02327 3963, e-mail:&nbsp;<a href=\"#\" data-unscramble=\"ed.gnubrew-nnamlessew@liam\">mail@wesselmann-werbung.de<\/a>, Type of service: Advertising space rental<\/p>\n\n\n\n<p>Staudigl-Druck GmbH &amp; Co.KG, Sch\u00fctzenring 1, 86609 Donauw\u00fcrth, Germany 0906 7008 0, E-mail: info@staudigl-druck, Type of service: Poster printing<\/p>\n\n\n\n<p>RMM | RheinMain.Media, Hanauer Anzeiger GmbH &amp; Co. KG, Donaustra\u00dfe 5, 63452 Hanau, Germany <a href=\"#\" data-unscramble=\"ed.mmr@redeor.saerdna\"><\/a><a href=\"#\" data-unscramble=\"ed.mmr@ecivres\" target=\"_blank\" rel=\"noreferrer noopener\">service@rmm.de<\/a>, Type of service: Advertisement<\/p>\n\n\n\n<p><br>Druck- und Pressehaus Naumann GmbH &amp; Co. KG, Gutenbergstra\u00dfe 1, 63571 Gelnhausen, servicecenter@gnz.de, telephone: 06051\/833-290, Type of service: Advertisement<\/p>\n\n\n\n<p><strong>7. Publication details<\/strong><\/p>\n\n\n\n<p>Region of distribution: local in the Main-Kinzig-Kreis, Hesse<\/p>\n\n\n\n<p><strong>8. Information on targeting and data processing<\/strong><\/p>\n\n\n\n<p>No use of personal data.<\/p>\n\n\n\n<p>The ads are displayed using target group characteristics (region in Hesse). For more information, see:&nbsp;<a href=\"http:\/\/www.gruene-hessen.de\/datenschutz\">www.gruene-hessen.de\/datenschutz<\/a><\/p>\n\n\n\n<p><strong>9. Previous publications \/ corrections<\/strong><\/p>\n\n\n\n<p>There are no previous publications or corrections.<\/p>\n\n\n\n<p><strong>10. Contact person for transparency issues<\/strong><\/p>\n\n\n\n<p>Name: Mareike J\u00e4ger, email:\u00a0<a href=\"#\" data-unscramble=\"ed.nesseh-eneurg@dnabrevsednal\"><a href=\"#\" data-unscramble=\"ed.kkm-eneurg@vk\" data-type=\"mailto\" data-id=\"#\">kv@gruene-mkk.de<\/a><\/a><\/p>\n\n\n\n<p>Complaints body responsible for data protection:<br>The Hessian Commissioner for Data Protection and Freedom of Information Hessen<br>DPO<br>Unit 2.3<br>PO Box 3163<br>65021 Wiesbaden<br>Telephone: +49 611 1408 161, mail:&nbsp;<a href=\"#\" data-unscramble=\"ed.nesseh.ztuhcsnetad@elletstsop\">poststelle@datenschutz.hessen.de<\/a><\/p>\n\n\n\n<p>Responsible for content and correctness: Alliance 90\/The Greens - Main-Kinzig district association<\/p>\n\n\n\n<p>Date: 19.11.2025<\/p>","protected":false},"excerpt":{"rendered":"<p>Transparency Notice pursuant to Article 11 of Regulation (EU) 2024\/900 on the transparency and targeting of political advertising (TTPA Regulation) Status: 19.11.2025 1.Sponsor of the political advertisement B\u00dcNDNIS 90\/DIE GR\u00dcNEN - Kreisverband Main-KinzigAddress: Calvin Street [...]<\/p>","protected":false},"author":2,"featured_media":0,"parent":0,"menu_order":0,"comment_status":"closed","ping_status":"closed","template":"","meta":{"footnotes":""},"class_list":["post-3013","page","type-page","status-publish","hentry"],"_links":{"self":[{"href":"https:\/\/www.gruene-mkk.de\/en\/wp-json\/wp\/v2\/pages\/3013","targetHints":{"allow":["GET"]}}],"collection":[{"href":"https:\/\/www.gruene-mkk.de\/en\/wp-json\/wp\/v2\/pages"}],"about":[{"href":"https:\/\/www.gruene-mkk.de\/en\/wp-json\/wp\/v2\/types\/page"}],"author":[{"embeddable":true,"href":"https:\/\/www.gruene-mkk.de\/en\/wp-json\/wp\/v2\/users\/2"}],"replies":[{"embeddable":true,"href":"https:\/\/www.gruene-mkk.de\/en\/wp-json\/wp\/v2\/comments?post=3013"}],"version-history":[{"count":5,"href":"https:\/\/www.gruene-mkk.de\/en\/wp-json\/wp\/v2\/pages\/3013\/revisions"}],"predecessor-version":[{"id":3316,"href":"https:\/\/www.gruene-mkk.de\/en\/wp-json\/wp\/v2\/pages\/3013\/revisions\/3316"}],"wp:attachment":[{"href":"https:\/\/www.gruene-mkk.de\/en\/wp-json\/wp\/v2\/media?parent=3013"}],"curies":[{"name":"wp","href":"https:\/\/api.w.org\/{rel}","templated":true}]}}