{"id":3097,"date":"2025-12-11T15:20:04","date_gmt":"2025-12-11T14:20:04","guid":{"rendered":"https:\/\/www.gruene-mkk.de\/?page_id=3097"},"modified":"2025-12-11T15:27:15","modified_gmt":"2025-12-11T14:27:15","slug":"unsere-kandidierende","status":"publish","type":"page","link":"https:\/\/www.gruene-mkk.de\/cs\/unsere-kandidierende\/","title":{"rendered":"Na\u0161i kandid\u00e1ti."},"content":{"rendered":"<p>R\u00e1di bychom v\u00e1m p\u0159edstavili na\u0161e specializovan\u00e9 kandid\u00e1ty pro okrskov\u00e9 volby v roce 2026! Jsou pro spolupr\u00e1ci, udr\u017eiteln\u00fd rozvoj a skute\u010dnou zm\u011bnu v okrese Main-Kinzig. Ka\u017ed\u00fd z nich p\u0159in\u00e1\u0161\u00ed zku\u0161enosti, n\u00e1pady a v\u00e1\u0161e\u0148 \u2013 a v\u0161ichni cht\u011bj\u00ed hr\u00e1t aktivn\u00ed \u00falohu p\u0159i utv\u00e1\u0159en\u00ed kruhu.<\/p>\n\n\n\n<p>T\u011b\u0161\u00edme se na spolupr\u00e1ci s na\u0161imi kandid\u00e1ty na podporu siln\u00e9ho, solid\u00e1rn\u00edho a ekologick\u00e9ho sou\u017eit\u00ed v kruhu \u2013 proto\u017ee spole\u010dn\u011b to dok\u00e1\u017eeme!<\/p>\n\n\n\n<ol class=\"wp-block-list\">\n<li>1. Mahwish Iftikhar, Nidderau<\/li>\n\n\n\n<li>2. Philip Schinkel ze skupiny Bad Orb<\/li>\n\n\n\n<li>3. Sandra Gerbertov\u00e1 z Hammersbachu<\/li>\n\n\n\n<li>4. Reiner Bousonville, Erlenovo jezero<\/li>\n\n\n\n<li>5. Cornelia Hofackerov\u00e1, Langenselbold<\/li>\n\n\n\n<li>6. Bernd Wietzorek, Gelnhausen<\/li>\n\n\n\n<li>7. Lene Jeckelov\u00e1 a Jossgrund<\/li>\n\n\n\n<li>8. Rainer Vogel, Nidderau<\/li>\n\n\n\n<li>9. Sophia Spottke ve m\u011bst\u011b Gro\u00dfkrotzenburg<\/li>\n\n\n\n<li>10. Lucas B\u00e4uml ve m\u011bst\u011b Gro\u00dfkrotzenburg<\/li>\n\n\n\n<li>11. Nurhan Wendt, plach\u00fd<\/li>\n\n\n\n<li>12. Matthias Kuponiyi-B\u00f6ff, Brachttal<\/li>\n\n\n\n<li>13. Monika K\u00fchn-Bousonville, Erlenovo jezero<\/li>\n\n\n\n<li>14. Wolfgang Seifried a Sch\u00f6neckov\u00e1<\/li>\n\n\n\n<li>15. Viola Ha\u00dfdenteufelov\u00e1, Nidderau<\/li>\n\n\n\n<li>16. Lukas Happe, Gelnhausen<\/li>\n\n\n\n<li>17. Annika Streitov\u00e1, Gelnhausen<\/li>\n\n\n\n<li>18. Thomas Gassen z Gro\u00dfkrotzenburg<\/li>\n\n\n\n<li>19. Claudia Schmidtov\u00e1, Steinau<\/li>\n\n\n\n<li>20. Leonid Schneider, Erlenovo jezero<\/li>\n\n\n\n<li>21. Karin Arcan-Meiersov\u00e1, Rodenbach<\/li>\n\n\n\n<li>22. Thomas B\u00fcrvenich, Gelnhausen<\/li>\n\n\n\n<li>23. Christine Dr\u00f6\u00dfler-Utechtov\u00e1, Rodenbach<\/li>\n\n\n\n<li>24. Uwe Eberlein, Bruchk\u00f6bel<\/li>\n\n\n\n<li>25. Claudia Henning-Eberleinov\u00e1 z Bruchk\u00f6belu<\/li>\n\n\n\n<li>26. Klaus B\u00f6ttcher, \u010co\u010dkov\u00e1 miska<\/li>\n\n\n\n<li>27. Katharina G\u00f6ringov\u00e1, Biebergem\u00fcnd<\/li>\n\n\n\n<li>28. Markus Sextro, Biebergem\u00fcnd<\/li>\n\n\n\n<li>29. C\u00e9line Bousonville, Erlenovo jezero<\/li>\n\n\n\n<li>30. Umut Yadigar, N\u011bmecko<\/li>\n\n\n\n<li>31. Karin Sch\u00e4ferov\u00e1, Hammersbach<\/li>\n\n\n\n<li>32. Dennis Mathie z Gelnhausenu<\/li>\n\n\n\n<li>33. Katja Hixov\u00e1 z W\u00e4chtersbachu<\/li>\n\n\n\n<li>34. Stefan Chalupka z Gro\u00dfkrotzenburgu<\/li>\n\n\n\n<li>35. Elias Breitenberger, Bad Orb<\/li>\n\n\n\n<li>36. Fabian Storck, N\u011bmecko<\/li>\n\n\n\n<li>37. Antje Sch\u00f6ny ve m\u011bst\u011b Hammersbach<\/li>\n\n\n\n<li>38. Beate Boege-Sonnekov\u00e1, Bad Orb<\/li>\n\n\n\n<li>39. Octavia Gentemann-Schmidtov\u00e1, Bruchk\u00f6bel<\/li>\n\n\n\n<li>40. Johannes Rubach ve m\u011bst\u011b Gro\u00dfkrotzenburg<\/li>\n<\/ol>\n\n\n\n<p><\/p>\n\n\n\n<p>&nbsp;<em>(Foto: zleva doprava Bernd Wietzorek, Matthias Kuponiyi-B\u00f6ff, Nurhan Wendt, Monika K\u00fchn-Bousonville, Philip Schinkel, Lucas B\u00e4uml, Mahwish Iftikhar, Sophia Spottke, Lene Jeckel, Sandra Gerbert, Reiner Bousonville)&nbsp;<\/em><\/p>","protected":false},"excerpt":{"rendered":"<p>R\u00e1di bychom v\u00e1m p\u0159edstavili na\u0161e specializovan\u00e9 kandid\u00e1ty pro okrskov\u00e9 volby v roce 2026! Jsou pro spolupr\u00e1ci, udr\u017eiteln\u00fd rozvoj a skute\u010dnou zm\u011bnu v okrese Main-Kinzig. Ka\u017ed\u00fd z nich p\u0159in\u00e1\u0161\u00ed zku\u0161enosti, n\u00e1pady a [...]<\/p>","protected":false},"author":2,"featured_media":3081,"parent":0,"menu_order":0,"comment_status":"closed","ping_status":"closed","template":"","meta":{"footnotes":""},"class_list":["post-3097","page","type-page","status-publish","has-post-thumbnail","hentry"],"_links":{"self":[{"href":"https:\/\/www.gruene-mkk.de\/cs\/wp-json\/wp\/v2\/pages\/3097","targetHints":{"allow":["GET"]}}],"collection":[{"href":"https:\/\/www.gruene-mkk.de\/cs\/wp-json\/wp\/v2\/pages"}],"about":[{"href":"https:\/\/www.gruene-mkk.de\/cs\/wp-json\/wp\/v2\/types\/page"}],"author":[{"embeddable":true,"href":"https:\/\/www.gruene-mkk.de\/cs\/wp-json\/wp\/v2\/users\/2"}],"replies":[{"embeddable":true,"href":"https:\/\/www.gruene-mkk.de\/cs\/wp-json\/wp\/v2\/comments?post=3097"}],"version-history":[{"count":5,"href":"https:\/\/www.gruene-mkk.de\/cs\/wp-json\/wp\/v2\/pages\/3097\/revisions"}],"predecessor-version":[{"id":3107,"href":"https:\/\/www.gruene-mkk.de\/cs\/wp-json\/wp\/v2\/pages\/3097\/revisions\/3107"}],"wp:featuredmedia":[{"embeddable":true,"href":"https:\/\/www.gruene-mkk.de\/cs\/wp-json\/wp\/v2\/media\/3081"}],"wp:attachment":[{"href":"https:\/\/www.gruene-mkk.de\/cs\/wp-json\/wp\/v2\/media?parent=3097"}],"curies":[{"name":"wp","href":"https:\/\/api.w.org\/{rel}","templated":true}]}}