{"id":3013,"date":"2025-11-27T16:37:15","date_gmt":"2025-11-27T15:37:15","guid":{"rendered":"https:\/\/www.gruene-mkk.de\/?page_id=3013"},"modified":"2026-03-06T13:48:05","modified_gmt":"2026-03-06T12:48:05","slug":"transparenzbekanntmachung","status":"publish","type":"page","link":"https:\/\/www.gruene-mkk.de\/cs\/transparenzbekanntmachung\/","title":{"rendered":"Ozn\u00e1men\u00ed o transparentnosti"},"content":{"rendered":"<p><strong>Ozn\u00e1men\u00ed o transparentnosti podle \u010dl\u00e1nku 11 na\u0159\u00edzen\u00ed (EU) 2024\/900 o transparentnosti a c\u00edlen\u00ed politick\u00e9 reklamy (na\u0159\u00edzen\u00ed TTPA)<\/strong><\/p>\n\n\n\n<p><strong>Stav: 19.11.2025<\/strong><\/p>\n\n\n\n<p><strong>1.Sponzor politick\u00e9 reklamy<\/strong><\/p>\n\n\n\n<p>Aliance 90\/Zelen\u00ed \u2013 okresn\u00ed sdru\u017een\u00ed Main-Kinzig<br>Adresa: Calvinstra\u00dfe 10, 63450 Hanau<br>E-mailov\u00e1 adresa:&nbsp;<a href=\"#\" data-unscramble=\"ed.kkm-eneurg@vk\" data-type=\"mailto\" data-id=\"#\">kv@gruene-mkk.de<\/a><br>Zastoupen\u00e1 okresn\u00edm vedouc\u00edm Anja Zeller, Beate Boege-Sonnek, Philip Schinkel, Steve Euler, Christine Dr\u00f6\u00dfler-Utecht, Matthias Kuponiyi-B\u00f6ff<\/p>\n\n\n\n<p><strong>2. Platebn\u00ed subjekt<\/strong><\/p>\n\n\n\n<p>Aliance 90\/Zelen\u00ed \u2013 okresn\u00ed sdru\u017een\u00ed Main-Kinzig<br>Adresa: Calvinstra\u00dfe 10, 63450 Hanau<br>E-mailov\u00e1 adresa:&nbsp;<a href=\"#\" data-unscramble=\"ed.kkm-eneurg@vk\" data-type=\"mailto\" data-id=\"#\">kv@gruene-mkk.de<\/a><br>Zastoupen\u00e1 okresn\u00edm vedouc\u00edm Anja Zeller, Beate Boege-Sonnek, Philip Schinkel, Steve Euler, Christine Dr\u00f6\u00dfler-Utecht, Matthias Kuponiyi-B\u00f6ff<\/p>\n\n\n\n<p>Kampa\u0148 p\u0159ed hesensk\u00fdmi komun\u00e1ln\u00edmi volbami v roce 2026 financuje B\u00fcndnis 90\/DIE GR\u00dcNEN Kreisverband Main-Kinzig a jeho pododd\u011blen\u00ed. \u010clen\u011bn\u00ed zahrnuje:&nbsp;<a href=\"https:\/\/www.gruene-mkk.de\/cs\/gruene-vor-ort\/ortsverbaende\/\" data-type=\"page\" data-id=\"613\">Seznam m\u00edstn\u00edch sdru\u017een\u00ed<\/a>.&nbsp;<\/p>\n\n\n\n<p><strong>3. Doba zve\u0159ejn\u011bn\u00ed<\/strong><\/p>\n\n\n\n<p>Politick\u00e1 reklama bude zve\u0159ej\u0148ov\u00e1na nebo \u0161\u00ed\u0159ena v r\u00e1mci obecn\u00ed p\u0159edvolebn\u00ed kampan\u011b k hesensk\u00fdm obecn\u00edm volb\u00e1m dne 15. b\u0159ezna 2026 v obdob\u00ed od 18. listopadu 2025 do 30. b\u0159ezna 2026.<\/p>\n\n\n\n<p><strong>4. Informace o financov\u00e1n\u00ed<\/strong><\/p>\n\n\n\n<p>Rozpo\u010det na reklamn\u00ed materi\u00e1ly pro komun\u00e1ln\u00ed volebn\u00ed kampa\u0148 B\u00fcndnis 90\/DIE GR\u00dcNEN Kreisverband Main-Kinzig zahrnuje 850,00 EUR na materi\u00e1ly, 11 500,00 EUR na rozs\u00e1hl\u00e9 rezervace a 2,500.00 EUR na reklamy.<\/p>\n\n\n\n<p>Zdroje finan\u010dn\u00edch prost\u0159edk\u016f: soukrom\u011b<em>,&nbsp;<\/em>P\u016fvod finan\u010dn\u00edch prost\u0159edk\u016f: v r\u00e1mci Evropsk\u00e9 unie<\/p>\n\n\n\n<p>Plak\u00e1ty ve velk\u00e9m m\u011b\u0159\u00edtku<br>Celkov\u00e1 hodnota reklamn\u00ed slu\u017eby se vypo\u010d\u00edt\u00e1 na z\u00e1klad\u011b n\u00e1klad\u016f na rezervaci plak\u00e1tu na velk\u00e9 plo\u0161e po dobu deseti let (obvykle 10 dn\u016f). V z\u00e1vislosti na lokalit\u011b a reklamn\u00edm m\u00e9diu se denn\u00ed ceny pohybuj\u00ed od 5,90 \u20ac do 98,40 \u20ac.<strong>.<\/strong><\/p>\n\n\n\n<p><strong>5. D\u016fvod \/ politick\u00fd kontext<\/strong><\/p>\n\n\n\n<p>Tato reklama souvis\u00ed s hesensk\u00fdmi komun\u00e1ln\u00edmi volbami 2026. Ofici\u00e1ln\u00ed informace o hlasov\u00e1n\u00ed:<em><br><\/em>Okresn\u00ed navracej\u00edc\u00ed d\u016fstojn\u00edk v okrese Main-Kinzig:&nbsp;<a href=\"https:\/\/www.mkk.de\/landkreis\/politik_1\/wahlen\/Wahlen.html\">https:\/\/www.mkk.de\/landkreis\/politik_1\/wahlen\/Wahlen.html<\/a><\/p>\n\n\n\n<p><strong>6. Informace o poskytovateli reklamy \/ agentu\u0159e<\/strong><\/p>\n\n\n\n<p>Poskytovatel\u00e9 slu\u017eeb v souvislosti s komun\u00e1ln\u00ed volebn\u00ed kampan\u00ed v Hesensku 2026<\/p>\n\n\n\n<p>1-2-3-Plakat.de GmbH, Moltkestr. 8, 32257 pra\u017ec\u016f, telefon: 05223 1778-77, e-mail:&nbsp;<a href=\"#\" data-unscramble=\"ed.takalp321@ofni\">info@123plakat.de<\/a>, Druh slu\u017eby: Zprost\u0159edkov\u00e1n\u00ed reklamn\u00edho prostoru<\/p>\n\n\n\n<p>Wesselmann Werbung GmbH, Lohrheidestr., N\u011bmecko 68-70, 44866 Bochum, N\u011bmecko 02327 3963, e-mail:&nbsp;<a href=\"#\" data-unscramble=\"ed.gnubrew-nnamlessew@liam\">mail@wesselmann-werbung.de<\/a>, Druh slu\u017eby: Pron\u00e1jem reklamn\u00edch ploch<\/p>\n\n\n\n<p>Staudigl-Druck GmbH &amp; Co.KG, Sch\u00fctzenring 1, 86609 Donauw\u00fcrth, N\u011bmecko 0906 7008 0, e-mail: info@staudigl-druck, Typ slu\u017eby: Tisk plak\u00e1t\u016f<\/p>\n\n\n\n<p>RMM | RheinMain.Media, Hanauer Anzeiger GmbH &amp; Co. KG, Donaustra\u00dfe 5, 63452 Hanau, N\u011bmecko <a href=\"#\" data-unscramble=\"ed.mmr@redeor.saerdna\"><\/a><a href=\"#\" data-unscramble=\"ed.mmr@ecivres\" target=\"_blank\" rel=\"noreferrer noopener\">service@rmm.de<\/a>, Druh slu\u017eby: Reklama<\/p>\n\n\n\n<p><br>Druck- und Pressehaus Naumann GmbH &amp; Co. KG, Gutenbergstra\u00dfe 1, 63571 Gelnhausen, servicecenter@gnz.de, telefon: 06051\/833-290, Druh slu\u017eby: Reklama<\/p>\n\n\n\n<p><strong>7. \u00dadaje o zve\u0159ejn\u011bn\u00ed<\/strong><\/p>\n\n\n\n<p>Region distribuce: Hotely ve m\u011bst\u011b Main-Kinzig-Kreis, Hesensko<\/p>\n\n\n\n<p><strong>8. Informace o c\u00edlen\u00ed a zpracov\u00e1n\u00ed \u00fadaj\u016f<\/strong><\/p>\n\n\n\n<p>\u017d\u00e1dn\u00e9 pou\u017eit\u00ed osobn\u00edch \u00fadaj\u016f.<\/p>\n\n\n\n<p>Reklamy se zobrazuj\u00ed pomoc\u00ed charakteristik c\u00edlov\u00e9 skupiny (region v Hesensku). Dal\u0161\u00ed informace naleznete na adrese:&nbsp;<a href=\"http:\/\/www.gruene-hessen.de\/datenschutz\">www.gruene-hessen.de\/datenschutz<\/a><\/p>\n\n\n\n<p><strong>9. P\u0159edchoz\u00ed publikace \/ opravy<\/strong><\/p>\n\n\n\n<p>Neexistuj\u00ed \u017e\u00e1dn\u00e9 p\u0159edchoz\u00ed publikace nebo opravy.<\/p>\n\n\n\n<p><strong>10. Kontaktn\u00ed osoba pro ot\u00e1zky transparentnosti<\/strong><\/p>\n\n\n\n<p>Jm\u00e9no: Mareike J\u00e4gerov\u00e1, e-mail:\u00a0<a href=\"#\" data-unscramble=\"ed.nesseh-eneurg@dnabrevsednal\"><a href=\"#\" data-unscramble=\"ed.kkm-eneurg@vk\" data-type=\"mailto\" data-id=\"#\">kv@gruene-mkk.de<\/a><\/a><\/p>\n\n\n\n<p>Subjekt pro st\u00ed\u017enosti odpov\u011bdn\u00fd za ochranu \u00fadaj\u016f:<br>Hesensk\u00fd komisa\u0159 pro ochranu \u00fadaj\u016f a svobodu informac\u00ed Hesensko<br>DPO<br>Odd\u011blen\u00ed 2.3<br>R\u00e1me\u010dek politiky politiky 3163<br>65021 Wiesbaden<br>Telefonn\u00ed \u010d\u00edslo: +49 611 1408 161, e-mail:&nbsp;<a href=\"#\" data-unscramble=\"ed.nesseh.ztuhcsnetad@elletstsop\">poststelle@datenschutz.hessen.de<\/a><\/p>\n\n\n\n<p>Odpov\u011bdnost za obsah a spr\u00e1vnost: Aliance 90\/Zelen\u00ed \u2013 okresn\u00ed sdru\u017een\u00ed Main-Kinzig<\/p>\n\n\n\n<p>Datum: 19.11.2025<\/p>","protected":false},"excerpt":{"rendered":"<p>Ozn\u00e1men\u00ed o transparentnosti podle \u010dl\u00e1nku 11 na\u0159\u00edzen\u00ed (EU) 2024\/900 o transparentnosti a c\u00edlen\u00ed politick\u00e9 reklamy (na\u0159\u00edzen\u00ed TTPA) Status: 19.11.2025 1.Sponzor politick\u00e9 reklamy B\u00dcNDNIS 90\/DIE GR\u00dcNEN - Kreisverband Main-KinzigAdresa: Calvin Street (rozcestn\u00edk)<\/p>","protected":false},"author":2,"featured_media":0,"parent":0,"menu_order":0,"comment_status":"closed","ping_status":"closed","template":"","meta":{"footnotes":""},"class_list":["post-3013","page","type-page","status-publish","hentry"],"_links":{"self":[{"href":"https:\/\/www.gruene-mkk.de\/cs\/wp-json\/wp\/v2\/pages\/3013","targetHints":{"allow":["GET"]}}],"collection":[{"href":"https:\/\/www.gruene-mkk.de\/cs\/wp-json\/wp\/v2\/pages"}],"about":[{"href":"https:\/\/www.gruene-mkk.de\/cs\/wp-json\/wp\/v2\/types\/page"}],"author":[{"embeddable":true,"href":"https:\/\/www.gruene-mkk.de\/cs\/wp-json\/wp\/v2\/users\/2"}],"replies":[{"embeddable":true,"href":"https:\/\/www.gruene-mkk.de\/cs\/wp-json\/wp\/v2\/comments?post=3013"}],"version-history":[{"count":5,"href":"https:\/\/www.gruene-mkk.de\/cs\/wp-json\/wp\/v2\/pages\/3013\/revisions"}],"predecessor-version":[{"id":3316,"href":"https:\/\/www.gruene-mkk.de\/cs\/wp-json\/wp\/v2\/pages\/3013\/revisions\/3316"}],"wp:attachment":[{"href":"https:\/\/www.gruene-mkk.de\/cs\/wp-json\/wp\/v2\/media?parent=3013"}],"curies":[{"name":"wp","href":"https:\/\/api.w.org\/{rel}","templated":true}]}}