{"id":3,"date":"2018-09-03T09:05:24","date_gmt":"2018-09-03T07:05:24","guid":{"rendered":"\/?page_id=3"},"modified":"2025-12-04T00:57:27","modified_gmt":"2025-12-03T23:57:27","slug":"datenschutzerklaerung","status":"publish","type":"page","link":"https:\/\/www.gruene-mkk.de\/cs\/datenschutzerklaerung\/","title":{"rendered":"Z\u00e1sady ochrany osobn\u00edch \u00fadaj\u016f a Imprint"},"content":{"rendered":"<p><strong>Aliance 90 \/ Zelen\u00ed Main-Kinzig<br><\/strong>kancel\u00e1\u0159<br>Calvin ulici 10<br>63450 Hanau<\/p>\n\n\n\n<p>E-mailov\u00e1 adresa:&nbsp;<a href=\"#\" data-unscramble=\"ed.kkm-eneurg@vk\">kv@gruene-mkk.de<\/a><\/p>\n\n\n\n<p>Zastupovan\u00fd okresn\u00ed radou<\/p>\n\n\n\n<p>Anja Zeller, Beate Boege-Sonnek, Philip Schinkel, Steve Euler, Christine Dr\u00f6\u00dfler-Utecht, Matthias Kuponiyi-B\u00f6ff <\/p>\n\n\n\n<p><strong>Odpov\u011bdn\u00fd ve smyslu \u00a7 5 z\u00e1kona o telem\u00e9di\u00edch (TMD):<br><\/strong>Mareike J\u00e4ger &amp; Melanie Bosoldov\u00e1<br>Calvin ulici 10<br>63450 Hanau<\/p>\n\n\n\n<p><strong>DI\u010c:<\/strong>&nbsp;<\/p>\n\n\n\n<p><strong>Redak\u010dn\u00ed t\u00fdm:<\/strong><br>Mareike J\u00e4ger &amp; Melanie Bosoldov\u00e1<br>E-mailov\u00e1 adresa:&nbsp;<a href=\"#\" data-unscramble=\"ed.kkm-eneurg@vk\">kv@gruene-mkk.de<\/a><\/p>\n\n\n\n<p><\/p>\n\n\n\n<p>V\u00edme, \u017ee kladete velk\u00fd d\u016fraz na ochranu osobn\u00edch \u00fadaj\u016f. Proto je pro n\u00e1s d\u016fle\u017eit\u00e1 ochrana va\u0161ich osobn\u00edch \u00fadaj\u016f.<\/p>\n\n\n\n<p><b>Osobn\u00ed \u00fadaje a kontaktn\u00ed formul\u00e1\u0159<br>\n<\/b>Osobn\u00ed \u00fadaje, kter\u00e9 n\u00e1m elektronicky p\u0159ed\u00e1te, nap\u0159. va\u0161e jm\u00e9no, po\u0161tovn\u00ed adresa, e-mailov\u00e1 adresa nebo jin\u00e9 osobn\u00ed \u00fadaje, budeme pou\u017e\u00edvat pouze pro \u00fa\u010dely uveden\u00e9 v ka\u017ed\u00e9m p\u0159\u00edpad\u011b, bezpe\u010dn\u011b ulo\u017een\u00e9 a nep\u0159ed\u00e1van\u00e9 t\u0159et\u00edm stran\u00e1m. Informace v\u00e1m budeme zas\u00edlat pouze v p\u0159\u00edpad\u011b, \u017ee jste se p\u0159ihl\u00e1sili k p\u0159\u00edslu\u0161n\u00fdm slu\u017eb\u00e1m.<\/p>\n\n\n\n<p><b>Pr\u00e1vo na zru\u0161en\u00ed<br>\n<\/b>M\u00e1te pr\u00e1vo sv\u016fj souhlas kdykoli odvolat; Za\u0161lete pros\u00edm e-mail na adresu:&nbsp;<a class=\"mail\" title=\"Otev\u0159e okno pro odes\u00edl\u00e1n\u00ed e-mail\u016f\">gcms(at)newthinking.cz<\/a>. Va\u0161e \u00fadaje budou okam\u017eit\u011b vymaz\u00e1ny.<\/p>\n\n\n\n<p><b>Odkazy na jin\u00e9 webov\u00e9 str\u00e1nky<br>\n<\/b>Na na\u0161ich str\u00e1nk\u00e1ch najdete odkazy na dal\u0161\u00ed str\u00e1nky na internetu. U v\u0161ech t\u011bchto odkaz\u016f a banner\u016f nem\u00e1me \u017e\u00e1dn\u00fd vliv na design a obsah odkazovan\u00fdch str\u00e1nek. Proto nep\u0159eb\u00edr\u00e1me \u017e\u00e1dnou odpov\u011bdnost za obsah, design a p\u0159edpisy o ochran\u011b osobn\u00edch \u00fadaj\u016f t\u011bchto str\u00e1nek.<\/p>\n\n\n\n<p><b>Pou\u017e\u00edv\u00e1n\u00ed soubor\u016f cookie<br>\n<\/b>Existuje technika naz\u00fdvan\u00e1 \u201ecookies\u201c, kter\u00e1 umo\u017e\u0148uje p\u0159izp\u016fsobit informace z internetov\u00fdch str\u00e1nek va\u0161im pot\u0159eb\u00e1m. Soubor cookie je datov\u00fd prvek, kter\u00fd m\u016f\u017ee webov\u00e1 str\u00e1nka odeslat do va\u0161eho prohl\u00ed\u017ee\u010de, aby jej ulo\u017eila ve va\u0161em syst\u00e9mu.<\/p>\n\n\n\n<p>P\u0159\u00edle\u017eitostn\u011b pou\u017e\u00edv\u00e1me tak\u00e9 do\u010dasn\u00e9 soubory cookie, abychom v\u00e1s mohli efektivn\u011bji podporovat, kdy\u017e se na takovou webovou str\u00e1nku vr\u00e1t\u00edte. M\u00e1te v\u0161ak mo\u017enost nastavit sv\u016fj prohl\u00ed\u017ee\u010d tak, aby v\u00e1s informoval, kdy\u017e obdr\u017e\u00edte soubor cookie. Pak se m\u016f\u017eete sami rozhodnout, zda to p\u0159ijmete, nebo ne.<\/p>\n\n\n\n<p><i>Firefox (Windows):<\/i>&nbsp;\u2192N\u00e1stroje \u2192Nastaven\u00ed \u2192Soukrom\u00ed \u2192Vytvo\u0159en\u00ed historie po vlastn\u00edm nastaven\u00ed<br>\n<i>N\u00e1pov\u011bda k Firefoxu (Linux):<\/i>&nbsp;\u2192Upravit \u2192Nastaven\u00ed \u2192Soukrom\u00ed \u2192Vytvo\u0159it historii podle u\u017eivatelsky definovan\u00fdch nastaven\u00ed<br>\n<i>Internet Explorer:&nbsp;<\/i>\u2192Extras \u2192Mo\u017enosti internetu \u2192Soukrom\u00ed \u2192Pokro\u010dil\u00e9<\/p>\n\n\n\n<p><b>Piwik<\/b><b><br>\n<\/b>Tato webov\u00e1 str\u00e1nka pou\u017e\u00edv\u00e1 open source webovou analytickou slu\u017ebu Piwik, kter\u00e1 pou\u017e\u00edv\u00e1 tzv. \u201ecookies\u201c. Informace generovan\u00e9 souborem cookie o pou\u017e\u00edv\u00e1n\u00ed webov\u00fdch str\u00e1nek jsou ulo\u017eeny na na\u0161em serveru. IP adresa je p\u0159ed ulo\u017een\u00edm anonymizov\u00e1na.<\/p>\n\n\n\n<p>Ukl\u00e1d\u00e1n\u00ed soubor\u016f cookie m\u016f\u017ee b\u00fdt blokov\u00e1no nastaven\u00edm softwaru va\u0161eho prohl\u00ed\u017ee\u010de; Je v\u0161ak mo\u017en\u00e9, \u017ee ne v\u0161echny funkce t\u00e9to webov\u00e9 str\u00e1nky mohou b\u00fdt pou\u017eity.<\/p>\n\n\n\n<p><b>Pou\u017e\u00edv\u00e1n\u00ed tla\u010d\u00edtek soci\u00e1ln\u00edch m\u00e9di\u00ed s ochranou \u00fadaj\u016f (Shariff) pro Facebook, Twitter, Google+<\/b><br>\nPro sd\u00edlen\u00ed obsahu na Facebooku, Twitteru a Google+ pou\u017e\u00edv\u00e1me tzv. tla\u010d\u00edtka soci\u00e1ln\u00edch m\u00e9di\u00ed. Tato tla\u010d\u00edtka se zobrazuj\u00ed pod \u010dl\u00e1nky a lze je pou\u017e\u00edt k doporu\u010den\u00ed jednotliv\u00fdch \u010dl\u00e1nk\u016f na soci\u00e1ln\u00edch m\u00e9di\u00edch.\u00a0Tla\u010d\u00edtka se rovn\u011b\u017e pou\u017e\u00edvaj\u00ed k aktivaci zobrazen\u00ed kan\u00e1l\u016f Facebooku a Twitteru a jsou ozna\u010dena \u201eP\u0159ipojit k Facebooku\u201c a \u201eP\u0159ipojit k Twitteru\u201c.\u00a0Jakmile jsou tato tla\u010d\u00edtka aktivov\u00e1na, nav\u00e1\u017ee se spojen\u00ed se servery Facebooku, Twitteru nebo Google+ a u\u017eivatelsk\u00e1 data se p\u0159enesou na extern\u00ed servery.<\/p>\n\n\n\n<p>Dal\u0161\u00ed informace o&nbsp;<a href=\"http:\/\/www.heise.de\/ct\/artikel\/Shariff-Social-Media-Buttons-mit-Datenschutz-2467514.html\" target=\"_blank\" rel=\"noopener\">Iniciativa heise.de t\u00fdkaj\u00edc\u00ed se metody dvou kliknut\u00ed nazvan\u00e9 \u201eShariff\u201c<\/a><\/p>\n\n\n\n<p><a href=\"http:\/\/www.alles-bleibt-anders.org\/wp-content\/uploads\/2021\/11\/Datenschutzerklaerung_Social-Media.pdf\">Zde<\/a> Klikn\u011bte zde pro z\u00e1sady ochrany osobn\u00edch \u00fadaj\u016f pro na\u0161i str\u00e1nku na Facebooku.<\/p>\n\n\n\n<p><b>Integrace Google Maps<\/b><br>\nTato webov\u00e1 str\u00e1nka pou\u017e\u00edv\u00e1 Google Maps API pro vizu\u00e1ln\u00ed zobrazen\u00ed geografick\u00fdch informac\u00ed.\u00a0Google tak\u00e9 shroma\u017e\u010fuje \u00fadaje o n\u00e1v\u0161t\u011bvn\u00edc\u00edch webov\u00fdch str\u00e1nek, kter\u00e9 jsou n\u00e1sledn\u011b zpracov\u00e1v\u00e1ny a pou\u017e\u00edv\u00e1ny. Dal\u0161\u00ed informace o zpracov\u00e1n\u00ed \u00fadaj\u016f jsou pops\u00e1ny v Ozn\u00e1men\u00ed o ochran\u011b osobn\u00edch \u00fadaj\u016f spole\u010dnosti Google:&nbsp;<a href=\"https:\/\/www.google.com\/intl\/de\/policies\/privacy\/\" target=\"_blank\" rel=\"noopener\">www.google.com\/intl\/de\/policies\/privacy\/<\/a>.\u00a0V Centru ochrany osobn\u00edch \u00fadaj\u016f Google lze m\u011bnit a upravovat osobn\u00ed nastaven\u00ed.<\/p>\n\n\n\n<p>Dal\u0161\u00ed informace o tom, jak spravovat osobn\u00ed \u00fadaje p\u0159i pou\u017e\u00edv\u00e1n\u00ed produkt\u016f Google, naleznete na webov\u00fdch str\u00e1nk\u00e1ch provozovan\u00fdch spole\u010dnost\u00ed Google.&nbsp;<a href=\"http:\/\/www.dataliberation.org\/\" target=\"_blank\" rel=\"noopener\">http:\/\/www.dataliberation.org\/<\/a><\/p>\n\n\n\n<p><b>Vlo\u017een\u00e1 videa YouTube<\/b><br>\nTato webov\u00e1 str\u00e1nka pou\u017e\u00edv\u00e1 vlo\u017een\u00e1 videa YouTube.\u00a0V d\u016fsledku toho jsou cookies ji\u017e ulo\u017eeny v syst\u00e9mu u\u017eivatel\u016f p\u0159i p\u0159\u00edstupu na webovou str\u00e1nku.\u00a0Aby tomu bylo zabr\u00e1n\u011bno, mus\u00ed b\u00fdt blokov\u00e1n v nastaven\u00ed prohl\u00ed\u017ee\u010de.<br>\nDal\u0161\u00ed informace o zpracov\u00e1n\u00ed \u00fadaj\u016f a informace o ochran\u011b \u00fadaj\u016f ze strany YouTube (Google) naleznete na adrese&nbsp;<a href=\"http:\/\/www.google.de\/intl\/de\/policies\/privacy\/\" target=\"_blank\" rel=\"noopener\">www.google.de\/intl\/de\/policies\/privacy\/<\/a>.<\/p>\n\n\n\n<p><b>Vlo\u017een\u00e1 videa Vimeo<br>\n<\/b>Tato webov\u00e1 str\u00e1nka pou\u017e\u00edv\u00e1 integrovan\u00e1 videa Vimeo.\u00a0V\u00fdsledkem je, \u017ee cookies jsou ji\u017e ulo\u017eeny v syst\u00e9mu u\u017eivatel\u016f p\u0159i vyvol\u00e1n\u00ed str\u00e1nky.\u00a0Aby tomu bylo zabr\u00e1n\u011bno, mus\u00ed b\u00fdt blokov\u00e1n v nastaven\u00ed prohl\u00ed\u017ee\u010de.<br>\nDal\u0161\u00ed informace o zpracov\u00e1n\u00ed \u00fadaj\u016f a informace o ochran\u011b \u00fadaj\u016f spole\u010dnost\u00ed Vimeo naleznete na adrese&nbsp;<a href=\"https:\/\/vimeo.com\/privacy\" target=\"_blank\" rel=\"noopener\">https:\/\/vimeo.com\/privacy<\/a>.<\/p>","protected":false},"excerpt":{"rendered":"<p>B\u00dcNDNIS 90\/DIE GR\u00dcNEN Main-KinzigCalvinstra\u00dfe 1063450 Hanau E-mail:\u00a0kv@gruene-mkk.de Zastoupen\u00e1 okresn\u00edm vedouc\u00edm Anja Zeller, Beate Boege-Sonnek, Philip Schinkel, Steve Euler, Christine Dr\u00f6\u00dfler-Utecht, Matthias Kuponiyi-B\u00f6ff Odpov\u011bdn\u00fd ve smyslu \u00a7 5 Telemediengesetz (TMD):Mareike [...]<\/p>","protected":false},"author":1,"featured_media":0,"parent":0,"menu_order":0,"comment_status":"closed","ping_status":"open","template":"","meta":{"footnotes":""},"class_list":["post-3","page","type-page","status-publish","hentry"],"_links":{"self":[{"href":"https:\/\/www.gruene-mkk.de\/cs\/wp-json\/wp\/v2\/pages\/3","targetHints":{"allow":["GET"]}}],"collection":[{"href":"https:\/\/www.gruene-mkk.de\/cs\/wp-json\/wp\/v2\/pages"}],"about":[{"href":"https:\/\/www.gruene-mkk.de\/cs\/wp-json\/wp\/v2\/types\/page"}],"author":[{"embeddable":true,"href":"https:\/\/www.gruene-mkk.de\/cs\/wp-json\/wp\/v2\/users\/1"}],"replies":[{"embeddable":true,"href":"https:\/\/www.gruene-mkk.de\/cs\/wp-json\/wp\/v2\/comments?post=3"}],"version-history":[{"count":8,"href":"https:\/\/www.gruene-mkk.de\/cs\/wp-json\/wp\/v2\/pages\/3\/revisions"}],"predecessor-version":[{"id":3041,"href":"https:\/\/www.gruene-mkk.de\/cs\/wp-json\/wp\/v2\/pages\/3\/revisions\/3041"}],"wp:attachment":[{"href":"https:\/\/www.gruene-mkk.de\/cs\/wp-json\/wp\/v2\/media?parent=3"}],"curies":[{"name":"wp","href":"https:\/\/api.w.org\/{rel}","templated":true}]}}