{"id":192,"date":"2021-11-11T17:37:19","date_gmt":"2021-11-11T16:37:19","guid":{"rendered":"https:\/\/www.alles-bleibt-anders.org\/?page_id=192"},"modified":"2025-12-04T00:57:51","modified_gmt":"2025-12-03T23:57:51","slug":"gemeinden-ohne-gruen","status":"publish","type":"page","link":"https:\/\/www.gruene-mkk.de\/cs\/gruene-vor-ort\/gemeinden-ohne-gruen\/","title":{"rendered":"Obce bez zelen\u011b"},"content":{"rendered":"<div class=\"wp-block-cover is-light\" style=\"min-height:519px;aspect-ratio:unset;\"><img decoding=\"async\" class=\"wp-block-cover__image-background wp-image-621\" alt=\"\" src=\"http:\/\/www.alles-bleibt-anders.org\/wp-content\/uploads\/2021\/11\/facebook-titelbild-desktop-1.png\" data-object-fit=\"cover\"\/><span aria-hidden=\"true\" class=\"wp-block-cover__background has-background-dim-30 has-background-dim\"><\/span><div class=\"wp-block-cover__inner-container is-layout-flow wp-block-cover-is-layout-flow\">\n<h2 class=\"wp-block-heading has-text-align-center\" style=\"font-size:clamp(31.152px, 1.947rem + ((1vw - 3.2px) * 2.71), 55px);\">Obce bez zelen\u011b<\/h2>\n<\/div><\/div>\n\n\n\n<p><\/p>\n\n\n\n<p>V t\u011bchto obc\u00edch v sou\u010dasn\u00e9 dob\u011b neexistuj\u00ed \u017e\u00e1dn\u00ed zelen\u00ed nebo alespo\u0148 \u017e\u00e1dn\u00e1 m\u00edstn\u00ed sdru\u017een\u00ed:<\/p>\n\n\n\n<ul class=\"wp-block-list\">\n<li>Bad Soden-Salm\u00fcnster<\/li>\n\n\n\n<li>Birstein<\/li>\n\n\n\n<li>\u00fadol\u00ed Fl\u00f6rsbach<\/li>\n\n\n\n<li>Gr\u00fcndau<\/li>\n\n\n\n<li>Hasselroth<\/li>\n\n\n\n<li>Ronneburg<\/li>\n\n\n\n<li>Sinntal<\/li>\n\n\n\n<li>Steinau<\/li>\n<\/ul>\n\n\n\n<p><\/p>\n\n\n\n<div class=\"wp-block-group has-text-color has-background is-layout-flow wp-block-group-is-layout-flow\" style=\"color:#ffffff;background-color:#163c29\">\n<h2 class=\"wp-block-heading has-text-align-center\">Nem\u00e1te na sv\u00e9m m\u00edst\u011b je\u0161t\u011b \u017e\u00e1dnou m\u00edstn\u00ed asociaci?<\/h2>\n\n\n\n<p>Pokud \u017eijete v jedn\u00e9 z t\u011bchto komunit a chcete utv\u00e1\u0159et ekologickou, soci\u00e1ln\u00ed a udr\u017eitelnou politiku, pak jste na spr\u00e1vn\u00e9m m\u00edst\u011b.\u00a0R\u00e1di nav\u00e1\u017eeme spojen\u00ed s m\u00edstn\u00edm sdru\u017een\u00edm ve Va\u0161\u00ed oblasti a srde\u010dn\u011b V\u00e1s zveme na setk\u00e1n\u00ed \u010dlen\u016f na\u0161eho okresu.<\/p>\n\n\n\n<p>Pokud m\u00e1te z\u00e1jem o zalo\u017een\u00ed m\u00edstn\u00edho sdru\u017een\u00ed ve va\u0161\u00ed komunit\u011b, r\u00e1di v\u00e1s podpo\u0159\u00edme. Jsme v\u00e1m k dispozici pro dotazy t\u00fdkaj\u00edc\u00ed se nadace a poskytneme v\u00e1m v\u0161echny pot\u0159ebn\u00e9 informace, dokumenty a kontaktn\u00ed osoby.<\/p>\n\n\n\n<p><a href=\"#\" data-unscramble=\"ed.kkm-eneurg@vk\">Spojte se s n\u00e1mi!<\/a><\/p>\n\n\n\n<p>St\u00e1tn\u00ed sdru\u017een\u00ed Zelen\u00fdch v Hesensku ji\u017e shrom\u00e1\u017edilo n\u011bkter\u00e9 informace o procesu zakl\u00e1d\u00e1n\u00ed, dokumenty a \u0161ablony pro \u010dleny, kte\u0159\u00ed cht\u011bj\u00ed zalo\u017eit m\u00edstn\u00ed sdru\u017een\u00ed.<\/p>\n\n\n\n<p>V\u0161echny tyto informace naleznete zde v Zelen\u00e9m oblaku:&nbsp;<\/p>\n\n\n\n<div class=\"wp-block-buttons is-horizontal is-content-justification-center is-layout-flex wp-container-core-buttons-is-layout-499968f5 wp-block-buttons-is-layout-flex\">\n<div class=\"wp-block-button\"><a class=\"wp-block-button__link no-border-radius wp-element-button\" href=\"https:\/\/wolke.netzbegruenung.de\/f\/26850969\">Informace pro zakladatele*<\/a><\/div>\n<\/div>\n\n\n\n<p><em>* Budete pot\u0159ebovat p\u0159\u00edstup k zelen\u00e9 s\u00edti. Pokud m\u00e1te probl\u00e9my s p\u0159\u00edstupem k dokument\u016fm, kontaktujte n\u00e1s.<\/em><\/p>\n<\/div>\n\n\n\n<p><\/p>\n\n\n\n<h2 class=\"wp-block-heading\"><\/h2>","protected":false},"excerpt":{"rendered":"<p>V t\u011bchto obc\u00edch v sou\u010dasn\u00e9 dob\u011b neexistuj\u00ed \u017e\u00e1dn\u00ed zelen\u00ed nebo alespo\u0148 \u017e\u00e1dn\u00e1 m\u00edstn\u00ed sdru\u017een\u00ed: Nem\u00e1te na sv\u00e9m m\u00edst\u011b je\u0161t\u011b \u017e\u00e1dnou m\u00edstn\u00ed asociaci? Pokud \u017eijete v jedn\u00e9 z t\u011bchto komunit a chcete [...]<\/p>","protected":false},"author":2,"featured_media":0,"parent":152,"menu_order":0,"comment_status":"closed","ping_status":"closed","template":"","meta":{"footnotes":""},"class_list":["post-192","page","type-page","status-publish","hentry"],"_links":{"self":[{"href":"https:\/\/www.gruene-mkk.de\/cs\/wp-json\/wp\/v2\/pages\/192","targetHints":{"allow":["GET"]}}],"collection":[{"href":"https:\/\/www.gruene-mkk.de\/cs\/wp-json\/wp\/v2\/pages"}],"about":[{"href":"https:\/\/www.gruene-mkk.de\/cs\/wp-json\/wp\/v2\/types\/page"}],"author":[{"embeddable":true,"href":"https:\/\/www.gruene-mkk.de\/cs\/wp-json\/wp\/v2\/users\/2"}],"replies":[{"embeddable":true,"href":"https:\/\/www.gruene-mkk.de\/cs\/wp-json\/wp\/v2\/comments?post=192"}],"version-history":[{"count":15,"href":"https:\/\/www.gruene-mkk.de\/cs\/wp-json\/wp\/v2\/pages\/192\/revisions"}],"predecessor-version":[{"id":3042,"href":"https:\/\/www.gruene-mkk.de\/cs\/wp-json\/wp\/v2\/pages\/192\/revisions\/3042"}],"up":[{"embeddable":true,"href":"https:\/\/www.gruene-mkk.de\/cs\/wp-json\/wp\/v2\/pages\/152"}],"wp:attachment":[{"href":"https:\/\/www.gruene-mkk.de\/cs\/wp-json\/wp\/v2\/media?parent=192"}],"curies":[{"name":"wp","href":"https:\/\/api.w.org\/{rel}","templated":true}]}}